{"id":5645,"date":"2024-02-21T09:54:17","date_gmt":"2024-02-21T08:54:17","guid":{"rendered":"https:\/\/musee-contrefacon.com\/tarifs\/"},"modified":"2024-06-14T17:07:35","modified_gmt":"2024-06-14T15:07:35","slug":"prices","status":"publish","type":"page","link":"https:\/\/musee-contrefacon.com\/en\/prices\/","title":{"rendered":"Prices"},"content":{"rendered":"\r\n\r\n<section class=\"b-hero-sm bg-c2\" id='0704e315a32b72fd155fbe5f0ec7a488'>\r\n\t<div class=\"o-ctn\">\r\n\t\t<div class=\"b-hero-sm_wrp u-py5\">\r\n\t\t\t<header class=\"b-hero-sm_head\">\r\n\t\t\t\t<h1 class=\"b-hero-sm_ttl\" data-scroll data-scroll-repeat data-scroll-class=\"u-fade-up-1\" class=\"b-hero-sm_ttl\" data-scroll data-scroll-repeat data-scroll-class=\"u-fade-up-1\" id=\"prices\">Prices<\/h1>\r\n\t\t\t\t<p class=\"b-hero-sm_subttl\" data-scroll data-scroll-repeat data-scroll-class=\"u-fade-up-2\">Mus\u00e9e de la contrefa\u00e7on<\/p>\t\t\t<\/header>\r\n\t\t<\/div>\r\n\t<\/div>\r\n\t<\/section>\r\n<section class=\"b-breadcrumb\" data-scroll data-scroll-repeat data-scroll-class=\"u-fade\">\r\n\t<div class=\"o-ctn\"><ul class=\"g-crumb\"><\/span><li class='g-crumb_item'><a class=\"g-crumb_link\" href=\"https:\/\/musee-contrefacon.com\/en\/accueil\/\" >Accueil<\/a><\/li><\/span><\/ul><\/div>\r\n<\/section>\r\n\r\n\n\n\r\n\r\n<section class=\"b-text-media-md tpl-t1 bg-cw\" id='766869b36b796aec2a71b148f7069f7c'>\r\n\t<div class='o-ctn' data-scroll data-scroll-repeat data-scroll-class=\"u-fade\">\r\n\t\t<div class=\"row g-0 u-py5\">\r\n\r\n\t\t\r\n\t\t\t<div class=\"col-lg-6\" data-scroll data-scroll-repeat data-scroll-class=\"u-fade-right\">\r\n\r\n\t\t\t\t<div class=\"b-text-media-md__container\">\r\n\t\t\t\t\t\r\n\t\t\t\t\t\r\n\t\t\t\t\t<div class=\"b-text-media-md_swiper swiper\" >\r\n\t\t\t\t\t\t<div class=\"b-text-media-md_medias swiper-wrapper\">\r\n\t\t\t\t\t\t\t\t\t\t\t\t\t\t\t<div class=\"swiper-slide\">\r\n\t\t\t\t\t\t\t\t\t<figure class=\"b-text-media-md_figure rt-4x3 rt-full\">\r\n\t\t\t\t\t\t\t\t\t\t<img   decoding=\"async\" width=\"1920\" height=\"1920\" src=\"https:\/\/musee-contrefacon.com\/wp-content\/uploads\/2024\/02\/Vue-salle-4-fumoir-8.webp\" class=\"b-text-media-md_med\" alt=\"\" style=\"object-fit:cover\" srcset=\"https:\/\/musee-contrefacon.com\/wp-content\/uploads\/2024\/02\/Vue-salle-4-fumoir-8.webp 1920w, https:\/\/musee-contrefacon.com\/wp-content\/uploads\/2024\/02\/Vue-salle-4-fumoir-8-300x300.webp 300w, https:\/\/musee-contrefacon.com\/wp-content\/uploads\/2024\/02\/Vue-salle-4-fumoir-8-100x100.webp 100w, https:\/\/musee-contrefacon.com\/wp-content\/uploads\/2024\/02\/Vue-salle-4-fumoir-8-600x600.webp 600w, https:\/\/musee-contrefacon.com\/wp-content\/uploads\/2024\/02\/Vue-salle-4-fumoir-8-768x768.webp 768w, https:\/\/musee-contrefacon.com\/wp-content\/uploads\/2024\/02\/Vue-salle-4-fumoir-8-1024x1024.webp 1024w, https:\/\/musee-contrefacon.com\/wp-content\/uploads\/2024\/02\/Vue-salle-4-fumoir-8-380x380.webp 380w, https:\/\/musee-contrefacon.com\/wp-content\/uploads\/2024\/02\/Vue-salle-4-fumoir-8-1536x1536.webp 1536w\" sizes=\"auto, (max-width: 1920px) 100vw, 1920px\" \/>\t\t\t\t\t\t\t\t\t<\/figure>\r\n\t\t\t\t\t\t\t\t<\/div>\r\n\t\t\t\t\t\t\t\t\t\t\t\t\t<\/div>\r\n\t\t\t\t\t\t\t\t\t\t\t<\/div>\r\n\r\n\t\t\t\t\t\r\n\t\t\t\t<\/div>\r\n\r\n\t\t\t<\/div>\r\n\t\t\t<div class='col-lg-5' data-scroll data-scroll-repeat data-scroll-class=\"u-fade-left\">\r\n\t\t\t\t\t\t\t\t<div class=\"b-text-media-md_txt editor\"><h2 id=\"book-your-tickets\">Book your tickets<\/h2>\n<p>Full rate price: 6 euros<\/p>\n<p>Reduced rate price*: 5 euros<\/p>\n<p><a class=\"c-editor_btn\" href=\"https:\/\/musee-contrefacon.com\/billetterie\/\">Billetterie<\/a><\/p>\n<p>&nbsp;<\/p>\n<p>It is possible to buy your ticket on site.<\/p>\n<p><span style=\"color: #1cb6f7;\">Payment methods:<\/span> Cash, Visa and Mastercard cards, checks.<\/p>\n<p>&nbsp;<\/p>\n<\/div>\r\n\t\t\t<\/div>\r\n\t\t<\/div>\r\n\t<\/div>\r\n<\/section>\r\n\r\n\n\n\r\n\r\n<section class=\"b-tinymce u-py4 bg-c1 column1\" id='c64b5172706b93724d03dab41db65626'>\r\n\t<div class=\"o-ctn\" data-scroll data-scroll-repeat data-scroll-class=\"u-fade-up\">\r\n\t\t\r\n\t\t\t\r\n\t\t\t<div class=\"row g-2\">\r\n\t\t\t\t<div class=\"col-lg-9\">\r\n\t\t\t\t\t<div class=\"b-tinymce_txt editor\"><h3 id=\"reductions-and-exemptions\">Reductions*&nbsp;and exemptions**<\/h3>\n<p>Sur pr\u00e9sentation d\u2019un justificatif en cours de validit\u00e9 \u00e0 l&#8217;entr\u00e9e du mus\u00e9e<\/p>\n<h4 id=\"\">&nbsp;<\/h4>\n<h4 id=\"reductions\">Reductions*<\/h4>\n<ul>\n<li>Students &amp; Under 25 years olds<\/li>\n<li>Over 65 years olds<\/li>\n<\/ul>\n<hr \/>\n<h4 id=\"exemptions\">exemptions**<\/h4>\n<ul>\n<li>Children under 12 years old<\/li>\n<li>Press<\/li>\n<li>Disabled visitors<\/li>\n<li>ICOM Members<\/li>\n<li>Customs officer &amp; Police officer in activity<\/li>\n<\/ul>\n<\/div>\r\n\t\t\t\t<\/div>\r\n\t\t\t\t\t\t\t<\/div>\r\n\r\n\t<\/div>\r\n<\/section>\r\n\r\n","protected":false},"excerpt":{"rendered":"","protected":false},"author":8,"featured_media":0,"parent":0,"menu_order":0,"comment_status":"closed","ping_status":"closed","template":"","meta":{"_acf_changed":false,"inline_featured_image":false,"footnotes":""},"class_list":["post-5645","page","type-page","status-publish","hentry"],"acf":[],"yoast_head":"<!-- This site is optimized with the Yoast SEO plugin v27.4 - https:\/\/yoast.com\/product\/yoast-seo-wordpress\/ -->\n<title>Mus\u00e9e de la contrefa\u00e7on<\/title>\n<meta name=\"robots\" content=\"index, follow, max-snippet:-1, max-image-preview:large, max-video-preview:-1\" \/>\n<link rel=\"canonical\" href=\"https:\/\/musee-contrefacon.com\/en\/prices\/\" \/>\n<meta property=\"og:locale\" content=\"en_US\" \/>\n<meta property=\"og:type\" content=\"article\" \/>\n<meta property=\"og:title\" content=\"Prices - Mus\u00e9e de la contrefa\u00e7on\" \/>\n<meta property=\"og:url\" content=\"https:\/\/musee-contrefacon.com\/en\/prices\/\" \/>\n<meta property=\"og:site_name\" content=\"Mus\u00e9e de la contrefa\u00e7on\" \/>\n<meta property=\"article:modified_time\" content=\"2024-06-14T15:07:35+00:00\" \/>\n<meta name=\"twitter:card\" content=\"summary_large_image\" \/>\n<script type=\"application\/ld+json\" class=\"yoast-schema-graph\">{\"@context\":\"https:\\\/\\\/schema.org\",\"@graph\":[{\"@type\":\"WebPage\",\"@id\":\"https:\\\/\\\/musee-contrefacon.com\\\/en\\\/prices\\\/\",\"url\":\"https:\\\/\\\/musee-contrefacon.com\\\/en\\\/prices\\\/\",\"name\":\"Prices - Mus\u00e9e de la contrefa\u00e7on\",\"isPartOf\":{\"@id\":\"https:\\\/\\\/musee-contrefacon.com\\\/en\\\/#website\"},\"datePublished\":\"2024-02-21T08:54:17+00:00\",\"dateModified\":\"2024-06-14T15:07:35+00:00\",\"breadcrumb\":{\"@id\":\"https:\\\/\\\/musee-contrefacon.com\\\/en\\\/prices\\\/#breadcrumb\"},\"inLanguage\":\"en-US\",\"potentialAction\":[{\"@type\":\"ReadAction\",\"target\":[\"https:\\\/\\\/musee-contrefacon.com\\\/en\\\/prices\\\/\"]}]},{\"@type\":\"BreadcrumbList\",\"@id\":\"https:\\\/\\\/musee-contrefacon.com\\\/en\\\/prices\\\/#breadcrumb\",\"itemListElement\":[{\"@type\":\"ListItem\",\"position\":1,\"name\":\"Accueil\",\"item\":\"https:\\\/\\\/musee-contrefacon.com\\\/en\\\/accueil\\\/\"},{\"@type\":\"ListItem\",\"position\":2,\"name\":\"Prices\"}]},{\"@type\":\"WebSite\",\"@id\":\"https:\\\/\\\/musee-contrefacon.com\\\/en\\\/#website\",\"url\":\"https:\\\/\\\/musee-contrefacon.com\\\/en\\\/\",\"name\":\"Mus\u00e9e de la contrefa\u00e7on\",\"description\":\"Le mus\u00e9e de l&#039;Union des Fabricants\",\"publisher\":{\"@id\":\"https:\\\/\\\/musee-contrefacon.com\\\/en\\\/#organization\"},\"potentialAction\":[{\"@type\":\"SearchAction\",\"target\":{\"@type\":\"EntryPoint\",\"urlTemplate\":\"https:\\\/\\\/musee-contrefacon.com\\\/en\\\/?s={search_term_string}\"},\"query-input\":{\"@type\":\"PropertyValueSpecification\",\"valueRequired\":true,\"valueName\":\"search_term_string\"}}],\"inLanguage\":\"en-US\"},{\"@type\":\"Organization\",\"@id\":\"https:\\\/\\\/musee-contrefacon.com\\\/en\\\/#organization\",\"name\":\"Mus\u00e9e de la contrefa\u00e7on\",\"url\":\"https:\\\/\\\/musee-contrefacon.com\\\/en\\\/\",\"logo\":{\"@type\":\"ImageObject\",\"inLanguage\":\"en-US\",\"@id\":\"https:\\\/\\\/musee-contrefacon.com\\\/en\\\/#\\\/schema\\\/logo\\\/image\\\/\",\"url\":\"https:\\\/\\\/musee-contrefacon.com\\\/wp-content\\\/uploads\\\/2023\\\/05\\\/fk_logo_full_rvb.svg\",\"contentUrl\":\"https:\\\/\\\/musee-contrefacon.com\\\/wp-content\\\/uploads\\\/2023\\\/05\\\/fk_logo_full_rvb.svg\",\"caption\":\"Mus\u00e9e de la contrefa\u00e7on\"},\"image\":{\"@id\":\"https:\\\/\\\/musee-contrefacon.com\\\/en\\\/#\\\/schema\\\/logo\\\/image\\\/\"}}]}<\/script>\n<!-- \/ Yoast SEO plugin. -->","yoast_head_json":{"title":"Mus\u00e9e de la contrefa\u00e7on","robots":{"index":"index","follow":"follow","max-snippet":"max-snippet:-1","max-image-preview":"max-image-preview:large","max-video-preview":"max-video-preview:-1"},"canonical":"https:\/\/musee-contrefacon.com\/en\/prices\/","og_locale":"en_US","og_type":"article","og_title":"Prices - Mus\u00e9e de la contrefa\u00e7on","og_url":"https:\/\/musee-contrefacon.com\/en\/prices\/","og_site_name":"Mus\u00e9e de la contrefa\u00e7on","article_modified_time":"2024-06-14T15:07:35+00:00","twitter_card":"summary_large_image","schema":{"@context":"https:\/\/schema.org","@graph":[{"@type":"WebPage","@id":"https:\/\/musee-contrefacon.com\/en\/prices\/","url":"https:\/\/musee-contrefacon.com\/en\/prices\/","name":"Prices - Mus\u00e9e de la contrefa\u00e7on","isPartOf":{"@id":"https:\/\/musee-contrefacon.com\/en\/#website"},"datePublished":"2024-02-21T08:54:17+00:00","dateModified":"2024-06-14T15:07:35+00:00","breadcrumb":{"@id":"https:\/\/musee-contrefacon.com\/en\/prices\/#breadcrumb"},"inLanguage":"en-US","potentialAction":[{"@type":"ReadAction","target":["https:\/\/musee-contrefacon.com\/en\/prices\/"]}]},{"@type":"BreadcrumbList","@id":"https:\/\/musee-contrefacon.com\/en\/prices\/#breadcrumb","itemListElement":[{"@type":"ListItem","position":1,"name":"Accueil","item":"https:\/\/musee-contrefacon.com\/en\/accueil\/"},{"@type":"ListItem","position":2,"name":"Prices"}]},{"@type":"WebSite","@id":"https:\/\/musee-contrefacon.com\/en\/#website","url":"https:\/\/musee-contrefacon.com\/en\/","name":"Mus\u00e9e de la contrefa\u00e7on","description":"Le mus\u00e9e de l&#039;Union des Fabricants","publisher":{"@id":"https:\/\/musee-contrefacon.com\/en\/#organization"},"potentialAction":[{"@type":"SearchAction","target":{"@type":"EntryPoint","urlTemplate":"https:\/\/musee-contrefacon.com\/en\/?s={search_term_string}"},"query-input":{"@type":"PropertyValueSpecification","valueRequired":true,"valueName":"search_term_string"}}],"inLanguage":"en-US"},{"@type":"Organization","@id":"https:\/\/musee-contrefacon.com\/en\/#organization","name":"Mus\u00e9e de la contrefa\u00e7on","url":"https:\/\/musee-contrefacon.com\/en\/","logo":{"@type":"ImageObject","inLanguage":"en-US","@id":"https:\/\/musee-contrefacon.com\/en\/#\/schema\/logo\/image\/","url":"https:\/\/musee-contrefacon.com\/wp-content\/uploads\/2023\/05\/fk_logo_full_rvb.svg","contentUrl":"https:\/\/musee-contrefacon.com\/wp-content\/uploads\/2023\/05\/fk_logo_full_rvb.svg","caption":"Mus\u00e9e de la contrefa\u00e7on"},"image":{"@id":"https:\/\/musee-contrefacon.com\/en\/#\/schema\/logo\/image\/"}}]}},"_links":{"self":[{"href":"https:\/\/musee-contrefacon.com\/en\/wp-json\/wp\/v2\/pages\/5645","targetHints":{"allow":["GET"]}}],"collection":[{"href":"https:\/\/musee-contrefacon.com\/en\/wp-json\/wp\/v2\/pages"}],"about":[{"href":"https:\/\/musee-contrefacon.com\/en\/wp-json\/wp\/v2\/types\/page"}],"author":[{"embeddable":true,"href":"https:\/\/musee-contrefacon.com\/en\/wp-json\/wp\/v2\/users\/8"}],"replies":[{"embeddable":true,"href":"https:\/\/musee-contrefacon.com\/en\/wp-json\/wp\/v2\/comments?post=5645"}],"version-history":[{"count":3,"href":"https:\/\/musee-contrefacon.com\/en\/wp-json\/wp\/v2\/pages\/5645\/revisions"}],"predecessor-version":[{"id":6784,"href":"https:\/\/musee-contrefacon.com\/en\/wp-json\/wp\/v2\/pages\/5645\/revisions\/6784"}],"wp:attachment":[{"href":"https:\/\/musee-contrefacon.com\/en\/wp-json\/wp\/v2\/media?parent=5645"}],"curies":[{"name":"wp","href":"https:\/\/api.w.org\/{rel}","templated":true}]}}