{"id":6754,"date":"2024-02-08T18:31:15","date_gmt":"2024-02-08T17:31:15","guid":{"rendered":"https:\/\/musee-contrefacon.com\/les-collections\/"},"modified":"2024-06-17T14:34:52","modified_gmt":"2024-06-17T12:34:52","slug":"the-collections","status":"publish","type":"page","link":"https:\/\/musee-contrefacon.com\/en\/the-collections\/","title":{"rendered":"The Collections"},"content":{"rendered":"\r\n\r\n<section class=\"b-hero-sm bg-c1\" id='2d28741938ff838a2f982d904aa91962'>\r\n\t<div class=\"o-ctn\">\r\n\t\t<div class=\"b-hero-sm_wrp u-py5\">\r\n\t\t\t<header class=\"b-hero-sm_head\">\r\n\t\t\t\t<h1 class=\"b-hero-sm_ttl\" data-scroll data-scroll-repeat data-scroll-class=\"u-fade-up-1\" class=\"b-hero-sm_ttl\" data-scroll data-scroll-repeat data-scroll-class=\"u-fade-up-1\" id=\"the-collections\">The collections<\/h1>\r\n\t\t\t\t<p class=\"b-hero-sm_subttl\" data-scroll data-scroll-repeat data-scroll-class=\"u-fade-up-2\">The only museum that exhibits fakes!<\/p>\t\t\t<\/header>\r\n\t\t<\/div>\r\n\t<\/div>\r\n\t<\/section>\r\n<section class=\"b-breadcrumb\" data-scroll data-scroll-repeat data-scroll-class=\"u-fade\">\r\n\t<div class=\"o-ctn\"><ul class=\"g-crumb\"><\/span><li class='g-crumb_item'><a class=\"g-crumb_link\" href=\"https:\/\/musee-contrefacon.com\/en\/accueil\/\" >Accueil<\/a><\/li><\/span><\/ul><\/div>\r\n<\/section>\r\n\r\n\n\n\r\n\r\n<section class=\"b-tinymce u-py4 bg-cw column1\" id='0fc500a3769e3699f9e15d5766d6263f'>\r\n\t<div class=\"o-ctn\" data-scroll data-scroll-repeat data-scroll-class=\"u-fade-up\">\r\n\t\t\r\n\t\t\t\r\n\t\t\t<div class=\"row g-2\">\r\n\t\t\t\t<div class=\"col-lg-9\">\r\n\t\t\t\t\t<div class=\"b-tinymce_txt editor\"><h2 style=\"text-align: center;\" style=\"text-align: center;\" id=\"discover-our-collections\">Discover our collections<\/h2>\n<p style=\"text-align: center;\">The museum exposes three exceptional collections which draw a complete panorama of counterfeiting:<\/p>\n<p style=\"text-align: center;\">The industrial collection, the historic background and the artistic collection.<\/p>\n<\/div>\r\n\t\t\t\t<\/div>\r\n\t\t\t\t\t\t\t<\/div>\r\n\r\n\t<\/div>\r\n<\/section>\r\n\r\n\n\n\r\n\r\n<section class=\"b-text-media-md tpl-t1 bg-c2\" id='2f3264b41e31f32490ce225e2dd40ad4'>\r\n\t<div class='o-ctn' data-scroll data-scroll-repeat data-scroll-class=\"u-fade\">\r\n\t\t<div class=\"row g-0 u-py5\">\r\n\r\n\t\t\r\n\t\t\t<div class=\"col-lg-6\" data-scroll data-scroll-repeat data-scroll-class=\"u-fade-right\">\r\n\r\n\t\t\t\t<div class=\"b-text-media-md__container\">\r\n\t\t\t\t\t\t\t\t\t\t<div class=\"b-text-media-lg_medias__animation top-left\" data-scroll data-scroll-delay=\"500\" data-scroll-repeat data-scroll-class=\"u-fade-left\"\r\n\t\t\t\t\t\tstyle=\"\r\n\t\t\t\t\t\t\tbackground-image: url('https:\/\/musee-contrefacon.com\/wp-content\/uploads\/2024\/03\/yeux.png');\r\n\t\t\t\t\t\t\twidth: 175px;\r\n\t\t\t\t\t\t\theight: 133px;\r\n\t\t\t\t\t\t\tleft: -87.5px;\r\n\t\t\t\t\t\t\ttop : -66.5px;\"\r\n\t\t\t\t\t>\r\n\t\t\t\t\t<\/div>\r\n\t\t\t\t\t\r\n\t\t\t\t\t\r\n\t\t\t\t\t<div class=\"b-text-media-md_swiper swiper\" >\r\n\t\t\t\t\t\t<div class=\"b-text-media-md_medias swiper-wrapper\">\r\n\t\t\t\t\t\t\t\t\t\t\t\t\t\t\t<div class=\"swiper-slide\">\r\n\t\t\t\t\t\t\t\t\t<figure class=\"b-text-media-md_figure rt-4x3 rt-full\">\r\n\t\t\t\t\t\t\t\t\t\t<img   decoding=\"async\" width=\"1920\" height=\"1277\" src=\"https:\/\/musee-contrefacon.com\/wp-content\/uploads\/2024\/03\/Vue-salle-1-9.jpg\" class=\"b-text-media-md_med\" alt=\"\" style=\"object-fit:cover\" srcset=\"https:\/\/musee-contrefacon.com\/wp-content\/uploads\/2024\/03\/Vue-salle-1-9.jpg 1920w, https:\/\/musee-contrefacon.com\/wp-content\/uploads\/2024\/03\/Vue-salle-1-9-600x399.jpg 600w, https:\/\/musee-contrefacon.com\/wp-content\/uploads\/2024\/03\/Vue-salle-1-9-768x511.jpg 768w, https:\/\/musee-contrefacon.com\/wp-content\/uploads\/2024\/03\/Vue-salle-1-9-1024x681.jpg 1024w, https:\/\/musee-contrefacon.com\/wp-content\/uploads\/2024\/03\/Vue-salle-1-9-1536x1022.jpg 1536w\" sizes=\"auto, (max-width: 1920px) 100vw, 1920px\" \/>\t\t\t\t\t\t\t\t\t<\/figure>\r\n\t\t\t\t\t\t\t\t<\/div>\r\n\t\t\t\t\t\t\t\t\t\t\t\t\t<\/div>\r\n\t\t\t\t\t\t\t\t\t\t\t<\/div>\r\n\r\n\t\t\t\t\t\t\t\t\t\t<div class=\"c-texte-decoration bottom-right\" data-scroll data-scroll-repeat data-scroll-class=\"u-fade-up\" >\r\n\t\t\t\t\t\t<div class=\"c-texte-decoration_elem\">\r\n\t\t\t\t\t\t<div class=\"c-texte-decoration_elem_arrow\">\r\n\t\t\t\t\t\t\t<img decoding=\"async\" src=\"https:\/\/musee-contrefacon.com\/wp-content\/themes\/fkagency\/assets\/img\/vignette-texte-arrow-bottom-right.png\" alt=\"\">\r\n\t\t\t\t\t\t<\/div>\r\n\t\t\t\t\t\t<div class=\"c-texte-decoration_elem_texte\">\r\n\t\t\t\t\t\tDiscover the industrial collection\t\t\t\t\t\t<\/div>\r\n\t\t\t\t\t\t<\/div>\r\n\t\t\t\t\t<\/div>\r\n\t\t\t\t\t\r\n\t\t\t\t<\/div>\r\n\r\n\t\t\t<\/div>\r\n\t\t\t<div class='col-lg-5' data-scroll data-scroll-repeat data-scroll-class=\"u-fade-left\">\r\n\t\t\t\t\t\t\t\t<div class=\"b-text-media-lg_subtxt\"><div class=\"ico-star\" style=\"background-image: url('https:\/\/musee-contrefacon.com\/wp-content\/themes\/fkagency\/assets\/svg\/ico-star-red.svg');\"><\/div>Collection<\/div>\r\n\t\t\t\t\t\t\t\t<div class=\"b-text-media-md_txt editor\"><h2 id=\"industrial\">industrial<\/h2>\n<p>The collection of the museum is historically made up of pairs of real and fake items resulting from counterfeiting cases encountered by members of the association. In the interest of representativeness, objects are collected in all sectors of activity.<\/p>\n<p>By nature, counterfeiting takes various forms: type of infringement, degree of faulty workmanship, level of falsification, method of manufacture. The museum takes these aspects into consideration so that all are represented in its collection.<\/p>\n<p>In order to meet the objective of contemporary illustration of the phenomenon, the content of the collection is regularly enriched with recent examples, via the deposit of samples of seizures by the authorities or donations from rights holders and e-platforms.<\/p>\n<\/div>\r\n\t\t\t<\/div>\r\n\t\t<\/div>\r\n\t<\/div>\r\n<\/section>\r\n\r\n\n\n\r\n\r\n<section class=\"b-text-media-md tpl-t2 bg-cw\" id='95bcb2af6cf66486baee893dc124df25'>\r\n\t<div class='o-ctn' data-scroll data-scroll-repeat data-scroll-class=\"u-fade\">\r\n\t\t<div class=\"row g-0 u-py5\">\r\n\r\n\t\t\r\n\t\t\t<div class=\"col-lg-6\" data-scroll data-scroll-repeat data-scroll-class=\"u-fade-right\">\r\n\r\n\t\t\t\t<div class=\"b-text-media-md__container\">\r\n\t\t\t\t\t\t\t\t\t\t<div class=\"b-text-media-lg_medias__animation top-left\" data-scroll data-scroll-delay=\"500\" data-scroll-repeat data-scroll-class=\"u-fade-left\"\r\n\t\t\t\t\t\tstyle=\"\r\n\t\t\t\t\t\t\tbackground-image: url('https:\/\/musee-contrefacon.com\/wp-content\/uploads\/2024\/03\/pale-copie.png');\r\n\t\t\t\t\t\t\twidth: 207px;\r\n\t\t\t\t\t\t\theight: 190px;\r\n\t\t\t\t\t\t\tleft: -103.5px;\r\n\t\t\t\t\t\t\ttop : -95px;\"\r\n\t\t\t\t\t>\r\n\t\t\t\t\t<\/div>\r\n\t\t\t\t\t\r\n\t\t\t\t\t\r\n\t\t\t\t\t<div class=\"b-text-media-md_swiper swiper\" >\r\n\t\t\t\t\t\t<div class=\"b-text-media-md_medias swiper-wrapper\">\r\n\t\t\t\t\t\t\t\t\t\t\t\t\t\t\t<div class=\"swiper-slide\">\r\n\t\t\t\t\t\t\t\t\t<figure class=\"b-text-media-md_figure rt-4x3 rt-full\">\r\n\t\t\t\t\t\t\t\t\t\t<img   decoding=\"async\" width=\"1200\" height=\"900\" src=\"https:\/\/musee-contrefacon.com\/wp-content\/uploads\/2024\/02\/collection-historique.webp\" class=\"b-text-media-md_med\" alt=\"\" style=\"object-fit:cover\" srcset=\"https:\/\/musee-contrefacon.com\/wp-content\/uploads\/2024\/02\/collection-historique.webp 1200w, https:\/\/musee-contrefacon.com\/wp-content\/uploads\/2024\/02\/collection-historique-600x450.webp 600w, https:\/\/musee-contrefacon.com\/wp-content\/uploads\/2024\/02\/collection-historique-768x576.webp 768w, https:\/\/musee-contrefacon.com\/wp-content\/uploads\/2024\/02\/collection-historique-1024x768.webp 1024w\" sizes=\"auto, (max-width: 1200px) 100vw, 1200px\" \/>\t\t\t\t\t\t\t\t\t<\/figure>\r\n\t\t\t\t\t\t\t\t<\/div>\r\n\t\t\t\t\t\t\t\t\t\t\t\t\t<\/div>\r\n\t\t\t\t\t\t\t\t\t\t\t<\/div>\r\n\r\n\t\t\t\t\t\r\n\t\t\t\t<\/div>\r\n\r\n\t\t\t<\/div>\r\n\t\t\t<div class='col-lg-5' data-scroll data-scroll-repeat data-scroll-class=\"u-fade-left\">\r\n\t\t\t\t\t\t\t\t<div class=\"b-text-media-lg_subtxt\"><div class=\"ico-star\" style=\"background-image: url('https:\/\/musee-contrefacon.com\/wp-content\/themes\/fkagency\/assets\/svg\/ico-star-blue.svg');\"><\/div>Collection<\/div>\r\n\t\t\t\t\t\t\t\t<div class=\"b-text-media-md_txt editor\"><h2 class=\"elementor-heading-title elementor-size-default\" class=\"elementor-heading-title elementor-size-default\" id=\"historic\">historic<\/h2>\n<p>As the only institution in the world dedicated to counterfeiting, the museum also fulfills a duty of memory on the evolution of counterfeiting. Its role is therefore also fulfilled in the collection and conservation of data and historical objects.<\/p>\n<p>From Gallo-Roman amphorae to counterfeits of star objects from the 1980s such as the Game Boy or the audio cassette, the Museum thus bears witness to the history of the brands.<\/p>\n<p>Finally, the museum preserves the UNIFAB archives which represent a part of the history of intellectual property rights, in particular its registered trademark registers, predating the creation of the INPI in 1951.<\/p>\n<\/div>\r\n\t\t\t<\/div>\r\n\t\t<\/div>\r\n\t<\/div>\r\n<\/section>\r\n\r\n\n\n\r\n\r\n<section class=\"b-text-media-md tpl-t1 bg-c3\" id='30cc83fcac39b57e87977d7aee50cabb'>\r\n\t<div class='o-ctn' data-scroll data-scroll-repeat data-scroll-class=\"u-fade\">\r\n\t\t<div class=\"row g-0 u-py5\">\r\n\r\n\t\t\r\n\t\t\t<div class=\"col-lg-6\" data-scroll data-scroll-repeat data-scroll-class=\"u-fade-right\">\r\n\r\n\t\t\t\t<div class=\"b-text-media-md__container\">\r\n\t\t\t\t\t\t\t\t\t\t<div class=\"b-text-media-lg_medias__animation top-right\" data-scroll data-scroll-delay=\"500\" data-scroll-repeat data-scroll-class=\"u-fade-right\"\r\n\t\t\t\t\t\tstyle=\"\r\n\t\t\t\t\t\t\tbackground-image: url('https:\/\/musee-contrefacon.com\/wp-content\/uploads\/2024\/03\/be-authentic.png');\r\n\t\t\t\t\t\t\twidth: 193px;\r\n\t\t\t\t\t\t\theight: 120px;\r\n\t\t\t\t\t\t\tright: -96.5px;\r\n\t\t\t\t\t\t\ttop : -60px;\"\r\n\t\t\t\t\t>\r\n\t\t\t\t\t<\/div>\r\n\t\t\t\t\t\r\n\t\t\t\t\t\r\n\t\t\t\t\t<div class=\"b-text-media-md_swiper swiper\" >\r\n\t\t\t\t\t\t<div class=\"b-text-media-md_medias swiper-wrapper\">\r\n\t\t\t\t\t\t\t\t\t\t\t\t\t\t\t<div class=\"swiper-slide\">\r\n\t\t\t\t\t\t\t\t\t<figure class=\"b-text-media-md_figure rt-4x3 rt-full\">\r\n\t\t\t\t\t\t\t\t\t\t<img loading=\"lazy\" decoding=\"async\" width=\"1200\" height=\"900\" src=\"https:\/\/musee-contrefacon.com\/wp-content\/uploads\/2024\/02\/collection-artistique.webp\" class=\"b-text-media-md_med\" alt=\"\" style=\"object-fit:cover\" srcset=\"https:\/\/musee-contrefacon.com\/wp-content\/uploads\/2024\/02\/collection-artistique.webp 1200w, https:\/\/musee-contrefacon.com\/wp-content\/uploads\/2024\/02\/collection-artistique-600x450.webp 600w, https:\/\/musee-contrefacon.com\/wp-content\/uploads\/2024\/02\/collection-artistique-768x576.webp 768w, https:\/\/musee-contrefacon.com\/wp-content\/uploads\/2024\/02\/collection-artistique-1024x768.webp 1024w\" sizes=\"auto, (max-width: 1200px) 100vw, 1200px\" \/>\t\t\t\t\t\t\t\t\t<\/figure>\r\n\t\t\t\t\t\t\t\t<\/div>\r\n\t\t\t\t\t\t\t\t\t\t\t\t\t<\/div>\r\n\t\t\t\t\t\t\t\t\t\t\t<\/div>\r\n\r\n\t\t\t\t\t\r\n\t\t\t\t<\/div>\r\n\r\n\t\t\t<\/div>\r\n\t\t\t<div class='col-lg-5' data-scroll data-scroll-repeat data-scroll-class=\"u-fade-left\">\r\n\t\t\t\t\t\t\t\t<div class=\"b-text-media-lg_subtxt\"><div class=\"ico-star\" style=\"background-image: url('https:\/\/musee-contrefacon.com\/wp-content\/themes\/fkagency\/assets\/svg\/ico-star-yellow.svg');\"><\/div>Collection<\/div>\r\n\t\t\t\t\t\t\t\t<div class=\"b-text-media-md_txt editor\"><h2 class=\"elementor-heading-title elementor-size-default\" class=\"elementor-heading-title elementor-size-default\" id=\"artistic\">artistic<\/h2>\n<p>In the former smokehouse of the private mansion with carved wood decor, the collection of artistic forgeries brings together several dozen paintings, sculptures, drawings and art items, all withdrawn from the art market for their fraudulent nature.<\/p>\n<p>Through these examples, you will learn more about the various aspects of artistic fraud, and will discover the means of expertise used to authenticate works of art.<\/p>\n<\/div>\r\n\t\t\t<\/div>\r\n\t\t<\/div>\r\n\t<\/div>\r\n<\/section>\r\n\r\n\n\n\r\n\r\n<section class=\"b-accordion u-py4 bg-cw\" id='6a5adb38d15e47b5972635ead8e9ecd0'>\r\n\t<div class=\"o-ctn\">\r\n\t\t<header class=\"b-accordion_header editor\"><h2 style=\"text-align: center;\" style=\"text-align: center;\" id=\"exposing-counterfeits-in-a-museum-does-not-go-without-saying\">Exposing counterfeits in a museum does not go without saying.<\/h2>\n<p style=\"text-align: center;\">They are indeed illicit goods, which are normally destined to end up in the shredder crusher or under the steamroller. Before they reach this final fate, the Counterfeit Museum takes a few samples from the seized counterfeits to exhibit them for educational purposes.<\/p>\n<\/header>\t\t\t<div class=\"b-accordion_items\" x-data=\"{el:null}\">\r\n\t\t\t\t\r\n<article class='c-accordion bg-cw has-url' :class=\"{'collapsed':el==0}\" data-scroll data-scroll-repeat data-scroll-class=\"u-fade-up\">\r\n\t<h3 class=\"c-accordion_ttl\">\r\n\t\t<a class=\"c-accordion_link\" href=\"#\"><span>Acquiring counterfeits?<\/span><\/a>\r\n\t\t<button class=\"c-accordion_button\" @click=\"el!==0?el=0:el=null\">\r\n\t\t\t<span class=\"u-sr-only\">D\u00e9plier le contenu de Acquiring counterfeits?<\/span>\r\n\t\t<\/button>\t\t\t\t\t\t\t\t\t\t\t\t\r\n\t<\/h3>\r\n\t<div class=\"c-accordion_panel\" x-ref=\"container0\" x-bind:style=\"el==0?'max-height:'+$refs.container0.scrollHeight+'px':''\">\r\n\t\t<div class=\"c-accordion_txt editor\"><p>Buying counterfeits is illegal and the Counterfeit Museum obviously abides by this rule: we do not buy counterfeits even to put them in the museum! The majority of counterfeits exhibited in the museum come from seizures by Customs or Police agents. We regularly call on these players in the fight against counterfeiting to update our collection.<\/p>\n<p>Some companies that are victims of counterfeiting provide us with counterfeit samples, appraised by their own Legal Department. These are generally member companies of the <a href=\"https:\/\/musee-contrefacon.com\/en\/union-des-fabricants\/\">Union des Fabricants<\/a>.<\/p>\n<p>Finally, our association&#8217;s partner online sales platforms can also give us counterfeit goods intercepted during fraudulent transactions.<\/p>\n<p>Enfin, les plateformes de vente en ligne partenaires de notre association peuvent \u00e9galement nous remettre des marchandises contrefaisantes intercept\u00e9es lors de transactions frauduleuses.<\/p>\n<\/div>\t<\/div>\r\n<\/article>\r\n\r\n<article class='c-accordion bg-cw has-url' :class=\"{'collapsed':el==1}\" data-scroll data-scroll-repeat data-scroll-class=\"u-fade-up\">\r\n\t<h3 class=\"c-accordion_ttl\">\r\n\t\t<a class=\"c-accordion_link\" href=\"#\"><span>Exposing original items?<\/span><\/a>\r\n\t\t<button class=\"c-accordion_button\" @click=\"el!==1?el=1:el=null\">\r\n\t\t\t<span class=\"u-sr-only\">D\u00e9plier le contenu de Exposing original items?<\/span>\r\n\t\t<\/button>\t\t\t\t\t\t\t\t\t\t\t\t\r\n\t<\/h3>\r\n\t<div class=\"c-accordion_panel\" x-ref=\"container1\" x-bind:style=\"el==1?'max-height:'+$refs.container1.scrollHeight+'px':''\">\r\n\t\t<div class=\"c-accordion_txt editor\"><p>The museum presents numerous examples in the form of pairs juxtaposing the counterfeit and the original. This bias stems from the legal history of the association since initially, the documents thus collected were used to support court decisions as evidence. This juxtaposition also allows for an immediate comparison that is as unusual as it is educational.<\/p>\n<p>The original objects are given to the Museum by the companies themselves, most of them members of the <a href=\"https:\/\/musee-contrefacon.com\/en\/union-des-fabricants\/\">Union des Fabricants<\/a>. The examples presented are systematically chosen in accordance with the brands represented.<\/p>\n<\/div>\t<\/div>\r\n<\/article>\r\n\r\n<article class='c-accordion bg-cw has-url' :class=\"{'collapsed':el==2}\" data-scroll data-scroll-repeat data-scroll-class=\"u-fade-up\">\r\n\t<h3 class=\"c-accordion_ttl\">\r\n\t\t<a class=\"c-accordion_link\" href=\"#\"><span>Which legal framework?<\/span><\/a>\r\n\t\t<button class=\"c-accordion_button\" @click=\"el!==2?el=2:el=null\">\r\n\t\t\t<span class=\"u-sr-only\">D\u00e9plier le contenu de Which legal framework?<\/span>\r\n\t\t<\/button>\t\t\t\t\t\t\t\t\t\t\t\t\r\n\t<\/h3>\r\n\t<div class=\"c-accordion_panel\" x-ref=\"container2\" x-bind:style=\"el==2?'max-height:'+$refs.container2.scrollHeight+'px':''\">\r\n\t\t<div class=\"c-accordion_txt editor\"><p>The <a href=\"https:\/\/musee-contrefacon.com\/en\/union-des-fabricants\/\">Union des Fabricants<\/a>, the association which owns and manages the museum, was recognized as being of public utility in 1877. Committed by its role of combating counterfeiting, it works in close collaboration with public authorities and international protection associations of intellectual property. It is also placed under the supervision of the Ministry of the Economy, Finance and Industry and the Ministry of the Interior. In addition, it is linked by partnership agreements with Customs and the National Police.<\/p>\n<\/div>\t<\/div>\r\n<\/article>\r\n\t\t\t<\/div>\r\n\t\t\t<\/div>\r\n<\/section>\r\n\r\n","protected":false},"excerpt":{"rendered":"","protected":false},"author":8,"featured_media":0,"parent":0,"menu_order":0,"comment_status":"closed","ping_status":"closed","template":"","meta":{"_acf_changed":false,"inline_featured_image":false,"footnotes":""},"class_list":["post-6754","page","type-page","status-publish","hentry"],"acf":[],"yoast_head":"<!-- This site is optimized with the Yoast SEO plugin v27.4 - https:\/\/yoast.com\/product\/yoast-seo-wordpress\/ -->\n<title>Mus\u00e9e de la contrefa\u00e7on<\/title>\n<meta name=\"description\" content=\"%%excerpt%% D\u00e9couvrez les trois collections pr\u00e9sent\u00e9es par le Mus\u00e9e de la Contrefa\u00e7on : la collection industrielle, le fonds historique et la collection artistique.\" \/>\n<meta name=\"robots\" content=\"index, follow, max-snippet:-1, max-image-preview:large, max-video-preview:-1\" \/>\n<link rel=\"canonical\" href=\"https:\/\/musee-contrefacon.com\/en\/the-collections\/\" \/>\n<meta property=\"og:locale\" content=\"en_US\" \/>\n<meta property=\"og:type\" content=\"article\" \/>\n<meta property=\"og:title\" content=\"The Collections - Mus\u00e9e de la contrefa\u00e7on\" \/>\n<meta property=\"og:description\" content=\"D\u00e9couvrez les trois collections pr\u00e9sent\u00e9es par le Mus\u00e9e de la Contrefa\u00e7on : la collection industrielle, le fonds historique et la collection artistique.\" \/>\n<meta property=\"og:url\" content=\"https:\/\/musee-contrefacon.com\/en\/the-collections\/\" \/>\n<meta property=\"og:site_name\" content=\"Mus\u00e9e de la contrefa\u00e7on\" \/>\n<meta property=\"article:modified_time\" content=\"2024-06-17T12:34:52+00:00\" \/>\n<meta name=\"twitter:card\" content=\"summary_large_image\" \/>\n<script type=\"application\/ld+json\" class=\"yoast-schema-graph\">{\"@context\":\"https:\\\/\\\/schema.org\",\"@graph\":[{\"@type\":\"WebPage\",\"@id\":\"https:\\\/\\\/musee-contrefacon.com\\\/en\\\/the-collections\\\/\",\"url\":\"https:\\\/\\\/musee-contrefacon.com\\\/en\\\/the-collections\\\/\",\"name\":\"The Collections - Mus\u00e9e de la contrefa\u00e7on\",\"isPartOf\":{\"@id\":\"https:\\\/\\\/musee-contrefacon.com\\\/en\\\/#website\"},\"datePublished\":\"2024-02-08T17:31:15+00:00\",\"dateModified\":\"2024-06-17T12:34:52+00:00\",\"description\":\"D\u00e9couvrez les trois collections pr\u00e9sent\u00e9es par le Mus\u00e9e de la Contrefa\u00e7on : la collection industrielle, le fonds historique et la collection artistique.\",\"breadcrumb\":{\"@id\":\"https:\\\/\\\/musee-contrefacon.com\\\/en\\\/the-collections\\\/#breadcrumb\"},\"inLanguage\":\"en-US\",\"potentialAction\":[{\"@type\":\"ReadAction\",\"target\":[\"https:\\\/\\\/musee-contrefacon.com\\\/en\\\/the-collections\\\/\"]}]},{\"@type\":\"BreadcrumbList\",\"@id\":\"https:\\\/\\\/musee-contrefacon.com\\\/en\\\/the-collections\\\/#breadcrumb\",\"itemListElement\":[{\"@type\":\"ListItem\",\"position\":1,\"name\":\"Accueil\",\"item\":\"https:\\\/\\\/musee-contrefacon.com\\\/en\\\/accueil\\\/\"},{\"@type\":\"ListItem\",\"position\":2,\"name\":\"The Collections\"}]},{\"@type\":\"WebSite\",\"@id\":\"https:\\\/\\\/musee-contrefacon.com\\\/en\\\/#website\",\"url\":\"https:\\\/\\\/musee-contrefacon.com\\\/en\\\/\",\"name\":\"Mus\u00e9e de la contrefa\u00e7on\",\"description\":\"Le mus\u00e9e de l&#039;Union des Fabricants\",\"publisher\":{\"@id\":\"https:\\\/\\\/musee-contrefacon.com\\\/en\\\/#organization\"},\"potentialAction\":[{\"@type\":\"SearchAction\",\"target\":{\"@type\":\"EntryPoint\",\"urlTemplate\":\"https:\\\/\\\/musee-contrefacon.com\\\/en\\\/?s={search_term_string}\"},\"query-input\":{\"@type\":\"PropertyValueSpecification\",\"valueRequired\":true,\"valueName\":\"search_term_string\"}}],\"inLanguage\":\"en-US\"},{\"@type\":\"Organization\",\"@id\":\"https:\\\/\\\/musee-contrefacon.com\\\/en\\\/#organization\",\"name\":\"Mus\u00e9e de la contrefa\u00e7on\",\"url\":\"https:\\\/\\\/musee-contrefacon.com\\\/en\\\/\",\"logo\":{\"@type\":\"ImageObject\",\"inLanguage\":\"en-US\",\"@id\":\"https:\\\/\\\/musee-contrefacon.com\\\/en\\\/#\\\/schema\\\/logo\\\/image\\\/\",\"url\":\"https:\\\/\\\/musee-contrefacon.com\\\/wp-content\\\/uploads\\\/2023\\\/05\\\/fk_logo_full_rvb.svg\",\"contentUrl\":\"https:\\\/\\\/musee-contrefacon.com\\\/wp-content\\\/uploads\\\/2023\\\/05\\\/fk_logo_full_rvb.svg\",\"caption\":\"Mus\u00e9e de la contrefa\u00e7on\"},\"image\":{\"@id\":\"https:\\\/\\\/musee-contrefacon.com\\\/en\\\/#\\\/schema\\\/logo\\\/image\\\/\"}}]}<\/script>\n<!-- \/ Yoast SEO plugin. -->","yoast_head_json":{"title":"Mus\u00e9e de la contrefa\u00e7on","description":"%%excerpt%% D\u00e9couvrez les trois collections pr\u00e9sent\u00e9es par le Mus\u00e9e de la Contrefa\u00e7on : la collection industrielle, le fonds historique et la collection artistique.","robots":{"index":"index","follow":"follow","max-snippet":"max-snippet:-1","max-image-preview":"max-image-preview:large","max-video-preview":"max-video-preview:-1"},"canonical":"https:\/\/musee-contrefacon.com\/en\/the-collections\/","og_locale":"en_US","og_type":"article","og_title":"The Collections - Mus\u00e9e de la contrefa\u00e7on","og_description":"D\u00e9couvrez les trois collections pr\u00e9sent\u00e9es par le Mus\u00e9e de la Contrefa\u00e7on : la collection industrielle, le fonds historique et la collection artistique.","og_url":"https:\/\/musee-contrefacon.com\/en\/the-collections\/","og_site_name":"Mus\u00e9e de la contrefa\u00e7on","article_modified_time":"2024-06-17T12:34:52+00:00","twitter_card":"summary_large_image","schema":{"@context":"https:\/\/schema.org","@graph":[{"@type":"WebPage","@id":"https:\/\/musee-contrefacon.com\/en\/the-collections\/","url":"https:\/\/musee-contrefacon.com\/en\/the-collections\/","name":"The Collections - Mus\u00e9e de la contrefa\u00e7on","isPartOf":{"@id":"https:\/\/musee-contrefacon.com\/en\/#website"},"datePublished":"2024-02-08T17:31:15+00:00","dateModified":"2024-06-17T12:34:52+00:00","description":"D\u00e9couvrez les trois collections pr\u00e9sent\u00e9es par le Mus\u00e9e de la Contrefa\u00e7on : la collection industrielle, le fonds historique et la collection artistique.","breadcrumb":{"@id":"https:\/\/musee-contrefacon.com\/en\/the-collections\/#breadcrumb"},"inLanguage":"en-US","potentialAction":[{"@type":"ReadAction","target":["https:\/\/musee-contrefacon.com\/en\/the-collections\/"]}]},{"@type":"BreadcrumbList","@id":"https:\/\/musee-contrefacon.com\/en\/the-collections\/#breadcrumb","itemListElement":[{"@type":"ListItem","position":1,"name":"Accueil","item":"https:\/\/musee-contrefacon.com\/en\/accueil\/"},{"@type":"ListItem","position":2,"name":"The Collections"}]},{"@type":"WebSite","@id":"https:\/\/musee-contrefacon.com\/en\/#website","url":"https:\/\/musee-contrefacon.com\/en\/","name":"Mus\u00e9e de la contrefa\u00e7on","description":"Le mus\u00e9e de l&#039;Union des Fabricants","publisher":{"@id":"https:\/\/musee-contrefacon.com\/en\/#organization"},"potentialAction":[{"@type":"SearchAction","target":{"@type":"EntryPoint","urlTemplate":"https:\/\/musee-contrefacon.com\/en\/?s={search_term_string}"},"query-input":{"@type":"PropertyValueSpecification","valueRequired":true,"valueName":"search_term_string"}}],"inLanguage":"en-US"},{"@type":"Organization","@id":"https:\/\/musee-contrefacon.com\/en\/#organization","name":"Mus\u00e9e de la contrefa\u00e7on","url":"https:\/\/musee-contrefacon.com\/en\/","logo":{"@type":"ImageObject","inLanguage":"en-US","@id":"https:\/\/musee-contrefacon.com\/en\/#\/schema\/logo\/image\/","url":"https:\/\/musee-contrefacon.com\/wp-content\/uploads\/2023\/05\/fk_logo_full_rvb.svg","contentUrl":"https:\/\/musee-contrefacon.com\/wp-content\/uploads\/2023\/05\/fk_logo_full_rvb.svg","caption":"Mus\u00e9e de la contrefa\u00e7on"},"image":{"@id":"https:\/\/musee-contrefacon.com\/en\/#\/schema\/logo\/image\/"}}]}},"_links":{"self":[{"href":"https:\/\/musee-contrefacon.com\/en\/wp-json\/wp\/v2\/pages\/6754","targetHints":{"allow":["GET"]}}],"collection":[{"href":"https:\/\/musee-contrefacon.com\/en\/wp-json\/wp\/v2\/pages"}],"about":[{"href":"https:\/\/musee-contrefacon.com\/en\/wp-json\/wp\/v2\/types\/page"}],"author":[{"embeddable":true,"href":"https:\/\/musee-contrefacon.com\/en\/wp-json\/wp\/v2\/users\/8"}],"replies":[{"embeddable":true,"href":"https:\/\/musee-contrefacon.com\/en\/wp-json\/wp\/v2\/comments?post=6754"}],"version-history":[{"count":4,"href":"https:\/\/musee-contrefacon.com\/en\/wp-json\/wp\/v2\/pages\/6754\/revisions"}],"predecessor-version":[{"id":6921,"href":"https:\/\/musee-contrefacon.com\/en\/wp-json\/wp\/v2\/pages\/6754\/revisions\/6921"}],"wp:attachment":[{"href":"https:\/\/musee-contrefacon.com\/en\/wp-json\/wp\/v2\/media?parent=6754"}],"curies":[{"name":"wp","href":"https:\/\/api.w.org\/{rel}","templated":true}]}}