{"id":6756,"date":"2024-03-15T16:58:41","date_gmt":"2024-03-15T15:58:41","guid":{"rendered":"https:\/\/musee-contrefacon.com\/autour-du-musee\/"},"modified":"2024-06-17T10:36:55","modified_gmt":"2024-06-17T08:36:55","slug":"around-the-museum","status":"publish","type":"page","link":"https:\/\/musee-contrefacon.com\/en\/around-the-museum\/","title":{"rendered":"Around the museum"},"content":{"rendered":"\r\n\r\n<section class=\"b-hero-sm bg-c2\" id='0704e315a32b72fd155fbe5f0ec7a488'>\r\n\t<div class=\"o-ctn\">\r\n\t\t<div class=\"b-hero-sm_wrp u-py5\">\r\n\t\t\t<header class=\"b-hero-sm_head\">\r\n\t\t\t\t<h1 class=\"b-hero-sm_ttl\" data-scroll data-scroll-repeat data-scroll-class=\"u-fade-up-1\" class=\"b-hero-sm_ttl\" data-scroll data-scroll-repeat data-scroll-class=\"u-fade-up-1\" id=\"around-the-museum\">Around the museum<\/h1>\r\n\t\t\t\t<p class=\"b-hero-sm_subttl\" data-scroll data-scroll-repeat data-scroll-class=\"u-fade-up-2\">Mus\u00e9e de la contrefa\u00e7on<\/p>\t\t\t<\/header>\r\n\t\t<\/div>\r\n\t<\/div>\r\n\t<\/section>\r\n<section class=\"b-breadcrumb\" data-scroll data-scroll-repeat data-scroll-class=\"u-fade\">\r\n\t<div class=\"o-ctn\"><ul class=\"g-crumb\"><\/span><li class='g-crumb_item'><a class=\"g-crumb_link\" href=\"https:\/\/musee-contrefacon.com\/en\/accueil\/\" >Accueil<\/a><\/li><\/span><\/ul><\/div>\r\n<\/section>\r\n\r\n\n\n\r\n\r\n<section class=\"b-tinymce u-py4 bg-cw column1\" id='b6113eae426289e5e60b3dd8b8b0ebbc'>\r\n\t<div class=\"o-ctn\" data-scroll data-scroll-repeat data-scroll-class=\"u-fade-up\">\r\n\t\t\r\n\t\t\t\r\n\t\t\t<div class=\"row g-2\">\r\n\t\t\t\t<div class=\"col-lg-9\">\r\n\t\t\t\t\t<div class=\"b-tinymce_txt editor\"><h2 style=\"text-align: center;\" style=\"text-align: center;\" id=\"what-to-visit-around-the-museum\">What to visit around the museum<\/h2>\n<p style=\"text-align: center;\">Nestled in the chic neighborhoods of the Capital, the Museum of Counterfeiting is ideally located near the Bois de Boulogne and its vast greenery, and 10 minutes from the Champs-\u00c9lys\u00e9es, quite simply the largest avenue in the world!&nbsp;<\/p>\n<p style=\"text-align: center;\">To help you build a visit program around the Museum, we suggest some ideas to try depending on inspiration.<\/p>\n<\/div>\r\n\t\t\t\t<\/div>\r\n\t\t\t\t\t\t\t<\/div>\r\n\r\n\t<\/div>\r\n<\/section>\r\n\r\n\n\n\r\n\r\n\t<section class=\"b-list-features u-py5 bg-c1\" id='486e147855948be3a0ed6c3cd3bd0c7c' data-scroll data-scroll-repeat data-scroll-class=\"u-fade-down\">\r\n\t\t<div class=\"o-ctn-s\">\r\n            <header class=\"b-list-features_header\">\r\n                    <div class=\"b-list-features_subtxt\"><div class=\"ico-star\" style=\"background-image: url('https:\/\/musee-contrefacon.com\/wp-content\/themes\/fkagency\/assets\/svg\/ico-star-yellow.svg');\"><\/div>What to visit around the museum<\/div>\r\n                    <h2 class=\"b-list-features_ttl\" class=\"b-list-features_ttl\" id=\"walks-nearby\">Walks nearby<\/h2>\r\n      <\/header>\r\n      \r\n      \r\n      <div class=\"b-list-features_items o-grid-2 bg_vignette\">\r\n                    \r\n<article class=\"c-card-feature blue\" data-scroll data-scroll-repeat data-scroll-class=\"u-fade-up\">\r\n            <figure class=\"c-card-feature_figure rt-1x1\">\r\n            <img   decoding=\"async\" width=\"163\" height=\"156\" src=\"https:\/\/musee-contrefacon.com\/wp-content\/uploads\/2024\/04\/Arc-De-Triomphe.png\" class=\"c-card-feature_med\" alt=\"\" \/>        <\/figure>\r\n        <div class=\"c-card-feature_txt editor\">\r\n        <h7 class=\"c-card-feature_ttl\">Arc De Triomphe<\/h7>\r\n        <p class=\"c-card-feature_desc\">(20mn on foot or 15mn by subway) Unique panorama of the city of Paris, the Arc de Triomphe can be visited without an appointment.<\/p>\r\n            <\/div>\r\n<\/article>                    \r\n<article class=\"c-card-feature blue\" data-scroll data-scroll-repeat data-scroll-class=\"u-fade-up\">\r\n            <figure class=\"c-card-feature_figure rt-1x1\">\r\n            <img   decoding=\"async\" width=\"165\" height=\"129\" src=\"https:\/\/musee-contrefacon.com\/wp-content\/uploads\/2024\/04\/Champs-Elysees-1.png\" class=\"c-card-feature_med\" alt=\"\" \/>        <\/figure>\r\n        <div class=\"c-card-feature_txt editor\">\r\n        <h7 class=\"c-card-feature_ttl\">Champs-\u00c9lys\u00e9es<\/h7>\r\n        <p class=\"c-card-feature_desc\">(25mn on foot or 15mn by subway) The largest avenue in the world offers an unmissable place to stroll with its permanent bustle and beautiful stores.<\/p>\r\n            <\/div>\r\n<\/article>                    \r\n<article class=\"c-card-feature blue\" data-scroll data-scroll-repeat data-scroll-class=\"u-fade-up\">\r\n            <figure class=\"c-card-feature_figure rt-1x1\">\r\n            <img loading=\"lazy\" decoding=\"async\" width=\"87\" height=\"162\" src=\"https:\/\/musee-contrefacon.com\/wp-content\/uploads\/2024\/04\/trocadero.png\" class=\"c-card-feature_med\" alt=\"\" \/>        <\/figure>\r\n        <div class=\"c-card-feature_txt editor\">\r\n        <h7 class=\"c-card-feature_ttl\">Trocad\u00e9ro<\/h7>\r\n        <p class=\"c-card-feature_desc\">(20mn on foot or 20mn by subway) Breathtaking view of the Eiffel Tower, the Trocad\u00e9ro esplanade is home to many places to visit: the Cit\u00e9 de l&#8217;Architecture, the Mus\u00e9e de l&#8217;Homme, the Th\u00e9\u00e2tre National de Chaillot, and the Paris Aquarium<\/p>\r\n            <\/div>\r\n<\/article>                    \r\n<article class=\"c-card-feature blue\" data-scroll data-scroll-repeat data-scroll-class=\"u-fade-up\">\r\n            <figure class=\"c-card-feature_figure rt-1x1\">\r\n            <img loading=\"lazy\" decoding=\"async\" width=\"165\" height=\"165\" src=\"https:\/\/musee-contrefacon.com\/wp-content\/uploads\/2024\/04\/bois-de-boulogne-1.png\" class=\"c-card-feature_med\" alt=\"\" srcset=\"https:\/\/musee-contrefacon.com\/wp-content\/uploads\/2024\/04\/bois-de-boulogne-1.png 165w, https:\/\/musee-contrefacon.com\/wp-content\/uploads\/2024\/04\/bois-de-boulogne-1-100x100.png 100w\" sizes=\"auto, (max-width: 165px) 100vw, 165px\" \/>        <\/figure>\r\n        <div class=\"c-card-feature_txt editor\">\r\n        <h7 class=\"c-card-feature_ttl\">Bois De Boulogne<\/h7>\r\n        <p class=\"c-card-feature_desc\">(15mn on foot) Green lungs of Paris covering 800 hectares, the Bois de Boulogne offers boat trips on the lakes or through its wooded paths and is home to the Jardin d\u2019acclimatation and the Auteuil greenhouses.<\/p>\r\n            <\/div>\r\n<\/article>              <\/div>\r\n\r\n      \r\n    <\/div>\r\n\r\n\r\n\r\n    \r\n\t<\/section>\r\n\r\n\n\n\r\n\r\n\t<section class=\"b-list-features u-py5 bg-cw\" id='fac700d27914095f86f65f35a799771d' data-scroll data-scroll-repeat data-scroll-class=\"u-fade-down\">\r\n\t\t<div class=\"o-ctn-s\">\r\n            <header class=\"b-list-features_header\">\r\n                    <div class=\"b-list-features_subtxt\"><div class=\"ico-star\" style=\"background-image: url('https:\/\/musee-contrefacon.com\/wp-content\/themes\/fkagency\/assets\/svg\/ico-star-red.svg');\"><\/div>What to visit around the museum<\/div>\r\n                    <h2 class=\"b-list-features_ttl\" class=\"b-list-features_ttl\" id=\"museums-nearby\">Museums nearby<\/h2>\r\n      <\/header>\r\n      \r\n      \r\n      <div class=\"b-list-features_items o-grid-2 \">\r\n                    \r\n<article class=\"c-card-feature blue\" data-scroll data-scroll-repeat data-scroll-class=\"u-fade-up\">\r\n        <div class=\"c-card-feature_txt editor\">\r\n        <h7 class=\"c-card-feature_ttl\">Mus\u00e9e Guimet<\/h7>\r\n        <p class=\"c-card-feature_desc\">15 minutes on foot | Dedicated to Far East Arts, the Mus\u00e9e Guimet possesses one of the most beautiful collections of Indian, Chinese et Japanese Arts.<\/p>\r\n            <\/div>\r\n<\/article>                    \r\n<article class=\"c-card-feature blue\" data-scroll data-scroll-repeat data-scroll-class=\"u-fade-up\">\r\n        <div class=\"c-card-feature_txt editor\">\r\n        <h7 class=\"c-card-feature_ttl\">Fondation Louis Vuitton<\/h7>\r\n        <p class=\"c-card-feature_desc\">15 minutes on foot | Exceptional example of contemporary architecture and hotspot of contemporary art in Paris.<\/p>\r\n            <\/div>\r\n<\/article>                    \r\n<article class=\"c-card-feature blue\" data-scroll data-scroll-repeat data-scroll-class=\"u-fade-up\">\r\n        <div class=\"c-card-feature_txt editor\">\r\n        <h7 class=\"c-card-feature_ttl\">Mus\u00e9e D\u2019Art Moderne De La Ville De Paris<\/h7>\r\n        <p class=\"c-card-feature_desc\">20 minutes on foot | Situated right by the Trocad\u00e9ro, this museum of the Arts from the 20th century is free for everyone.<\/p>\r\n            <\/div>\r\n<\/article>                    \r\n<article class=\"c-card-feature blue\" data-scroll data-scroll-repeat data-scroll-class=\"u-fade-up\">\r\n        <div class=\"c-card-feature_txt editor\">\r\n        <h7 class=\"c-card-feature_ttl\">Palais Galliera<\/h7>\r\n        <p class=\"c-card-feature_desc\">20 minutes on foot | Dedicated to the fashion history, this museum organizes temporary exhibitions.<\/p>\r\n            <\/div>\r\n<\/article>                    \r\n<article class=\"c-card-feature blue\" data-scroll data-scroll-repeat data-scroll-class=\"u-fade-up\">\r\n        <div class=\"c-card-feature_txt editor\">\r\n        <h7 class=\"c-card-feature_ttl\">Mus\u00e9e Marmottan<\/h7>\r\n        <p class=\"c-card-feature_desc\">20 minutes on foot | Museum dedicated to artist Claude Monet and to the Impressionist painters.<\/p>\r\n            <\/div>\r\n<\/article>              <\/div>\r\n\r\n      \r\n    <\/div>\r\n\r\n\r\n\r\n    \r\n\t<\/section>\r\n\r\n","protected":false},"excerpt":{"rendered":"","protected":false},"author":8,"featured_media":0,"parent":0,"menu_order":0,"comment_status":"closed","ping_status":"closed","template":"","meta":{"_acf_changed":false,"inline_featured_image":false,"footnotes":""},"class_list":["post-6756","page","type-page","status-publish","hentry"],"acf":[],"yoast_head":"<!-- This site is optimized with the Yoast SEO plugin v27.4 - https:\/\/yoast.com\/product\/yoast-seo-wordpress\/ -->\n<title>Mus\u00e9e de la contrefa\u00e7on<\/title>\n<meta name=\"description\" content=\"%%excerpt%% Que faire autour du mus\u00e9e ? Nich\u00e9 dans les beaux quartiers de Paris, le Mus\u00e9e de la Contrefa\u00e7on est id\u00e9alement situ\u00e9 pour prolonger sa ballade \u00e0 proximit\u00e9.\" \/>\n<meta name=\"robots\" content=\"index, follow, max-snippet:-1, max-image-preview:large, max-video-preview:-1\" \/>\n<link rel=\"canonical\" href=\"https:\/\/musee-contrefacon.com\/en\/around-the-museum\/\" \/>\n<meta property=\"og:locale\" content=\"en_US\" \/>\n<meta property=\"og:type\" content=\"article\" \/>\n<meta property=\"og:title\" content=\"Around the museum - Mus\u00e9e de la contrefa\u00e7on\" \/>\n<meta property=\"og:description\" content=\"Que faire autour du mus\u00e9e ? Nich\u00e9 dans les beaux quartiers de Paris, le Mus\u00e9e de la Contrefa\u00e7on est id\u00e9alement situ\u00e9 pour prolonger sa ballade \u00e0 proximit\u00e9.\" \/>\n<meta property=\"og:url\" content=\"https:\/\/musee-contrefacon.com\/en\/around-the-museum\/\" \/>\n<meta property=\"og:site_name\" content=\"Mus\u00e9e de la contrefa\u00e7on\" \/>\n<meta property=\"article:modified_time\" content=\"2024-06-17T08:36:55+00:00\" \/>\n<meta name=\"twitter:card\" content=\"summary_large_image\" \/>\n<script type=\"application\/ld+json\" class=\"yoast-schema-graph\">{\"@context\":\"https:\\\/\\\/schema.org\",\"@graph\":[{\"@type\":\"WebPage\",\"@id\":\"https:\\\/\\\/musee-contrefacon.com\\\/en\\\/around-the-museum\\\/\",\"url\":\"https:\\\/\\\/musee-contrefacon.com\\\/en\\\/around-the-museum\\\/\",\"name\":\"Around the museum - Mus\u00e9e de la contrefa\u00e7on\",\"isPartOf\":{\"@id\":\"https:\\\/\\\/musee-contrefacon.com\\\/en\\\/#website\"},\"datePublished\":\"2024-03-15T15:58:41+00:00\",\"dateModified\":\"2024-06-17T08:36:55+00:00\",\"description\":\"Que faire autour du mus\u00e9e ? Nich\u00e9 dans les beaux quartiers de Paris, le Mus\u00e9e de la Contrefa\u00e7on est id\u00e9alement situ\u00e9 pour prolonger sa ballade \u00e0 proximit\u00e9.\",\"breadcrumb\":{\"@id\":\"https:\\\/\\\/musee-contrefacon.com\\\/en\\\/around-the-museum\\\/#breadcrumb\"},\"inLanguage\":\"en-US\",\"potentialAction\":[{\"@type\":\"ReadAction\",\"target\":[\"https:\\\/\\\/musee-contrefacon.com\\\/en\\\/around-the-museum\\\/\"]}]},{\"@type\":\"BreadcrumbList\",\"@id\":\"https:\\\/\\\/musee-contrefacon.com\\\/en\\\/around-the-museum\\\/#breadcrumb\",\"itemListElement\":[{\"@type\":\"ListItem\",\"position\":1,\"name\":\"Accueil\",\"item\":\"https:\\\/\\\/musee-contrefacon.com\\\/en\\\/accueil\\\/\"},{\"@type\":\"ListItem\",\"position\":2,\"name\":\"Around the museum\"}]},{\"@type\":\"WebSite\",\"@id\":\"https:\\\/\\\/musee-contrefacon.com\\\/en\\\/#website\",\"url\":\"https:\\\/\\\/musee-contrefacon.com\\\/en\\\/\",\"name\":\"Mus\u00e9e de la contrefa\u00e7on\",\"description\":\"Le mus\u00e9e de l&#039;Union des Fabricants\",\"publisher\":{\"@id\":\"https:\\\/\\\/musee-contrefacon.com\\\/en\\\/#organization\"},\"potentialAction\":[{\"@type\":\"SearchAction\",\"target\":{\"@type\":\"EntryPoint\",\"urlTemplate\":\"https:\\\/\\\/musee-contrefacon.com\\\/en\\\/?s={search_term_string}\"},\"query-input\":{\"@type\":\"PropertyValueSpecification\",\"valueRequired\":true,\"valueName\":\"search_term_string\"}}],\"inLanguage\":\"en-US\"},{\"@type\":\"Organization\",\"@id\":\"https:\\\/\\\/musee-contrefacon.com\\\/en\\\/#organization\",\"name\":\"Mus\u00e9e de la contrefa\u00e7on\",\"url\":\"https:\\\/\\\/musee-contrefacon.com\\\/en\\\/\",\"logo\":{\"@type\":\"ImageObject\",\"inLanguage\":\"en-US\",\"@id\":\"https:\\\/\\\/musee-contrefacon.com\\\/en\\\/#\\\/schema\\\/logo\\\/image\\\/\",\"url\":\"https:\\\/\\\/musee-contrefacon.com\\\/wp-content\\\/uploads\\\/2023\\\/05\\\/fk_logo_full_rvb.svg\",\"contentUrl\":\"https:\\\/\\\/musee-contrefacon.com\\\/wp-content\\\/uploads\\\/2023\\\/05\\\/fk_logo_full_rvb.svg\",\"caption\":\"Mus\u00e9e de la contrefa\u00e7on\"},\"image\":{\"@id\":\"https:\\\/\\\/musee-contrefacon.com\\\/en\\\/#\\\/schema\\\/logo\\\/image\\\/\"}}]}<\/script>\n<!-- \/ Yoast SEO plugin. -->","yoast_head_json":{"title":"Mus\u00e9e de la contrefa\u00e7on","description":"%%excerpt%% Que faire autour du mus\u00e9e ? Nich\u00e9 dans les beaux quartiers de Paris, le Mus\u00e9e de la Contrefa\u00e7on est id\u00e9alement situ\u00e9 pour prolonger sa ballade \u00e0 proximit\u00e9.","robots":{"index":"index","follow":"follow","max-snippet":"max-snippet:-1","max-image-preview":"max-image-preview:large","max-video-preview":"max-video-preview:-1"},"canonical":"https:\/\/musee-contrefacon.com\/en\/around-the-museum\/","og_locale":"en_US","og_type":"article","og_title":"Around the museum - Mus\u00e9e de la contrefa\u00e7on","og_description":"Que faire autour du mus\u00e9e ? Nich\u00e9 dans les beaux quartiers de Paris, le Mus\u00e9e de la Contrefa\u00e7on est id\u00e9alement situ\u00e9 pour prolonger sa ballade \u00e0 proximit\u00e9.","og_url":"https:\/\/musee-contrefacon.com\/en\/around-the-museum\/","og_site_name":"Mus\u00e9e de la contrefa\u00e7on","article_modified_time":"2024-06-17T08:36:55+00:00","twitter_card":"summary_large_image","schema":{"@context":"https:\/\/schema.org","@graph":[{"@type":"WebPage","@id":"https:\/\/musee-contrefacon.com\/en\/around-the-museum\/","url":"https:\/\/musee-contrefacon.com\/en\/around-the-museum\/","name":"Around the museum - Mus\u00e9e de la contrefa\u00e7on","isPartOf":{"@id":"https:\/\/musee-contrefacon.com\/en\/#website"},"datePublished":"2024-03-15T15:58:41+00:00","dateModified":"2024-06-17T08:36:55+00:00","description":"Que faire autour du mus\u00e9e ? Nich\u00e9 dans les beaux quartiers de Paris, le Mus\u00e9e de la Contrefa\u00e7on est id\u00e9alement situ\u00e9 pour prolonger sa ballade \u00e0 proximit\u00e9.","breadcrumb":{"@id":"https:\/\/musee-contrefacon.com\/en\/around-the-museum\/#breadcrumb"},"inLanguage":"en-US","potentialAction":[{"@type":"ReadAction","target":["https:\/\/musee-contrefacon.com\/en\/around-the-museum\/"]}]},{"@type":"BreadcrumbList","@id":"https:\/\/musee-contrefacon.com\/en\/around-the-museum\/#breadcrumb","itemListElement":[{"@type":"ListItem","position":1,"name":"Accueil","item":"https:\/\/musee-contrefacon.com\/en\/accueil\/"},{"@type":"ListItem","position":2,"name":"Around the museum"}]},{"@type":"WebSite","@id":"https:\/\/musee-contrefacon.com\/en\/#website","url":"https:\/\/musee-contrefacon.com\/en\/","name":"Mus\u00e9e de la contrefa\u00e7on","description":"Le mus\u00e9e de l&#039;Union des Fabricants","publisher":{"@id":"https:\/\/musee-contrefacon.com\/en\/#organization"},"potentialAction":[{"@type":"SearchAction","target":{"@type":"EntryPoint","urlTemplate":"https:\/\/musee-contrefacon.com\/en\/?s={search_term_string}"},"query-input":{"@type":"PropertyValueSpecification","valueRequired":true,"valueName":"search_term_string"}}],"inLanguage":"en-US"},{"@type":"Organization","@id":"https:\/\/musee-contrefacon.com\/en\/#organization","name":"Mus\u00e9e de la contrefa\u00e7on","url":"https:\/\/musee-contrefacon.com\/en\/","logo":{"@type":"ImageObject","inLanguage":"en-US","@id":"https:\/\/musee-contrefacon.com\/en\/#\/schema\/logo\/image\/","url":"https:\/\/musee-contrefacon.com\/wp-content\/uploads\/2023\/05\/fk_logo_full_rvb.svg","contentUrl":"https:\/\/musee-contrefacon.com\/wp-content\/uploads\/2023\/05\/fk_logo_full_rvb.svg","caption":"Mus\u00e9e de la contrefa\u00e7on"},"image":{"@id":"https:\/\/musee-contrefacon.com\/en\/#\/schema\/logo\/image\/"}}]}},"_links":{"self":[{"href":"https:\/\/musee-contrefacon.com\/en\/wp-json\/wp\/v2\/pages\/6756","targetHints":{"allow":["GET"]}}],"collection":[{"href":"https:\/\/musee-contrefacon.com\/en\/wp-json\/wp\/v2\/pages"}],"about":[{"href":"https:\/\/musee-contrefacon.com\/en\/wp-json\/wp\/v2\/types\/page"}],"author":[{"embeddable":true,"href":"https:\/\/musee-contrefacon.com\/en\/wp-json\/wp\/v2\/users\/8"}],"replies":[{"embeddable":true,"href":"https:\/\/musee-contrefacon.com\/en\/wp-json\/wp\/v2\/comments?post=6756"}],"version-history":[{"count":2,"href":"https:\/\/musee-contrefacon.com\/en\/wp-json\/wp\/v2\/pages\/6756\/revisions"}],"predecessor-version":[{"id":6813,"href":"https:\/\/musee-contrefacon.com\/en\/wp-json\/wp\/v2\/pages\/6756\/revisions\/6813"}],"wp:attachment":[{"href":"https:\/\/musee-contrefacon.com\/en\/wp-json\/wp\/v2\/media?parent=6756"}],"curies":[{"name":"wp","href":"https:\/\/api.w.org\/{rel}","templated":true}]}}