{"id":6915,"date":"2024-02-07T16:08:16","date_gmt":"2024-02-07T15:08:16","guid":{"rendered":"https:\/\/musee-contrefacon.com\/expositions\/"},"modified":"2024-06-17T14:33:01","modified_gmt":"2024-06-17T12:33:01","slug":"exhibitions","status":"publish","type":"page","link":"https:\/\/musee-contrefacon.com\/en\/exhibitions\/","title":{"rendered":"Exhibitions"},"content":{"rendered":"\r\n\r\n<section class=\"b-hero-sm bg-c1\" id='c37d1e46493fee2bb49ce510ccf89c27'>\r\n\t<div class=\"o-ctn\">\r\n\t\t<div class=\"b-hero-sm_wrp u-py5\">\r\n\t\t\t<header class=\"b-hero-sm_head\">\r\n\t\t\t\t<h1 class=\"b-hero-sm_ttl\" data-scroll data-scroll-repeat data-scroll-class=\"u-fade-up-1\" class=\"b-hero-sm_ttl\" data-scroll data-scroll-repeat data-scroll-class=\"u-fade-up-1\" id=\"exhibitions\">Exhibitions<\/h1>\r\n\t\t\t\t<p class=\"b-hero-sm_subttl\" data-scroll data-scroll-repeat data-scroll-class=\"u-fade-up-2\">Mus\u00e9e de la contrefa\u00e7on<\/p>\t\t\t<\/header>\r\n\t\t<\/div>\r\n\t<\/div>\r\n\t<\/section>\r\n<section class=\"b-breadcrumb\" data-scroll data-scroll-repeat data-scroll-class=\"u-fade\">\r\n\t<div class=\"o-ctn\"><ul class=\"g-crumb\"><\/span><li class='g-crumb_item'><a class=\"g-crumb_link\" href=\"https:\/\/musee-contrefacon.com\/en\/accueil\/\" >Accueil<\/a><\/li><\/span><\/ul><\/div>\r\n<\/section>\r\n\r\n\n\n\r\n\r\n<section class=\"b-list-posts-sm u-py4 bg-cw\" id='39b818990490a285555cda9194b02bac'>\r\n\t<div class=\"o-ctn\" data-scroll data-scroll-repeat data-scroll-class=\"u-fade\">\r\n\r\n\t\t<header class=\"b-list-posts-sm_header\">\r\n\t\t\t<h2 class=\"b-list-posts-sm_ttl\" class=\"b-list-posts-sm_ttl\" id=\"current-exhibitions\">Current exhibitions<\/h2>\t\t\t\t\t\t\t\t<\/header>\r\n\r\n\t\t<div class=\"row g-2\" js-posts-wrapper>\r\n\t\t\t\t\t\t\t\t\t\t\t\t<article class=\"col-sm-12 col-md-6 col-lg-4 col-xl-4\">\r\n\t\t\t\t\t\t\r\n<div class=\"c-card-post-sm\">\r\n\t<figure class=\"rt-1x1\">\r\n\t\t<img   decoding=\"async\" width=\"768\" height=\"512\" src=\"https:\/\/musee-contrefacon.com\/wp-content\/uploads\/2024\/03\/exposition-150-ans-768x512.jpg\" class=\"c-card-post-sm_med\" alt=\"\" data-scroll data-scroll-repeat data-scroll-class=\"u-slide-right\" srcset=\"https:\/\/musee-contrefacon.com\/wp-content\/uploads\/2024\/03\/exposition-150-ans-768x512.jpg 768w, https:\/\/musee-contrefacon.com\/wp-content\/uploads\/2024\/03\/exposition-150-ans-600x400.jpg 600w, https:\/\/musee-contrefacon.com\/wp-content\/uploads\/2024\/03\/exposition-150-ans-1024x683.jpg 1024w, https:\/\/musee-contrefacon.com\/wp-content\/uploads\/2024\/03\/exposition-150-ans-1536x1024.jpg 1536w, https:\/\/musee-contrefacon.com\/wp-content\/uploads\/2024\/03\/exposition-150-ans.jpg 1900w\" sizes=\"auto, (max-width: 768px) 100vw, 768px\" \/>\t<\/figure>\r\n\t<div class=\"c-card-post-sm_txt editor\" data-scroll data-scroll-repeat data-scroll-class=\"u-fade\">\r\n\t\t<h3 class=\"c-card-post-sm_ttl\" class=\"c-card-post-sm_ttl\" id=\"150-years-of-fight-against-counterfeiting\">150 years of fight against counterfeiting<\/h3>\r\n\t\t<p class=\"c-card-post-sm_terms\">exposure<\/p>\t\t<p class=\"c-card-post-sm_desc\">UNIFAB invites you to explore 150 years of history. A dive into its intimate identity, build over the years, and which defines the DNA of the values it still caries today.<\/p>\r\n\t\t\t\t\t<a class=\"c-card-post-sm_btn btn-tr btn-sm\" href='https:\/\/musee-contrefacon.com\/en\/exposure\/150-years-of-fight-against-counterfeiting\/'>Lire la suite<\/a>\r\n\t\t\t<\/div>\r\n<\/div>\t\t\t\t\t<\/article>\r\n\t\t\t\t\t\t\t\t\t\t\t\t\t<\/div>\r\n\r\n\t\t\r\n\t<\/div>\r\n<\/section>\r\n\r\n\r\n\n\n\r\n\r\n<section class=\"b-list-posts-sm u-py4 bg-c2\" id='0fe52fa95f2444b0cde9a989d973f4bd'>\r\n\t<div class=\"o-ctn\" data-scroll data-scroll-repeat data-scroll-class=\"u-fade\">\r\n\r\n\t\t<header class=\"b-list-posts-sm_header\">\r\n\t\t\t<h2 class=\"b-list-posts-sm_ttl\" class=\"b-list-posts-sm_ttl\" id=\"past-exhibitions\">Past exhibitions<\/h2>\t\t\t\t\t\t\t\t<\/header>\r\n\r\n\t\t<div class=\"row g-2\" js-posts-wrapper>\r\n\t\t\t\t\t\t\t\t\t\t\t\t<article class=\"col-sm-12 col-md-6 col-lg-4 col-xl-4\">\r\n\t\t\t\t\t\t\r\n<div class=\"c-card-post-sm\">\r\n\t<figure class=\"rt-1x1\">\r\n\t\t<img   decoding=\"async\" width=\"768\" height=\"576\" src=\"https:\/\/musee-contrefacon.com\/wp-content\/uploads\/2024\/02\/authentic-tac_1_horlogebodet-1-768x576.jpg\" class=\"c-card-post-sm_med\" alt=\"\" data-scroll data-scroll-repeat data-scroll-class=\"u-slide-right\" srcset=\"https:\/\/musee-contrefacon.com\/wp-content\/uploads\/2024\/02\/authentic-tac_1_horlogebodet-1-768x576.jpg 768w, https:\/\/musee-contrefacon.com\/wp-content\/uploads\/2024\/02\/authentic-tac_1_horlogebodet-1-600x450.jpg 600w, https:\/\/musee-contrefacon.com\/wp-content\/uploads\/2024\/02\/authentic-tac_1_horlogebodet-1-1024x768.jpg 1024w, https:\/\/musee-contrefacon.com\/wp-content\/uploads\/2024\/02\/authentic-tac_1_horlogebodet-1.jpg 1200w\" sizes=\"auto, (max-width: 768px) 100vw, 768px\" \/>\t<\/figure>\r\n\t<div class=\"c-card-post-sm_txt editor\" data-scroll data-scroll-repeat data-scroll-class=\"u-fade\">\r\n\t\t<h3 class=\"c-card-post-sm_ttl\" class=\"c-card-post-sm_ttl\" id=\"authentic-tac\">Authen&#8217;tic tac<\/h3>\r\n\t\t<p class=\"c-card-post-sm_terms\">exposure<\/p>\t\t<p class=\"c-card-post-sm_desc\">Watches come from the fantasy of mastering time and now became a desired item, symbol of style and luxury, a bunch of technology sublimated by the designer\u2019s art. From its status of icon derive copies and imitations in proportions more and more concerning.<\/p>\r\n\t\t\t\t\t<a class=\"c-card-post-sm_btn btn-tr btn-sm\" href='https:\/\/musee-contrefacon.com\/en\/exposure\/authentic-tac\/'>Lire la suite<\/a>\r\n\t\t\t<\/div>\r\n<\/div>\t\t\t\t\t<\/article>\r\n\t\t\t\t\t\t\t\t\t\t\t\t\t<\/div>\r\n\r\n\t\t\r\n\t<\/div>\r\n<\/section>\r\n\r\n\r\n","protected":false},"excerpt":{"rendered":"","protected":false},"author":8,"featured_media":0,"parent":0,"menu_order":0,"comment_status":"closed","ping_status":"closed","template":"","meta":{"_acf_changed":false,"inline_featured_image":false,"footnotes":""},"class_list":["post-6915","page","type-page","status-publish","hentry"],"acf":[],"yoast_head":"<!-- This site is optimized with the Yoast SEO plugin v27.4 - https:\/\/yoast.com\/product\/yoast-seo-wordpress\/ -->\n<title>Mus\u00e9e de la contrefa\u00e7on<\/title>\n<meta name=\"description\" content=\"%%excerpt%% Les expositions du Mus\u00e9e de la Contrefa\u00e7on vous invitent \u00e0 d\u00e9couvrir la contrefa\u00e7on autour de th\u00e9matiques diverses et \u00e0 percevoir les r\u00e9percussions soci\u00e9tales.\" \/>\n<meta name=\"robots\" content=\"index, follow, max-snippet:-1, max-image-preview:large, max-video-preview:-1\" \/>\n<link rel=\"canonical\" href=\"https:\/\/musee-contrefacon.com\/en\/exhibitions\/\" \/>\n<meta property=\"og:locale\" content=\"en_US\" \/>\n<meta property=\"og:type\" content=\"article\" \/>\n<meta property=\"og:title\" content=\"Exhibitions - Mus\u00e9e de la contrefa\u00e7on\" \/>\n<meta property=\"og:description\" content=\"Les expositions du Mus\u00e9e de la Contrefa\u00e7on vous invitent \u00e0 d\u00e9couvrir la contrefa\u00e7on autour de th\u00e9matiques diverses et \u00e0 percevoir les r\u00e9percussions soci\u00e9tales.\" \/>\n<meta property=\"og:url\" content=\"https:\/\/musee-contrefacon.com\/en\/exhibitions\/\" \/>\n<meta property=\"og:site_name\" content=\"Mus\u00e9e de la contrefa\u00e7on\" \/>\n<meta property=\"article:modified_time\" content=\"2024-06-17T12:33:01+00:00\" \/>\n<meta name=\"twitter:card\" content=\"summary_large_image\" \/>\n<script type=\"application\/ld+json\" class=\"yoast-schema-graph\">{\"@context\":\"https:\\\/\\\/schema.org\",\"@graph\":[{\"@type\":\"WebPage\",\"@id\":\"https:\\\/\\\/musee-contrefacon.com\\\/en\\\/exhibitions\\\/\",\"url\":\"https:\\\/\\\/musee-contrefacon.com\\\/en\\\/exhibitions\\\/\",\"name\":\"Exhibitions - Mus\u00e9e de la contrefa\u00e7on\",\"isPartOf\":{\"@id\":\"https:\\\/\\\/musee-contrefacon.com\\\/en\\\/#website\"},\"datePublished\":\"2024-02-07T15:08:16+00:00\",\"dateModified\":\"2024-06-17T12:33:01+00:00\",\"description\":\"Les expositions du Mus\u00e9e de la Contrefa\u00e7on vous invitent \u00e0 d\u00e9couvrir la contrefa\u00e7on autour de th\u00e9matiques diverses et \u00e0 percevoir les r\u00e9percussions soci\u00e9tales.\",\"breadcrumb\":{\"@id\":\"https:\\\/\\\/musee-contrefacon.com\\\/en\\\/exhibitions\\\/#breadcrumb\"},\"inLanguage\":\"en-US\",\"potentialAction\":[{\"@type\":\"ReadAction\",\"target\":[\"https:\\\/\\\/musee-contrefacon.com\\\/en\\\/exhibitions\\\/\"]}]},{\"@type\":\"BreadcrumbList\",\"@id\":\"https:\\\/\\\/musee-contrefacon.com\\\/en\\\/exhibitions\\\/#breadcrumb\",\"itemListElement\":[{\"@type\":\"ListItem\",\"position\":1,\"name\":\"Accueil\",\"item\":\"https:\\\/\\\/musee-contrefacon.com\\\/en\\\/accueil\\\/\"},{\"@type\":\"ListItem\",\"position\":2,\"name\":\"Exhibitions\"}]},{\"@type\":\"WebSite\",\"@id\":\"https:\\\/\\\/musee-contrefacon.com\\\/en\\\/#website\",\"url\":\"https:\\\/\\\/musee-contrefacon.com\\\/en\\\/\",\"name\":\"Mus\u00e9e de la contrefa\u00e7on\",\"description\":\"Le mus\u00e9e de l&#039;Union des Fabricants\",\"publisher\":{\"@id\":\"https:\\\/\\\/musee-contrefacon.com\\\/en\\\/#organization\"},\"potentialAction\":[{\"@type\":\"SearchAction\",\"target\":{\"@type\":\"EntryPoint\",\"urlTemplate\":\"https:\\\/\\\/musee-contrefacon.com\\\/en\\\/?s={search_term_string}\"},\"query-input\":{\"@type\":\"PropertyValueSpecification\",\"valueRequired\":true,\"valueName\":\"search_term_string\"}}],\"inLanguage\":\"en-US\"},{\"@type\":\"Organization\",\"@id\":\"https:\\\/\\\/musee-contrefacon.com\\\/en\\\/#organization\",\"name\":\"Mus\u00e9e de la contrefa\u00e7on\",\"url\":\"https:\\\/\\\/musee-contrefacon.com\\\/en\\\/\",\"logo\":{\"@type\":\"ImageObject\",\"inLanguage\":\"en-US\",\"@id\":\"https:\\\/\\\/musee-contrefacon.com\\\/en\\\/#\\\/schema\\\/logo\\\/image\\\/\",\"url\":\"https:\\\/\\\/musee-contrefacon.com\\\/wp-content\\\/uploads\\\/2023\\\/05\\\/fk_logo_full_rvb.svg\",\"contentUrl\":\"https:\\\/\\\/musee-contrefacon.com\\\/wp-content\\\/uploads\\\/2023\\\/05\\\/fk_logo_full_rvb.svg\",\"caption\":\"Mus\u00e9e de la contrefa\u00e7on\"},\"image\":{\"@id\":\"https:\\\/\\\/musee-contrefacon.com\\\/en\\\/#\\\/schema\\\/logo\\\/image\\\/\"}}]}<\/script>\n<!-- \/ Yoast SEO plugin. -->","yoast_head_json":{"title":"Mus\u00e9e de la contrefa\u00e7on","description":"%%excerpt%% Les expositions du Mus\u00e9e de la Contrefa\u00e7on vous invitent \u00e0 d\u00e9couvrir la contrefa\u00e7on autour de th\u00e9matiques diverses et \u00e0 percevoir les r\u00e9percussions soci\u00e9tales.","robots":{"index":"index","follow":"follow","max-snippet":"max-snippet:-1","max-image-preview":"max-image-preview:large","max-video-preview":"max-video-preview:-1"},"canonical":"https:\/\/musee-contrefacon.com\/en\/exhibitions\/","og_locale":"en_US","og_type":"article","og_title":"Exhibitions - Mus\u00e9e de la contrefa\u00e7on","og_description":"Les expositions du Mus\u00e9e de la Contrefa\u00e7on vous invitent \u00e0 d\u00e9couvrir la contrefa\u00e7on autour de th\u00e9matiques diverses et \u00e0 percevoir les r\u00e9percussions soci\u00e9tales.","og_url":"https:\/\/musee-contrefacon.com\/en\/exhibitions\/","og_site_name":"Mus\u00e9e de la contrefa\u00e7on","article_modified_time":"2024-06-17T12:33:01+00:00","twitter_card":"summary_large_image","schema":{"@context":"https:\/\/schema.org","@graph":[{"@type":"WebPage","@id":"https:\/\/musee-contrefacon.com\/en\/exhibitions\/","url":"https:\/\/musee-contrefacon.com\/en\/exhibitions\/","name":"Exhibitions - Mus\u00e9e de la contrefa\u00e7on","isPartOf":{"@id":"https:\/\/musee-contrefacon.com\/en\/#website"},"datePublished":"2024-02-07T15:08:16+00:00","dateModified":"2024-06-17T12:33:01+00:00","description":"Les expositions du Mus\u00e9e de la Contrefa\u00e7on vous invitent \u00e0 d\u00e9couvrir la contrefa\u00e7on autour de th\u00e9matiques diverses et \u00e0 percevoir les r\u00e9percussions soci\u00e9tales.","breadcrumb":{"@id":"https:\/\/musee-contrefacon.com\/en\/exhibitions\/#breadcrumb"},"inLanguage":"en-US","potentialAction":[{"@type":"ReadAction","target":["https:\/\/musee-contrefacon.com\/en\/exhibitions\/"]}]},{"@type":"BreadcrumbList","@id":"https:\/\/musee-contrefacon.com\/en\/exhibitions\/#breadcrumb","itemListElement":[{"@type":"ListItem","position":1,"name":"Accueil","item":"https:\/\/musee-contrefacon.com\/en\/accueil\/"},{"@type":"ListItem","position":2,"name":"Exhibitions"}]},{"@type":"WebSite","@id":"https:\/\/musee-contrefacon.com\/en\/#website","url":"https:\/\/musee-contrefacon.com\/en\/","name":"Mus\u00e9e de la contrefa\u00e7on","description":"Le mus\u00e9e de l&#039;Union des Fabricants","publisher":{"@id":"https:\/\/musee-contrefacon.com\/en\/#organization"},"potentialAction":[{"@type":"SearchAction","target":{"@type":"EntryPoint","urlTemplate":"https:\/\/musee-contrefacon.com\/en\/?s={search_term_string}"},"query-input":{"@type":"PropertyValueSpecification","valueRequired":true,"valueName":"search_term_string"}}],"inLanguage":"en-US"},{"@type":"Organization","@id":"https:\/\/musee-contrefacon.com\/en\/#organization","name":"Mus\u00e9e de la contrefa\u00e7on","url":"https:\/\/musee-contrefacon.com\/en\/","logo":{"@type":"ImageObject","inLanguage":"en-US","@id":"https:\/\/musee-contrefacon.com\/en\/#\/schema\/logo\/image\/","url":"https:\/\/musee-contrefacon.com\/wp-content\/uploads\/2023\/05\/fk_logo_full_rvb.svg","contentUrl":"https:\/\/musee-contrefacon.com\/wp-content\/uploads\/2023\/05\/fk_logo_full_rvb.svg","caption":"Mus\u00e9e de la contrefa\u00e7on"},"image":{"@id":"https:\/\/musee-contrefacon.com\/en\/#\/schema\/logo\/image\/"}}]}},"_links":{"self":[{"href":"https:\/\/musee-contrefacon.com\/en\/wp-json\/wp\/v2\/pages\/6915","targetHints":{"allow":["GET"]}}],"collection":[{"href":"https:\/\/musee-contrefacon.com\/en\/wp-json\/wp\/v2\/pages"}],"about":[{"href":"https:\/\/musee-contrefacon.com\/en\/wp-json\/wp\/v2\/types\/page"}],"author":[{"embeddable":true,"href":"https:\/\/musee-contrefacon.com\/en\/wp-json\/wp\/v2\/users\/8"}],"replies":[{"embeddable":true,"href":"https:\/\/musee-contrefacon.com\/en\/wp-json\/wp\/v2\/comments?post=6915"}],"version-history":[{"count":2,"href":"https:\/\/musee-contrefacon.com\/en\/wp-json\/wp\/v2\/pages\/6915\/revisions"}],"predecessor-version":[{"id":6919,"href":"https:\/\/musee-contrefacon.com\/en\/wp-json\/wp\/v2\/pages\/6915\/revisions\/6919"}],"wp:attachment":[{"href":"https:\/\/musee-contrefacon.com\/en\/wp-json\/wp\/v2\/media?parent=6915"}],"curies":[{"name":"wp","href":"https:\/\/api.w.org\/{rel}","templated":true}]}}