{"id":6930,"date":"2024-03-01T14:46:12","date_gmt":"2024-03-01T13:46:12","guid":{"rendered":"https:\/\/musee-contrefacon.com\/visites-individuelles\/"},"modified":"2024-10-29T15:41:47","modified_gmt":"2024-10-29T14:41:47","slug":"individual-visitors","status":"publish","type":"page","link":"https:\/\/musee-contrefacon.com\/en\/individual-visitors\/","title":{"rendered":"Individual visitors"},"content":{"rendered":"\r\n\r\n<section class=\"b-hero-sm bg-c1\" id='c37d1e46493fee2bb49ce510ccf89c27'>\r\n\t<div class=\"o-ctn\">\r\n\t\t<div class=\"b-hero-sm_wrp u-py5\">\r\n\t\t\t<header class=\"b-hero-sm_head\">\r\n\t\t\t\t<h1 class=\"b-hero-sm_ttl\" data-scroll data-scroll-repeat data-scroll-class=\"u-fade-up-1\" class=\"b-hero-sm_ttl\" data-scroll data-scroll-repeat data-scroll-class=\"u-fade-up-1\" id=\"individual-visitors\">Individual visitors<\/h1>\r\n\t\t\t\t<p class=\"b-hero-sm_subttl\" data-scroll data-scroll-repeat data-scroll-class=\"u-fade-up-2\">Mus\u00e9e de la contrefa\u00e7on<\/p>\t\t\t<\/header>\r\n\t\t<\/div>\r\n\t<\/div>\r\n\t<\/section>\r\n<section class=\"b-breadcrumb\" data-scroll data-scroll-repeat data-scroll-class=\"u-fade\">\r\n\t<div class=\"o-ctn\"><ul class=\"g-crumb\"><\/span><li class='g-crumb_item'><a class=\"g-crumb_link\" href=\"https:\/\/musee-contrefacon.com\/en\/accueil\/\" >Accueil<\/a><\/li><\/span><\/ul><\/div>\r\n<\/section>\r\n\r\n\n\n\r\n\r\n<section class=\"b-text-media-md tpl-t1 bg-cw\" id='0c88e20c141c7696ef4f9ecacff5a005'>\r\n\t<div class='o-ctn' data-scroll data-scroll-repeat data-scroll-class=\"u-fade\">\r\n\t\t<div class=\"row g-0 u-py5\">\r\n\r\n\t\t\r\n\t\t\t<div class=\"col-lg-6\" data-scroll data-scroll-repeat data-scroll-class=\"u-fade-right\">\r\n\r\n\t\t\t\t<div class=\"b-text-media-md__container\">\r\n\t\t\t\t\t\t\t\t\t\t<div class=\"b-text-media-lg_medias__animation top-left\" data-scroll data-scroll-delay=\"500\" data-scroll-repeat data-scroll-class=\"u-fade-left\"\r\n\t\t\t\t\t\tstyle=\"\r\n\t\t\t\t\t\t\tbackground-image: url('https:\/\/musee-contrefacon.com\/wp-content\/uploads\/2024\/03\/be-authentic-blue.png');\r\n\t\t\t\t\t\t\twidth: 118px;\r\n\t\t\t\t\t\t\theight: 61px;\r\n\t\t\t\t\t\t\tleft: -59px;\r\n\t\t\t\t\t\t\ttop : -30.5px;\"\r\n\t\t\t\t\t>\r\n\t\t\t\t\t<\/div>\r\n\t\t\t\t\t\r\n\t\t\t\t\t\r\n\t\t\t\t\t<div class=\"b-text-media-md_swiper swiper\" >\r\n\t\t\t\t\t\t<div class=\"b-text-media-md_medias swiper-wrapper\">\r\n\t\t\t\t\t\t\t\t\t\t\t\t\t\t\t<div class=\"swiper-slide\">\r\n\t\t\t\t\t\t\t\t\t<figure class=\"b-text-media-md_figure rt-4x3 rt-full\">\r\n\t\t\t\t\t\t\t\t\t\t<img   decoding=\"async\" width=\"1440\" height=\"1920\" src=\"https:\/\/musee-contrefacon.com\/wp-content\/uploads\/2024\/02\/image00011.jpeg\" class=\"b-text-media-md_med\" alt=\"\" style=\"object-fit:cover\" srcset=\"https:\/\/musee-contrefacon.com\/wp-content\/uploads\/2024\/02\/image00011.jpeg 1440w, https:\/\/musee-contrefacon.com\/wp-content\/uploads\/2024\/02\/image00011-600x800.jpeg 600w, https:\/\/musee-contrefacon.com\/wp-content\/uploads\/2024\/02\/image00011-576x768.jpeg 576w, https:\/\/musee-contrefacon.com\/wp-content\/uploads\/2024\/02\/image00011-768x1024.jpeg 768w, https:\/\/musee-contrefacon.com\/wp-content\/uploads\/2024\/02\/image00011-1152x1536.jpeg 1152w\" sizes=\"auto, (max-width: 1440px) 100vw, 1440px\" \/>\t\t\t\t\t\t\t\t\t<\/figure>\r\n\t\t\t\t\t\t\t\t<\/div>\r\n\t\t\t\t\t\t\t\t\t\t\t\t\t<\/div>\r\n\t\t\t\t\t\t\t\t\t\t\t<\/div>\r\n\r\n\t\t\t\t\t\r\n\t\t\t\t<\/div>\r\n\r\n\t\t\t<\/div>\r\n\t\t\t<div class='col-lg-5' data-scroll data-scroll-repeat data-scroll-class=\"u-fade-left\">\r\n\t\t\t\t\t\t\t\t<div class=\"b-text-media-md_txt editor\"><h2 id=\"unique-in-the-world-the-museum-of-counterfeiting-was-founded-by-the-union-des-fabricants-to-illustrate-explain-and-denounce-the-phenomenon-of-counterfeiting\">Unique in the world, the Museum of Counterfeiting was founded by the Union des Fabricants to illustrate, explain and denounce the phenomenon of counterfeiting.<\/h2>\n<\/div>\r\n\t\t\t<\/div>\r\n\t\t<\/div>\r\n\t<\/div>\r\n<\/section>\r\n\r\n\n\n\r\n\r\n\t<section class=\"b-list-features u-py5 bg-cw\" id='2f48fc84a2a501e8578ddc66ff78efbc' data-scroll data-scroll-repeat data-scroll-class=\"u-fade-down\">\r\n\t\t<div class=\"o-ctn-s\">\r\n            <header class=\"b-list-features_header\">\r\n                    <div class=\"b-list-features_subtxt\"><div class=\"ico-star\" style=\"background-image: url('https:\/\/musee-contrefacon.com\/wp-content\/themes\/fkagency\/assets\/svg\/ico-star-red.svg');\"><\/div>Situated in a mansion since 1951<\/div>\r\n                    <h2 class=\"b-list-features_ttl\" class=\"b-list-features_ttl\" id=\"it-occupies-a-surface-of-200m2-on-4-rooms\">It occupies a surface of 200m2 on 4 rooms<\/h2>\r\n      <\/header>\r\n      \r\n      \r\n      <div class=\"b-list-features_items o-grid-2 \">\r\n                    \r\n<article class=\"c-card-feature red\" data-scroll data-scroll-repeat data-scroll-class=\"u-fade-up\">\r\n        <div class=\"c-card-feature_txt editor\">\r\n        <h7 class=\"c-card-feature_ttl\">The seizure room<\/h7>\r\n        <p class=\"c-card-feature_desc\">Dedicated to industrial counterfeits, this room exhibits more than 300 various products and provides keys to understanding and hedging against counterfeiting and its consequences.<\/p>\r\n            <\/div>\r\n<\/article>                    \r\n<article class=\"c-card-feature yellow\" data-scroll data-scroll-repeat data-scroll-class=\"u-fade-up\">\r\n        <div class=\"c-card-feature_txt editor\">\r\n        <h7 class=\"c-card-feature_ttl\">The solutions room<\/h7>\r\n        <p class=\"c-card-feature_desc\">Explains the repression of counterfeiting and presents infographics to translate the issues and the modes of operation.<\/p>\r\n            <\/div>\r\n<\/article>                    \r\n<article class=\"c-card-feature blue\" data-scroll data-scroll-repeat data-scroll-class=\"u-fade-up\">\r\n        <div class=\"c-card-feature_txt editor\">\r\n        <h7 class=\"c-card-feature_ttl\">The art fakes salon<\/h7>\r\n        <p class=\"c-card-feature_desc\">Gathers counterfeits and art fakes seized by the law court.<\/p>\r\n            <\/div>\r\n<\/article>                    \r\n<article class=\"c-card-feature red\" data-scroll data-scroll-repeat data-scroll-class=\"u-fade-up\">\r\n        <div class=\"c-card-feature_txt editor\">\r\n        <h7 class=\"c-card-feature_ttl\">The temporary exhibition room<\/h7>\r\n        <p class=\"c-card-feature_desc\">Now dedicated to the history of UNIFAB \u2013 150 years of fight against counterfeiting.<\/p>\r\n            <\/div>\r\n<\/article>              <\/div>\r\n\r\n      \r\n    <\/div>\r\n\r\n\r\n\r\n    \r\n\t<\/section>\r\n\r\n\n\n\r\n\r\n<section class=\"b-banner u-py5 bg-cw\" id='7d6cb0b463b0c01ad34a73212b92391c'> \r\n\t<div class=\"o-ctn\">\r\n\t\t<div class=\"b-banner_txt editor\" data-scroll data-scroll-repeat data-scroll-class=\"u-fade-down\"><h4 style=\"text-align: center;\" style=\"text-align: center;\" id=\"see-the-plan-of-the-museum\"><a href=\"https:\/\/musee-contrefacon.com\/infos-pratiques\/plan-du-musee\/\"><span style=\"color: #2b2722;\">See the Plan of the museum<\/span><\/a><\/h4>\n<\/div>\r\n\t<\/div>\r\n\t<\/section>\r\n\r\n\n\n\r\n\r\n<section class=\"b-banner u-py5 bg-c1\" id='d6389c13dbf948853087ed4a056ee263'> \r\n\t<div class=\"o-ctn\">\r\n\t\t<div class=\"b-banner_txt editor\" data-scroll data-scroll-repeat data-scroll-class=\"u-fade-down\"><h3 style=\"text-align: center;\" style=\"text-align: center;\" id=\"book-your-ticket-to-visit-the-museum\">Book your ticket to visit the museum.<\/h3>\n<p style=\"text-align: center;\"><a class=\"c-editor_btn\" href=\"https:\/\/musee-contrefacon.com\/en\/billetterie\/billet-simple\/\">Booking<\/a><\/p>\n<\/div>\r\n\t<\/div>\r\n\t<\/section>\r\n\r\n\n\n\r\n\r\n<section class=\"b-accordion u-py4 bg-c2\" id='0d847b1dd99dc3990ee61a4d3d8822d8'>\r\n\t<div class=\"o-ctn\">\r\n\t\t<header class=\"b-accordion_header editor\"><h2 id=\"we-answer-your-questions\">We answer your questions<\/h2>\n<\/header>\t\t\t<div class=\"b-accordion_items\" x-data=\"{el:null}\">\r\n\t\t\t\t\r\n<article class='c-accordion bg-cw has-url' :class=\"{'collapsed':el==0}\" data-scroll data-scroll-repeat data-scroll-class=\"u-fade-up\">\r\n\t<h3 class=\"c-accordion_ttl\">\r\n\t\t<a class=\"c-accordion_link\" href=\"#\"><span> Can we visit the Museum of Counterfeiting?<\/span><\/a>\r\n\t\t<button class=\"c-accordion_button\" @click=\"el!==0?el=0:el=null\">\r\n\t\t\t<span class=\"u-sr-only\">D\u00e9plier le contenu de  Can we visit the Museum of Counterfeiting?<\/span>\r\n\t\t<\/button>\t\t\t\t\t\t\t\t\t\t\t\t\r\n\t<\/h3>\r\n\t<div class=\"c-accordion_panel\" x-ref=\"container0\" x-bind:style=\"el==0?'max-height:'+$refs.container0.scrollHeight+'px':''\">\r\n\t\t<div class=\"c-accordion_txt editor\"><p>Some of our visitors tell us that they have passed our door many times before going through it, fearing that the visit is only accessible by appointment. Our museum is confidential and unusual, certainly, but not inaccessible! To visit, simply go to the door during opening hours and ring the bell. We promise, we\u2019ll open for you! And you will know everything about the techniques of counterfeiters and the ways to spot fakes\u2026<\/p>\n<\/div>\t<\/div>\r\n<\/article>\r\n\r\n<article class='c-accordion bg-cw has-url' :class=\"{'collapsed':el==1}\" data-scroll data-scroll-repeat data-scroll-class=\"u-fade-up\">\r\n\t<h3 class=\"c-accordion_ttl\">\r\n\t\t<a class=\"c-accordion_link\" href=\"#\"><span>What do we see at the Museum of Counterfeiting?<\/span><\/a>\r\n\t\t<button class=\"c-accordion_button\" @click=\"el!==1?el=1:el=null\">\r\n\t\t\t<span class=\"u-sr-only\">D\u00e9plier le contenu de What do we see at the Museum of Counterfeiting?<\/span>\r\n\t\t<\/button>\t\t\t\t\t\t\t\t\t\t\t\t\r\n\t<\/h3>\r\n\t<div class=\"c-accordion_panel\" x-ref=\"container1\" x-bind:style=\"el==1?'max-height:'+$refs.container1.scrollHeight+'px':''\">\r\n\t\t<div class=\"c-accordion_txt editor\"><p>The museum of Counterfeiting exhibits a few hundreds of items spread into four rooms. It gathers a diversified collection from high luxury brands to daily used products and from industrial items to works of art.<\/p>\n<\/div>\t<\/div>\r\n<\/article>\r\n\r\n<article class='c-accordion bg-cw has-url' :class=\"{'collapsed':el==2}\" data-scroll data-scroll-repeat data-scroll-class=\"u-fade-up\">\r\n\t<h3 class=\"c-accordion_ttl\">\r\n\t\t<a class=\"c-accordion_link\" href=\"#\"><span>When can we visit the museum?<\/span><\/a>\r\n\t\t<button class=\"c-accordion_button\" @click=\"el!==2?el=2:el=null\">\r\n\t\t\t<span class=\"u-sr-only\">D\u00e9plier le contenu de When can we visit the museum?<\/span>\r\n\t\t<\/button>\t\t\t\t\t\t\t\t\t\t\t\t\r\n\t<\/h3>\r\n\t<div class=\"c-accordion_panel\" x-ref=\"container2\" x-bind:style=\"el==2?'max-height:'+$refs.container2.scrollHeight+'px':''\">\r\n\t\t<div class=\"c-accordion_txt editor\"><p>The museum is open to public from Monday to Friday from 2pm to 5:30pm. For individual visitors, it is not necessary to book your ticket. For groups, it is necessary to book in advance and guided tours can be organized in the morning or in the afternoon: to find out more, please click on \u201ccontact\u201d.<\/p>\n<\/div>\t<\/div>\r\n<\/article>\r\n\r\n<article class='c-accordion bg-cw has-url' :class=\"{'collapsed':el==3}\" data-scroll data-scroll-repeat data-scroll-class=\"u-fade-up\">\r\n\t<h3 class=\"c-accordion_ttl\">\r\n\t\t<a class=\"c-accordion_link\" href=\"#\"><span>How much time does the visit last?<\/span><\/a>\r\n\t\t<button class=\"c-accordion_button\" @click=\"el!==3?el=3:el=null\">\r\n\t\t\t<span class=\"u-sr-only\">D\u00e9plier le contenu de How much time does the visit last?<\/span>\r\n\t\t<\/button>\t\t\t\t\t\t\t\t\t\t\t\t\r\n\t<\/h3>\r\n\t<div class=\"c-accordion_panel\" x-ref=\"container3\" x-bind:style=\"el==3?'max-height:'+$refs.container3.scrollHeight+'px':''\">\r\n\t\t<div class=\"c-accordion_txt editor\"><p>The museum covers 200 m\u00b2 split in four rooms. It takes approximately 40 minutes for the visit.<\/p>\n<p><a href=\"https:\/\/musee-contrefacon.com\/plan-du-musee\/\">See the museum map<\/a><\/p>\n<p>&nbsp;<\/p>\n<\/div>\t<\/div>\r\n<\/article>\r\n\r\n<article class='c-accordion bg-cw has-url' :class=\"{'collapsed':el==4}\" data-scroll data-scroll-repeat data-scroll-class=\"u-fade-up\">\r\n\t<h3 class=\"c-accordion_ttl\">\r\n\t\t<a class=\"c-accordion_link\" href=\"#\"><span>What audience is it aimed at?<\/span><\/a>\r\n\t\t<button class=\"c-accordion_button\" @click=\"el!==4?el=4:el=null\">\r\n\t\t\t<span class=\"u-sr-only\">D\u00e9plier le contenu de What audience is it aimed at?<\/span>\r\n\t\t<\/button>\t\t\t\t\t\t\t\t\t\t\t\t\r\n\t<\/h3>\r\n\t<div class=\"c-accordion_panel\" x-ref=\"container4\" x-bind:style=\"el==4?'max-height:'+$refs.container4.scrollHeight+'px':''\">\r\n\t\t<div class=\"c-accordion_txt editor\"><p>The visit of the museum is suitable for all public from the age of 8.<\/p>\n<\/div>\t<\/div>\r\n<\/article>\r\n\r\n<article class='c-accordion bg-cw has-url' :class=\"{'collapsed':el==5}\" data-scroll data-scroll-repeat data-scroll-class=\"u-fade-up\">\r\n\t<h3 class=\"c-accordion_ttl\">\r\n\t\t<a class=\"c-accordion_link\" href=\"#\"><span>Is the museum accessible to people with mobility disability?<\/span><\/a>\r\n\t\t<button class=\"c-accordion_button\" @click=\"el!==5?el=5:el=null\">\r\n\t\t\t<span class=\"u-sr-only\">D\u00e9plier le contenu de Is the museum accessible to people with mobility disability?<\/span>\r\n\t\t<\/button>\t\t\t\t\t\t\t\t\t\t\t\t\r\n\t<\/h3>\r\n\t<div class=\"c-accordion_panel\" x-ref=\"container5\" x-bind:style=\"el==5?'max-height:'+$refs.container5.scrollHeight+'px':''\">\r\n\t\t<div class=\"c-accordion_txt editor\"><p>The access to our rooms includes a 7-steps staircase. If you are accompanying a person in a wheelchair, our team can help you carry the wheelchair up the stairs. The museum is then on the ground floor.<\/p>\n<\/div>\t<\/div>\r\n<\/article>\r\n\t\t\t<\/div>\r\n\t\t\t<\/div>\r\n<\/section>\r\n\r\n\n\n\r\n\r\n\t<section class=\"b-list-features u-py5 bg-cw\" id='1c9eb01b49a06f431c65209d0c65f244' data-scroll data-scroll-repeat data-scroll-class=\"u-fade-down\">\r\n\t\t<div class=\"o-ctn-s\">\r\n            <header class=\"b-list-features_header\">\r\n                    <h2 class=\"b-list-features_ttl\" class=\"b-list-features_ttl\" id=\"nos-visiteurs-sexpriment\">Nos visiteurs s&#8217;expriment<\/h2>\r\n      <\/header>\r\n      \r\n      \r\n      <div class=\"b-list-features_items o-grid-3 \">\r\n                    \r\n<article class=\"c-card-feature red\" data-scroll data-scroll-repeat data-scroll-class=\"u-fade-up\">\r\n        <div class=\"c-card-feature_txt editor\">\r\n        <h7 class=\"c-card-feature_ttl\"><\/h7>\r\n        <p class=\"c-card-feature_desc\">\u201cA small museum full of information. Thank you for all this new knowledge.\u201d<\/br>&#8211; \u201cA small museum full of information. Thank you for all this new knowledge.\u201d<\/br>&#8211; Julia<\/p>\r\n            <\/div>\r\n<\/article>                    \r\n<article class=\"c-card-feature blue\" data-scroll data-scroll-repeat data-scroll-class=\"u-fade-up\">\r\n        <div class=\"c-card-feature_txt editor\">\r\n        <h7 class=\"c-card-feature_ttl\"><\/h7>\r\n        <p class=\"c-card-feature_desc\">\u201cExciting and fun, this unusual museum is a real gem! Thanks.\u201d<\/br>&#8211; Emma &#038; Basile<\/p>\r\n            <\/div>\r\n<\/article>                    \r\n<article class=\"c-card-feature yellow\" data-scroll data-scroll-repeat data-scroll-class=\"u-fade-up\">\r\n        <div class=\"c-card-feature_txt editor\">\r\n        <h7 class=\"c-card-feature_ttl\"><\/h7>\r\n        <p class=\"c-card-feature_desc\">\u201cVery interesting and informative visit on the manufacturing\/dissemination circuits of counterfeits. A market that is unfortunately not about to stop\u2026 Thanks.\u201d<\/br>&#8211; Paul<\/p>\r\n            <\/div>\r\n<\/article>              <\/div>\r\n\r\n      \r\n    <\/div>\r\n\r\n\r\n\r\n    \r\n\t<\/section>\r\n\r\n","protected":false},"excerpt":{"rendered":"","protected":false},"author":8,"featured_media":0,"parent":0,"menu_order":0,"comment_status":"closed","ping_status":"closed","template":"","meta":{"_acf_changed":false,"inline_featured_image":false,"footnotes":""},"class_list":["post-6930","page","type-page","status-publish","hentry"],"acf":[],"yoast_head":"<!-- This site is optimized with the Yoast SEO plugin v27.4 - https:\/\/yoast.com\/product\/yoast-seo-wordpress\/ -->\n<title>Mus\u00e9e de la contrefa\u00e7on<\/title>\n<meta name=\"description\" content=\"%%excerpt%% Organisez votre visite au Mus\u00e9e de la Contrefa\u00e7on. Cr\u00e9\u00e9 par l\u2019Union des fabricants le mus\u00e9e illustre, explique et d\u00e9nonce le ph\u00e9nom\u00e8ne de la contrefa\u00e7on.\" \/>\n<meta name=\"robots\" content=\"index, follow, max-snippet:-1, max-image-preview:large, max-video-preview:-1\" \/>\n<link rel=\"canonical\" href=\"https:\/\/musee-contrefacon.com\/en\/individual-visitors\/\" \/>\n<meta property=\"og:locale\" content=\"en_US\" \/>\n<meta property=\"og:type\" content=\"article\" \/>\n<meta property=\"og:title\" content=\"Individual visitors - Mus\u00e9e de la contrefa\u00e7on\" \/>\n<meta property=\"og:description\" content=\"Organisez votre visite au Mus\u00e9e de la Contrefa\u00e7on. Cr\u00e9\u00e9 par l\u2019Union des fabricants le mus\u00e9e illustre, explique et d\u00e9nonce le ph\u00e9nom\u00e8ne de la contrefa\u00e7on.\" \/>\n<meta property=\"og:url\" content=\"https:\/\/musee-contrefacon.com\/en\/individual-visitors\/\" \/>\n<meta property=\"og:site_name\" content=\"Mus\u00e9e de la contrefa\u00e7on\" \/>\n<meta property=\"article:modified_time\" content=\"2024-10-29T14:41:47+00:00\" \/>\n<meta name=\"twitter:card\" content=\"summary_large_image\" \/>\n<script type=\"application\/ld+json\" class=\"yoast-schema-graph\">{\"@context\":\"https:\\\/\\\/schema.org\",\"@graph\":[{\"@type\":\"WebPage\",\"@id\":\"https:\\\/\\\/musee-contrefacon.com\\\/en\\\/individual-visitors\\\/\",\"url\":\"https:\\\/\\\/musee-contrefacon.com\\\/en\\\/individual-visitors\\\/\",\"name\":\"Individual visitors - Mus\u00e9e de la contrefa\u00e7on\",\"isPartOf\":{\"@id\":\"https:\\\/\\\/musee-contrefacon.com\\\/en\\\/#website\"},\"datePublished\":\"2024-03-01T13:46:12+00:00\",\"dateModified\":\"2024-10-29T14:41:47+00:00\",\"description\":\"Organisez votre visite au Mus\u00e9e de la Contrefa\u00e7on. Cr\u00e9\u00e9 par l\u2019Union des fabricants le mus\u00e9e illustre, explique et d\u00e9nonce le ph\u00e9nom\u00e8ne de la contrefa\u00e7on.\",\"breadcrumb\":{\"@id\":\"https:\\\/\\\/musee-contrefacon.com\\\/en\\\/individual-visitors\\\/#breadcrumb\"},\"inLanguage\":\"en-US\",\"potentialAction\":[{\"@type\":\"ReadAction\",\"target\":[\"https:\\\/\\\/musee-contrefacon.com\\\/en\\\/individual-visitors\\\/\"]}]},{\"@type\":\"BreadcrumbList\",\"@id\":\"https:\\\/\\\/musee-contrefacon.com\\\/en\\\/individual-visitors\\\/#breadcrumb\",\"itemListElement\":[{\"@type\":\"ListItem\",\"position\":1,\"name\":\"Accueil\",\"item\":\"https:\\\/\\\/musee-contrefacon.com\\\/en\\\/accueil\\\/\"},{\"@type\":\"ListItem\",\"position\":2,\"name\":\"Individual visitors\"}]},{\"@type\":\"WebSite\",\"@id\":\"https:\\\/\\\/musee-contrefacon.com\\\/en\\\/#website\",\"url\":\"https:\\\/\\\/musee-contrefacon.com\\\/en\\\/\",\"name\":\"Mus\u00e9e de la contrefa\u00e7on\",\"description\":\"Le mus\u00e9e de l&#039;Union des Fabricants\",\"publisher\":{\"@id\":\"https:\\\/\\\/musee-contrefacon.com\\\/en\\\/#organization\"},\"potentialAction\":[{\"@type\":\"SearchAction\",\"target\":{\"@type\":\"EntryPoint\",\"urlTemplate\":\"https:\\\/\\\/musee-contrefacon.com\\\/en\\\/?s={search_term_string}\"},\"query-input\":{\"@type\":\"PropertyValueSpecification\",\"valueRequired\":true,\"valueName\":\"search_term_string\"}}],\"inLanguage\":\"en-US\"},{\"@type\":\"Organization\",\"@id\":\"https:\\\/\\\/musee-contrefacon.com\\\/en\\\/#organization\",\"name\":\"Mus\u00e9e de la contrefa\u00e7on\",\"url\":\"https:\\\/\\\/musee-contrefacon.com\\\/en\\\/\",\"logo\":{\"@type\":\"ImageObject\",\"inLanguage\":\"en-US\",\"@id\":\"https:\\\/\\\/musee-contrefacon.com\\\/en\\\/#\\\/schema\\\/logo\\\/image\\\/\",\"url\":\"https:\\\/\\\/musee-contrefacon.com\\\/wp-content\\\/uploads\\\/2023\\\/05\\\/fk_logo_full_rvb.svg\",\"contentUrl\":\"https:\\\/\\\/musee-contrefacon.com\\\/wp-content\\\/uploads\\\/2023\\\/05\\\/fk_logo_full_rvb.svg\",\"caption\":\"Mus\u00e9e de la contrefa\u00e7on\"},\"image\":{\"@id\":\"https:\\\/\\\/musee-contrefacon.com\\\/en\\\/#\\\/schema\\\/logo\\\/image\\\/\"}}]}<\/script>\n<!-- \/ Yoast SEO plugin. -->","yoast_head_json":{"title":"Mus\u00e9e de la contrefa\u00e7on","description":"%%excerpt%% Organisez votre visite au Mus\u00e9e de la Contrefa\u00e7on. Cr\u00e9\u00e9 par l\u2019Union des fabricants le mus\u00e9e illustre, explique et d\u00e9nonce le ph\u00e9nom\u00e8ne de la contrefa\u00e7on.","robots":{"index":"index","follow":"follow","max-snippet":"max-snippet:-1","max-image-preview":"max-image-preview:large","max-video-preview":"max-video-preview:-1"},"canonical":"https:\/\/musee-contrefacon.com\/en\/individual-visitors\/","og_locale":"en_US","og_type":"article","og_title":"Individual visitors - Mus\u00e9e de la contrefa\u00e7on","og_description":"Organisez votre visite au Mus\u00e9e de la Contrefa\u00e7on. Cr\u00e9\u00e9 par l\u2019Union des fabricants le mus\u00e9e illustre, explique et d\u00e9nonce le ph\u00e9nom\u00e8ne de la contrefa\u00e7on.","og_url":"https:\/\/musee-contrefacon.com\/en\/individual-visitors\/","og_site_name":"Mus\u00e9e de la contrefa\u00e7on","article_modified_time":"2024-10-29T14:41:47+00:00","twitter_card":"summary_large_image","schema":{"@context":"https:\/\/schema.org","@graph":[{"@type":"WebPage","@id":"https:\/\/musee-contrefacon.com\/en\/individual-visitors\/","url":"https:\/\/musee-contrefacon.com\/en\/individual-visitors\/","name":"Individual visitors - Mus\u00e9e de la contrefa\u00e7on","isPartOf":{"@id":"https:\/\/musee-contrefacon.com\/en\/#website"},"datePublished":"2024-03-01T13:46:12+00:00","dateModified":"2024-10-29T14:41:47+00:00","description":"Organisez votre visite au Mus\u00e9e de la Contrefa\u00e7on. Cr\u00e9\u00e9 par l\u2019Union des fabricants le mus\u00e9e illustre, explique et d\u00e9nonce le ph\u00e9nom\u00e8ne de la contrefa\u00e7on.","breadcrumb":{"@id":"https:\/\/musee-contrefacon.com\/en\/individual-visitors\/#breadcrumb"},"inLanguage":"en-US","potentialAction":[{"@type":"ReadAction","target":["https:\/\/musee-contrefacon.com\/en\/individual-visitors\/"]}]},{"@type":"BreadcrumbList","@id":"https:\/\/musee-contrefacon.com\/en\/individual-visitors\/#breadcrumb","itemListElement":[{"@type":"ListItem","position":1,"name":"Accueil","item":"https:\/\/musee-contrefacon.com\/en\/accueil\/"},{"@type":"ListItem","position":2,"name":"Individual visitors"}]},{"@type":"WebSite","@id":"https:\/\/musee-contrefacon.com\/en\/#website","url":"https:\/\/musee-contrefacon.com\/en\/","name":"Mus\u00e9e de la contrefa\u00e7on","description":"Le mus\u00e9e de l&#039;Union des Fabricants","publisher":{"@id":"https:\/\/musee-contrefacon.com\/en\/#organization"},"potentialAction":[{"@type":"SearchAction","target":{"@type":"EntryPoint","urlTemplate":"https:\/\/musee-contrefacon.com\/en\/?s={search_term_string}"},"query-input":{"@type":"PropertyValueSpecification","valueRequired":true,"valueName":"search_term_string"}}],"inLanguage":"en-US"},{"@type":"Organization","@id":"https:\/\/musee-contrefacon.com\/en\/#organization","name":"Mus\u00e9e de la contrefa\u00e7on","url":"https:\/\/musee-contrefacon.com\/en\/","logo":{"@type":"ImageObject","inLanguage":"en-US","@id":"https:\/\/musee-contrefacon.com\/en\/#\/schema\/logo\/image\/","url":"https:\/\/musee-contrefacon.com\/wp-content\/uploads\/2023\/05\/fk_logo_full_rvb.svg","contentUrl":"https:\/\/musee-contrefacon.com\/wp-content\/uploads\/2023\/05\/fk_logo_full_rvb.svg","caption":"Mus\u00e9e de la contrefa\u00e7on"},"image":{"@id":"https:\/\/musee-contrefacon.com\/en\/#\/schema\/logo\/image\/"}}]}},"_links":{"self":[{"href":"https:\/\/musee-contrefacon.com\/en\/wp-json\/wp\/v2\/pages\/6930","targetHints":{"allow":["GET"]}}],"collection":[{"href":"https:\/\/musee-contrefacon.com\/en\/wp-json\/wp\/v2\/pages"}],"about":[{"href":"https:\/\/musee-contrefacon.com\/en\/wp-json\/wp\/v2\/types\/page"}],"author":[{"embeddable":true,"href":"https:\/\/musee-contrefacon.com\/en\/wp-json\/wp\/v2\/users\/8"}],"replies":[{"embeddable":true,"href":"https:\/\/musee-contrefacon.com\/en\/wp-json\/wp\/v2\/comments?post=6930"}],"version-history":[{"count":4,"href":"https:\/\/musee-contrefacon.com\/en\/wp-json\/wp\/v2\/pages\/6930\/revisions"}],"predecessor-version":[{"id":7767,"href":"https:\/\/musee-contrefacon.com\/en\/wp-json\/wp\/v2\/pages\/6930\/revisions\/7767"}],"wp:attachment":[{"href":"https:\/\/musee-contrefacon.com\/en\/wp-json\/wp\/v2\/media?parent=6930"}],"curies":[{"name":"wp","href":"https:\/\/api.w.org\/{rel}","templated":true}]}}