{"id":6942,"date":"2024-02-21T10:17:25","date_gmt":"2024-02-21T09:17:25","guid":{"rendered":"https:\/\/musee-contrefacon.com\/visite-en-groupe\/"},"modified":"2024-10-14T17:20:34","modified_gmt":"2024-10-14T15:20:34","slug":"groups","status":"publish","type":"page","link":"https:\/\/musee-contrefacon.com\/en\/groups\/","title":{"rendered":"Groups"},"content":{"rendered":"\r\n\r\n<section class=\"b-hero-sm bg-c1\" id='c37d1e46493fee2bb49ce510ccf89c27'>\r\n\t<div class=\"o-ctn\">\r\n\t\t<div class=\"b-hero-sm_wrp u-py5\">\r\n\t\t\t<header class=\"b-hero-sm_head\">\r\n\t\t\t\t<h1 class=\"b-hero-sm_ttl\" data-scroll data-scroll-repeat data-scroll-class=\"u-fade-up-1\" class=\"b-hero-sm_ttl\" data-scroll data-scroll-repeat data-scroll-class=\"u-fade-up-1\" id=\"groups\">Groups<\/h1>\r\n\t\t\t\t<p class=\"b-hero-sm_subttl\" data-scroll data-scroll-repeat data-scroll-class=\"u-fade-up-2\">Mus\u00e9e de la contrefa\u00e7on<\/p>\t\t\t<\/header>\r\n\t\t<\/div>\r\n\t<\/div>\r\n\t<\/section>\r\n<section class=\"b-breadcrumb\" data-scroll data-scroll-repeat data-scroll-class=\"u-fade\">\r\n\t<div class=\"o-ctn\"><ul class=\"g-crumb\"><\/span><li class='g-crumb_item'><a class=\"g-crumb_link\" href=\"https:\/\/musee-contrefacon.com\/en\/accueil\/\" >Accueil<\/a><\/li><\/span><\/ul><\/div>\r\n<\/section>\r\n\r\n\n\n\r\n\r\n<section class=\"b-tinymce u-py4 bg-cw column2\" id='7e3c68d11374ba5137f4547648d47aae'>\r\n\t<div class=\"o-ctn\" data-scroll data-scroll-repeat data-scroll-class=\"u-fade-up\">\r\n\t\t\r\n\t\t\t\r\n\t\t\t<div class=\"row g-2\">\r\n\t\t\t\t<div class=\"col-lg-5\">\r\n\t\t\t\t\t<div class=\"b-tinymce_txt editor\"><h2 id=\"organize-your-visit-for-your-group\">Organize your visit for your group<\/h2>\n<p>The museum offers groups fun and educational activities to better understand counterfeiting and intellectual property.<\/p>\n<p>Developed to meet the expectations of different categories of public, these activities are accessible to all groups by reservation.<\/p>\n<p>&nbsp;<\/p>\n<\/div>\r\n\t\t\t\t<\/div>\r\n\t\t\t\t\t\t\t\t<div class=\"col-lg-5\">\r\n\t\t\t\t\t<div class=\"b-tinymce_txt editor\"><h4 id=\"conditions\"><span style=\"color: #1cb6f7;\">Conditions<\/span><\/h4>\n<p style=\"padding-left: 40px;\">A group is composed of 10 to 30 participants<\/p>\n<p style=\"padding-left: 40px;\">Each group must book a slot<\/p>\n<p style=\"padding-left: 40px;\">The museum cannot welcome several groups simultaneously<\/p>\n<\/div>\r\n\t\t\t\t<\/div>\r\n\t\t\t\t\t\t\t<\/div>\r\n\r\n\t<\/div>\r\n<\/section>\r\n\r\n\n\n\r\n\r\n<section class=\"b-text-media-md tpl-t1 bg-c2\" id='096fe2c07cc3ac455d154a0ed739ae82'>\r\n\t<div class='o-ctn' data-scroll data-scroll-repeat data-scroll-class=\"u-fade\">\r\n\t\t<div class=\"row g-0 u-py5\">\r\n\r\n\t\t\r\n\t\t\t<div class=\"col-lg-6\" data-scroll data-scroll-repeat data-scroll-class=\"u-fade-right\">\r\n\r\n\t\t\t\t<div class=\"b-text-media-md__container\">\r\n\t\t\t\t\t\r\n\t\t\t\t\t\r\n\t\t\t\t\t<div class=\"b-text-media-md_swiper swiper\" >\r\n\t\t\t\t\t\t<div class=\"b-text-media-md_medias swiper-wrapper\">\r\n\t\t\t\t\t\t\t\t\t\t\t\t\t\t\t<div class=\"swiper-slide\">\r\n\t\t\t\t\t\t\t\t\t<figure class=\"b-text-media-md_figure rt-4x3 rt-full\">\r\n\t\t\t\t\t\t\t\t\t\t<img   decoding=\"async\" width=\"1920\" height=\"1440\" src=\"https:\/\/musee-contrefacon.com\/wp-content\/uploads\/2024\/02\/IMG_2390.jpg\" class=\"b-text-media-md_med\" alt=\"\" style=\"object-fit:cover\" srcset=\"https:\/\/musee-contrefacon.com\/wp-content\/uploads\/2024\/02\/IMG_2390.jpg 1920w, https:\/\/musee-contrefacon.com\/wp-content\/uploads\/2024\/02\/IMG_2390-600x450.jpg 600w, https:\/\/musee-contrefacon.com\/wp-content\/uploads\/2024\/02\/IMG_2390-768x576.jpg 768w, https:\/\/musee-contrefacon.com\/wp-content\/uploads\/2024\/02\/IMG_2390-1024x768.jpg 1024w, https:\/\/musee-contrefacon.com\/wp-content\/uploads\/2024\/02\/IMG_2390-1536x1152.jpg 1536w\" sizes=\"auto, (max-width: 1920px) 100vw, 1920px\" \/>\t\t\t\t\t\t\t\t\t<\/figure>\r\n\t\t\t\t\t\t\t\t<\/div>\r\n\t\t\t\t\t\t\t\t\t\t\t\t\t<\/div>\r\n\t\t\t\t\t\t\t\t\t\t\t<\/div>\r\n\r\n\t\t\t\t\t\r\n\t\t\t\t<\/div>\r\n\r\n\t\t\t<\/div>\r\n\t\t\t<div class='col-lg-5' data-scroll data-scroll-repeat data-scroll-class=\"u-fade-left\">\r\n\t\t\t\t\t\t\t\t<div class=\"b-text-media-lg_subtxt\"><div class=\"ico-star\" style=\"background-image: url('https:\/\/musee-contrefacon.com\/wp-content\/themes\/fkagency\/assets\/svg\/ico-star-red.svg');\"><\/div>For school groups for middle school and high school<\/div>\r\n\t\t\t\t\t\t\t\t<div class=\"b-text-media-md_txt editor\"><h2 id=\"guided-tour-schools\">Guided tour &#8211; Schools<\/h2>\n<p>This discovery visit format offers middle and high school students an introduction to industrial property and the risks posed by counterfeiting.<\/p>\n<ul>\n<li>Guided tour: Discovery of the museum and the key-concepts of counterfeiting.<\/li>\n<\/ul>\n<p><span style=\"color: #1cb6f7;\">Duration:<\/span> 45 minutes<\/p>\n<h4 id=\"\">&nbsp;<\/h4>\n<h4 id=\"price\">Price<\/h4>\n<p>Guided tour at 66 euros + 4.40 euros per participant.<\/p>\n<p><em>Free entry for 1 teacher per 10 students.<\/em><\/p>\n<p><a class=\"c-editor_btn btn-cb\" href=\"https:\/\/musee-contrefacon.com\/\/\/billetterie\/visite-scolaire\/\">Contact us<\/a><\/p>\n<\/div>\r\n\t\t\t<\/div>\r\n\t\t<\/div>\r\n\t<\/div>\r\n<\/section>\r\n\r\n\n\n\r\n\r\n<section class=\"b-text-media-md tpl-t2 bg-c2\" id='b60c42602a30b2df57ce459d7ecddfbd'>\r\n\t<div class='o-ctn' data-scroll data-scroll-repeat data-scroll-class=\"u-fade\">\r\n\t\t<div class=\"row g-0 u-py5\">\r\n\r\n\t\t\r\n\t\t\t<div class=\"col-lg-6\" data-scroll data-scroll-repeat data-scroll-class=\"u-fade-right\">\r\n\r\n\t\t\t\t<div class=\"b-text-media-md__container\">\r\n\t\t\t\t\t\r\n\t\t\t\t\t\r\n\t\t\t\t\t<div class=\"b-text-media-md_swiper swiper\" >\r\n\t\t\t\t\t\t<div class=\"b-text-media-md_medias swiper-wrapper\">\r\n\t\t\t\t\t\t\t\t\t\t\t\t\t\t\t<div class=\"swiper-slide\">\r\n\t\t\t\t\t\t\t\t\t<figure class=\"b-text-media-md_figure rt-4x3 rt-full\">\r\n\t\t\t\t\t\t\t\t\t\t<img   decoding=\"async\" width=\"1920\" height=\"1440\" src=\"https:\/\/musee-contrefacon.com\/wp-content\/uploads\/2024\/02\/IMG_2383.jpg\" class=\"b-text-media-md_med\" alt=\"\" style=\"object-fit:cover\" srcset=\"https:\/\/musee-contrefacon.com\/wp-content\/uploads\/2024\/02\/IMG_2383.jpg 1920w, https:\/\/musee-contrefacon.com\/wp-content\/uploads\/2024\/02\/IMG_2383-600x450.jpg 600w, https:\/\/musee-contrefacon.com\/wp-content\/uploads\/2024\/02\/IMG_2383-768x576.jpg 768w, https:\/\/musee-contrefacon.com\/wp-content\/uploads\/2024\/02\/IMG_2383-1024x768.jpg 1024w, https:\/\/musee-contrefacon.com\/wp-content\/uploads\/2024\/02\/IMG_2383-1536x1152.jpg 1536w\" sizes=\"auto, (max-width: 1920px) 100vw, 1920px\" \/>\t\t\t\t\t\t\t\t\t<\/figure>\r\n\t\t\t\t\t\t\t\t<\/div>\r\n\t\t\t\t\t\t\t\t\t\t\t\t\t<\/div>\r\n\t\t\t\t\t\t\t\t\t\t\t<\/div>\r\n\r\n\t\t\t\t\t\r\n\t\t\t\t<\/div>\r\n\r\n\t\t\t<\/div>\r\n\t\t\t<div class='col-lg-5' data-scroll data-scroll-repeat data-scroll-class=\"u-fade-left\">\r\n\t\t\t\t\t\t\t\t<div class=\"b-text-media-lg_subtxt\"><div class=\"ico-star\" style=\"background-image: url('https:\/\/musee-contrefacon.com\/wp-content\/themes\/fkagency\/assets\/svg\/ico-star-red.svg');\"><\/div>For school groups for middle school and high school<\/div>\r\n\t\t\t\t\t\t\t\t<div class=\"b-text-media-md_txt editor\"><h2 id=\"workshop-guided-tour-schools\">Workshop-guided tour &#8211; Schools<\/h2>\n<p>This discovery visit format offers middle and high school students an introduction to industrial property and the risks posed by counterfeiting, followed by a practical workshop.<\/p>\n<ul>\n<li>Guided tour: <em>Discovery of the museum and the key concepts<\/em>;<\/li>\n<li>Collaborative workshop: <em>In the customs officers\u2019 shoes \u2013 identify counterfeits.<\/em><\/li>\n<\/ul>\n<p><span style=\"color: #1cb6f7;\">Duration:<\/span> 60 minutes<\/p>\n<h4 id=\"\">&nbsp;<\/h4>\n<h4 id=\"price\">Price<\/h4>\n<p>Guided tour at 82.50 euros + 4.40 euros per participant.<\/p>\n<p><em>Free entry for 1 teacher per 10 students.<\/em><\/p>\n<p><a class=\"c-editor_btn btn-cb\" href=\"https:\/\/musee-contrefacon.com\/en\/billetterie\/visite-atelier-scolaire\/\" target=\"_blank\" rel=\"noopener\">Contact us<\/a><\/p>\n<\/div>\r\n\t\t\t<\/div>\r\n\t\t<\/div>\r\n\t<\/div>\r\n<\/section>\r\n\r\n\n\n\r\n\r\n<section class=\"b-text-media-md tpl-t1 bg-cw\" id='058aa90eb679920a75cc508d2df13331'>\r\n\t<div class='o-ctn' data-scroll data-scroll-repeat data-scroll-class=\"u-fade\">\r\n\t\t<div class=\"row g-0 u-py5\">\r\n\r\n\t\t\r\n\t\t\t<div class=\"col-lg-6\" data-scroll data-scroll-repeat data-scroll-class=\"u-fade-right\">\r\n\r\n\t\t\t\t<div class=\"b-text-media-md__container\">\r\n\t\t\t\t\t\t\t\t\t\t<div class=\"b-text-media-lg_medias__animation bottom-right\" data-scroll data-scroll-delay=\"500\" data-scroll-repeat data-scroll-class=\"u-fade-right\"\r\n\t\t\t\t\t\tstyle=\"\r\n\t\t\t\t\t\t\tbackground-image: url('https:\/\/musee-contrefacon.com\/wp-content\/uploads\/2024\/03\/pale-copie.png');\r\n\t\t\t\t\t\t\twidth: 207px;\r\n\t\t\t\t\t\t\theight: 190px;\r\n\t\t\t\t\t\t\tright: -103.5px;\r\n\t\t\t\t\t\t\tbottom : -95px;\"\r\n\t\t\t\t\t>\r\n\t\t\t\t\t<\/div>\r\n\t\t\t\t\t\r\n\t\t\t\t\t\r\n\t\t\t\t\t<div class=\"b-text-media-md_swiper swiper\" >\r\n\t\t\t\t\t\t<div class=\"b-text-media-md_medias swiper-wrapper\">\r\n\t\t\t\t\t\t\t\t\t\t\t\t\t\t\t<div class=\"swiper-slide\">\r\n\t\t\t\t\t\t\t\t\t<figure class=\"b-text-media-md_figure rt-4x3 rt-full\">\r\n\t\t\t\t\t\t\t\t\t\t<img loading=\"lazy\" decoding=\"async\" width=\"1920\" height=\"1440\" src=\"https:\/\/musee-contrefacon.com\/wp-content\/uploads\/2024\/02\/musee_unifab_photo_visite_guidee2-min.jpg\" class=\"b-text-media-md_med\" alt=\"\" style=\"object-fit:cover\" srcset=\"https:\/\/musee-contrefacon.com\/wp-content\/uploads\/2024\/02\/musee_unifab_photo_visite_guidee2-min.jpg 1920w, https:\/\/musee-contrefacon.com\/wp-content\/uploads\/2024\/02\/musee_unifab_photo_visite_guidee2-min-600x450.jpg 600w, https:\/\/musee-contrefacon.com\/wp-content\/uploads\/2024\/02\/musee_unifab_photo_visite_guidee2-min-768x576.jpg 768w, https:\/\/musee-contrefacon.com\/wp-content\/uploads\/2024\/02\/musee_unifab_photo_visite_guidee2-min-1024x768.jpg 1024w, https:\/\/musee-contrefacon.com\/wp-content\/uploads\/2024\/02\/musee_unifab_photo_visite_guidee2-min-1536x1152.jpg 1536w\" sizes=\"auto, (max-width: 1920px) 100vw, 1920px\" \/>\t\t\t\t\t\t\t\t\t<\/figure>\r\n\t\t\t\t\t\t\t\t<\/div>\r\n\t\t\t\t\t\t\t\t\t\t\t\t\t<\/div>\r\n\t\t\t\t\t\t\t\t\t\t\t<\/div>\r\n\r\n\t\t\t\t\t\r\n\t\t\t\t<\/div>\r\n\r\n\t\t\t<\/div>\r\n\t\t\t<div class='col-lg-5' data-scroll data-scroll-repeat data-scroll-class=\"u-fade-left\">\r\n\t\t\t\t\t\t\t\t<div class=\"b-text-media-lg_subtxt\"><div class=\"ico-star\" style=\"background-image: url('https:\/\/musee-contrefacon.com\/wp-content\/themes\/fkagency\/assets\/svg\/ico-star-blue.svg');\"><\/div>For all<\/div>\r\n\t\t\t\t\t\t\t\t<div class=\"b-text-media-md_txt editor\"><h2 id=\"guided-tour\">Guided tour<\/h2>\n<p>This guided tour addresses all aspects of industrial counterfeiting, from the legal questions to the its identification, including its dangers and the means to fight it. Upon simple prior request, the visit can be reinforced on a specific theme.<\/p>\n<p>&nbsp;<\/p>\n<p><span style=\"color: #1cb6f7;\">Duration:<\/span> 60 minutes<\/p>\n<h4 id=\"\">&nbsp;<\/h4>\n<h4 id=\"price\">Price<\/h4>\n<p>Guided tour at 82.50\u20ac + 4.40 euros per participant.<\/p>\n<p><a class=\"c-editor_btn btn-cb\" href=\"https:\/\/musee-contrefacon.com\/en\/billetterie\/visite-guidee\/\">Contact us<\/a><\/p>\n<\/div>\r\n\t\t\t<\/div>\r\n\t\t<\/div>\r\n\t<\/div>\r\n<\/section>\r\n\r\n\n\n\r\n\r\n<section class=\"b-text-media-md tpl-t2 bg-c3\" id='2b1b78753e0ceefb8c42fed794fdc910'>\r\n\t<div class='o-ctn' data-scroll data-scroll-repeat data-scroll-class=\"u-fade\">\r\n\t\t<div class=\"row g-0 u-py5\">\r\n\r\n\t\t\r\n\t\t\t<div class=\"col-lg-6\" data-scroll data-scroll-repeat data-scroll-class=\"u-fade-right\">\r\n\r\n\t\t\t\t<div class=\"b-text-media-md__container\">\r\n\t\t\t\t\t\r\n\t\t\t\t\t\r\n\t\t\t\t\t<div class=\"b-text-media-md_swiper swiper\" >\r\n\t\t\t\t\t\t<div class=\"b-text-media-md_medias swiper-wrapper\">\r\n\t\t\t\t\t\t\t\t\t\t\t\t\t\t\t<div class=\"swiper-slide\">\r\n\t\t\t\t\t\t\t\t\t<figure class=\"b-text-media-md_figure rt-4x3 rt-full\">\r\n\t\t\t\t\t\t\t\t\t\t<img loading=\"lazy\" decoding=\"async\" width=\"1920\" height=\"1440\" src=\"https:\/\/musee-contrefacon.com\/wp-content\/uploads\/2024\/03\/musee_unifab_photo_atelierNdM.jpg\" class=\"b-text-media-md_med\" alt=\"\" style=\"object-fit:cover\" srcset=\"https:\/\/musee-contrefacon.com\/wp-content\/uploads\/2024\/03\/musee_unifab_photo_atelierNdM.jpg 1920w, https:\/\/musee-contrefacon.com\/wp-content\/uploads\/2024\/03\/musee_unifab_photo_atelierNdM-600x450.jpg 600w, https:\/\/musee-contrefacon.com\/wp-content\/uploads\/2024\/03\/musee_unifab_photo_atelierNdM-768x576.jpg 768w, https:\/\/musee-contrefacon.com\/wp-content\/uploads\/2024\/03\/musee_unifab_photo_atelierNdM-1024x768.jpg 1024w, https:\/\/musee-contrefacon.com\/wp-content\/uploads\/2024\/03\/musee_unifab_photo_atelierNdM-1536x1152.jpg 1536w\" sizes=\"auto, (max-width: 1920px) 100vw, 1920px\" \/>\t\t\t\t\t\t\t\t\t<\/figure>\r\n\t\t\t\t\t\t\t\t<\/div>\r\n\t\t\t\t\t\t\t\t\t\t\t\t\t<\/div>\r\n\t\t\t\t\t\t\t\t\t\t\t<\/div>\r\n\r\n\t\t\t\t\t\r\n\t\t\t\t<\/div>\r\n\r\n\t\t\t<\/div>\r\n\t\t\t<div class='col-lg-5' data-scroll data-scroll-repeat data-scroll-class=\"u-fade-left\">\r\n\t\t\t\t\t\t\t\t<div class=\"b-text-media-lg_subtxt\"><div class=\"ico-star\" style=\"background-image: url('https:\/\/musee-contrefacon.com\/wp-content\/themes\/fkagency\/assets\/svg\/ico-star-yellow.svg');\"><\/div>For all<\/div>\r\n\t\t\t\t\t\t\t\t<div class=\"b-text-media-md_txt editor\"><h2 id=\"workshop-guided-tour\">Workshop-guided tour<\/h2>\n<p>This This fun and educational visit format is suitable for groups of all ages. The workshop visit includes 2 phases:<\/p>\n<ul>\n<li>Guided tour: Discovery of the museum and the key concepts;<\/li>\n<li>Workshop: Learn to identify authentic items and counterfeits.<\/li>\n<\/ul>\n<p><span style=\"color: #ffe8a4;\">Duration :<\/span> 1:30<\/p>\n<h4 id=\"\">&nbsp;<\/h4>\n<h4 id=\"price\">Price<\/h4>\n<p>Guided tour at 99 euros + 4.40 euros per participant.&nbsp;<\/p>\n<p><em>For university students : free entry for 1 teacher per group.<\/em><\/p>\n<p><a class=\"c-editor_btn\" href=\"https:\/\/musee-contrefacon.com\/en\/billetterie\/visite-atelier\/\">Contact us<\/a><\/p>\n<\/div>\r\n\t\t\t<\/div>\r\n\t\t<\/div>\r\n\t<\/div>\r\n<\/section>\r\n\r\n\n\n\r\n\r\n<section class=\"b-text-media-md tpl-t1 bg-cw\" id='78f50efc15f46bfa0c877ca5bb6b2011'>\r\n\t<div class='o-ctn' data-scroll data-scroll-repeat data-scroll-class=\"u-fade\">\r\n\t\t<div class=\"row g-0 u-py5\">\r\n\r\n\t\t\r\n\t\t\t<div class=\"col-lg-6\" data-scroll data-scroll-repeat data-scroll-class=\"u-fade-right\">\r\n\r\n\t\t\t\t<div class=\"b-text-media-md__container\">\r\n\t\t\t\t\t\r\n\t\t\t\t\t\r\n\t\t\t\t\t<div class=\"b-text-media-md_swiper swiper\" >\r\n\t\t\t\t\t\t<div class=\"b-text-media-md_medias swiper-wrapper\">\r\n\t\t\t\t\t\t\t\t\t\t\t\t\t\t\t<div class=\"swiper-slide\">\r\n\t\t\t\t\t\t\t\t\t<figure class=\"b-text-media-md_figure rt-4x3 rt-full\">\r\n\t\t\t\t\t\t\t\t\t\t<img loading=\"lazy\" decoding=\"async\" width=\"1440\" height=\"1920\" src=\"https:\/\/musee-contrefacon.com\/wp-content\/uploads\/2024\/02\/image00011.jpeg\" class=\"b-text-media-md_med\" alt=\"\" style=\"object-fit:cover\" srcset=\"https:\/\/musee-contrefacon.com\/wp-content\/uploads\/2024\/02\/image00011.jpeg 1440w, https:\/\/musee-contrefacon.com\/wp-content\/uploads\/2024\/02\/image00011-600x800.jpeg 600w, https:\/\/musee-contrefacon.com\/wp-content\/uploads\/2024\/02\/image00011-576x768.jpeg 576w, https:\/\/musee-contrefacon.com\/wp-content\/uploads\/2024\/02\/image00011-768x1024.jpeg 768w, https:\/\/musee-contrefacon.com\/wp-content\/uploads\/2024\/02\/image00011-1152x1536.jpeg 1152w\" sizes=\"auto, (max-width: 1440px) 100vw, 1440px\" \/>\t\t\t\t\t\t\t\t\t<\/figure>\r\n\t\t\t\t\t\t\t\t<\/div>\r\n\t\t\t\t\t\t\t\t\t\t\t\t\t<\/div>\r\n\t\t\t\t\t\t\t\t\t\t\t<\/div>\r\n\r\n\t\t\t\t\t\r\n\t\t\t\t<\/div>\r\n\r\n\t\t\t<\/div>\r\n\t\t\t<div class='col-lg-5' data-scroll data-scroll-repeat data-scroll-class=\"u-fade-left\">\r\n\t\t\t\t\t\t\t\t<div class=\"b-text-media-lg_subtxt\"><div class=\"ico-star\" style=\"background-image: url('https:\/\/musee-contrefacon.com\/wp-content\/themes\/fkagency\/assets\/svg\/ico-star-red.svg');\"><\/div>For university students and adult groups<\/div>\r\n\t\t\t\t\t\t\t\t<div class=\"b-text-media-md_txt editor\"><h2 id=\"conference-visit\">Conference-visit<\/h2>\n<p>This visit format offers a general presentation of the museum and the multiple facets of counterfeiting, including historical aspects and forgery in art. Upon simple prior request, the discussion can be expanded on various subjects: luxury, art, geopolitics, technology, etc.<\/p>\n<p>&nbsp;<\/p>\n<p><span style=\"color: #1cb6f7;\">Duration:<\/span> 1:30<\/p>\n<h4 id=\"\">&nbsp;<\/h4>\n<h4 id=\"price\">Price<\/h4>\n<p>Guided tour at 99 euros + 4.40 euros per participant.<\/p>\n<p><em>For university students : free entry for 1 teacher per group.<\/em><\/p>\n<p><a class=\"c-editor_btn\" href=\"https:\/\/musee-contrefacon.com\/en\/billetterie\/visite-conference\/\">Contact us<\/a><\/p>\n<\/div>\r\n\t\t\t<\/div>\r\n\t\t<\/div>\r\n\t<\/div>\r\n<\/section>\r\n\r\n","protected":false},"excerpt":{"rendered":"","protected":false},"author":8,"featured_media":0,"parent":0,"menu_order":0,"comment_status":"closed","ping_status":"closed","template":"","meta":{"_acf_changed":false,"inline_featured_image":false,"footnotes":""},"class_list":["post-6942","page","type-page","status-publish","hentry"],"acf":[],"yoast_head":"<!-- This site is optimized with the Yoast SEO plugin v27.4 - https:\/\/yoast.com\/product\/yoast-seo-wordpress\/ -->\n<title>Mus\u00e9e de la contrefa\u00e7on<\/title>\n<meta name=\"robots\" content=\"index, follow, max-snippet:-1, max-image-preview:large, max-video-preview:-1\" \/>\n<link rel=\"canonical\" href=\"https:\/\/musee-contrefacon.com\/en\/groups\/\" \/>\n<meta property=\"og:locale\" content=\"en_US\" \/>\n<meta property=\"og:type\" content=\"article\" \/>\n<meta property=\"og:title\" content=\"Groups - Mus\u00e9e de la contrefa\u00e7on\" \/>\n<meta property=\"og:url\" content=\"https:\/\/musee-contrefacon.com\/en\/groups\/\" \/>\n<meta property=\"og:site_name\" content=\"Mus\u00e9e de la contrefa\u00e7on\" \/>\n<meta property=\"article:modified_time\" content=\"2024-10-14T15:20:34+00:00\" \/>\n<meta name=\"twitter:card\" content=\"summary_large_image\" \/>\n<script type=\"application\/ld+json\" class=\"yoast-schema-graph\">{\"@context\":\"https:\\\/\\\/schema.org\",\"@graph\":[{\"@type\":\"WebPage\",\"@id\":\"https:\\\/\\\/musee-contrefacon.com\\\/en\\\/groups\\\/\",\"url\":\"https:\\\/\\\/musee-contrefacon.com\\\/en\\\/groups\\\/\",\"name\":\"Groups - Mus\u00e9e de la contrefa\u00e7on\",\"isPartOf\":{\"@id\":\"https:\\\/\\\/musee-contrefacon.com\\\/en\\\/#website\"},\"datePublished\":\"2024-02-21T09:17:25+00:00\",\"dateModified\":\"2024-10-14T15:20:34+00:00\",\"breadcrumb\":{\"@id\":\"https:\\\/\\\/musee-contrefacon.com\\\/en\\\/groups\\\/#breadcrumb\"},\"inLanguage\":\"en-US\",\"potentialAction\":[{\"@type\":\"ReadAction\",\"target\":[\"https:\\\/\\\/musee-contrefacon.com\\\/en\\\/groups\\\/\"]}]},{\"@type\":\"BreadcrumbList\",\"@id\":\"https:\\\/\\\/musee-contrefacon.com\\\/en\\\/groups\\\/#breadcrumb\",\"itemListElement\":[{\"@type\":\"ListItem\",\"position\":1,\"name\":\"Accueil\",\"item\":\"https:\\\/\\\/musee-contrefacon.com\\\/en\\\/accueil\\\/\"},{\"@type\":\"ListItem\",\"position\":2,\"name\":\"Groups\"}]},{\"@type\":\"WebSite\",\"@id\":\"https:\\\/\\\/musee-contrefacon.com\\\/en\\\/#website\",\"url\":\"https:\\\/\\\/musee-contrefacon.com\\\/en\\\/\",\"name\":\"Mus\u00e9e de la contrefa\u00e7on\",\"description\":\"Le mus\u00e9e de l&#039;Union des Fabricants\",\"publisher\":{\"@id\":\"https:\\\/\\\/musee-contrefacon.com\\\/en\\\/#organization\"},\"potentialAction\":[{\"@type\":\"SearchAction\",\"target\":{\"@type\":\"EntryPoint\",\"urlTemplate\":\"https:\\\/\\\/musee-contrefacon.com\\\/en\\\/?s={search_term_string}\"},\"query-input\":{\"@type\":\"PropertyValueSpecification\",\"valueRequired\":true,\"valueName\":\"search_term_string\"}}],\"inLanguage\":\"en-US\"},{\"@type\":\"Organization\",\"@id\":\"https:\\\/\\\/musee-contrefacon.com\\\/en\\\/#organization\",\"name\":\"Mus\u00e9e de la contrefa\u00e7on\",\"url\":\"https:\\\/\\\/musee-contrefacon.com\\\/en\\\/\",\"logo\":{\"@type\":\"ImageObject\",\"inLanguage\":\"en-US\",\"@id\":\"https:\\\/\\\/musee-contrefacon.com\\\/en\\\/#\\\/schema\\\/logo\\\/image\\\/\",\"url\":\"https:\\\/\\\/musee-contrefacon.com\\\/wp-content\\\/uploads\\\/2023\\\/05\\\/fk_logo_full_rvb.svg\",\"contentUrl\":\"https:\\\/\\\/musee-contrefacon.com\\\/wp-content\\\/uploads\\\/2023\\\/05\\\/fk_logo_full_rvb.svg\",\"caption\":\"Mus\u00e9e de la contrefa\u00e7on\"},\"image\":{\"@id\":\"https:\\\/\\\/musee-contrefacon.com\\\/en\\\/#\\\/schema\\\/logo\\\/image\\\/\"}}]}<\/script>\n<!-- \/ Yoast SEO plugin. -->","yoast_head_json":{"title":"Mus\u00e9e de la contrefa\u00e7on","robots":{"index":"index","follow":"follow","max-snippet":"max-snippet:-1","max-image-preview":"max-image-preview:large","max-video-preview":"max-video-preview:-1"},"canonical":"https:\/\/musee-contrefacon.com\/en\/groups\/","og_locale":"en_US","og_type":"article","og_title":"Groups - Mus\u00e9e de la contrefa\u00e7on","og_url":"https:\/\/musee-contrefacon.com\/en\/groups\/","og_site_name":"Mus\u00e9e de la contrefa\u00e7on","article_modified_time":"2024-10-14T15:20:34+00:00","twitter_card":"summary_large_image","schema":{"@context":"https:\/\/schema.org","@graph":[{"@type":"WebPage","@id":"https:\/\/musee-contrefacon.com\/en\/groups\/","url":"https:\/\/musee-contrefacon.com\/en\/groups\/","name":"Groups - Mus\u00e9e de la contrefa\u00e7on","isPartOf":{"@id":"https:\/\/musee-contrefacon.com\/en\/#website"},"datePublished":"2024-02-21T09:17:25+00:00","dateModified":"2024-10-14T15:20:34+00:00","breadcrumb":{"@id":"https:\/\/musee-contrefacon.com\/en\/groups\/#breadcrumb"},"inLanguage":"en-US","potentialAction":[{"@type":"ReadAction","target":["https:\/\/musee-contrefacon.com\/en\/groups\/"]}]},{"@type":"BreadcrumbList","@id":"https:\/\/musee-contrefacon.com\/en\/groups\/#breadcrumb","itemListElement":[{"@type":"ListItem","position":1,"name":"Accueil","item":"https:\/\/musee-contrefacon.com\/en\/accueil\/"},{"@type":"ListItem","position":2,"name":"Groups"}]},{"@type":"WebSite","@id":"https:\/\/musee-contrefacon.com\/en\/#website","url":"https:\/\/musee-contrefacon.com\/en\/","name":"Mus\u00e9e de la contrefa\u00e7on","description":"Le mus\u00e9e de l&#039;Union des Fabricants","publisher":{"@id":"https:\/\/musee-contrefacon.com\/en\/#organization"},"potentialAction":[{"@type":"SearchAction","target":{"@type":"EntryPoint","urlTemplate":"https:\/\/musee-contrefacon.com\/en\/?s={search_term_string}"},"query-input":{"@type":"PropertyValueSpecification","valueRequired":true,"valueName":"search_term_string"}}],"inLanguage":"en-US"},{"@type":"Organization","@id":"https:\/\/musee-contrefacon.com\/en\/#organization","name":"Mus\u00e9e de la contrefa\u00e7on","url":"https:\/\/musee-contrefacon.com\/en\/","logo":{"@type":"ImageObject","inLanguage":"en-US","@id":"https:\/\/musee-contrefacon.com\/en\/#\/schema\/logo\/image\/","url":"https:\/\/musee-contrefacon.com\/wp-content\/uploads\/2023\/05\/fk_logo_full_rvb.svg","contentUrl":"https:\/\/musee-contrefacon.com\/wp-content\/uploads\/2023\/05\/fk_logo_full_rvb.svg","caption":"Mus\u00e9e de la contrefa\u00e7on"},"image":{"@id":"https:\/\/musee-contrefacon.com\/en\/#\/schema\/logo\/image\/"}}]}},"_links":{"self":[{"href":"https:\/\/musee-contrefacon.com\/en\/wp-json\/wp\/v2\/pages\/6942","targetHints":{"allow":["GET"]}}],"collection":[{"href":"https:\/\/musee-contrefacon.com\/en\/wp-json\/wp\/v2\/pages"}],"about":[{"href":"https:\/\/musee-contrefacon.com\/en\/wp-json\/wp\/v2\/types\/page"}],"author":[{"embeddable":true,"href":"https:\/\/musee-contrefacon.com\/en\/wp-json\/wp\/v2\/users\/8"}],"replies":[{"embeddable":true,"href":"https:\/\/musee-contrefacon.com\/en\/wp-json\/wp\/v2\/comments?post=6942"}],"version-history":[{"count":4,"href":"https:\/\/musee-contrefacon.com\/en\/wp-json\/wp\/v2\/pages\/6942\/revisions"}],"predecessor-version":[{"id":6989,"href":"https:\/\/musee-contrefacon.com\/en\/wp-json\/wp\/v2\/pages\/6942\/revisions\/6989"}],"wp:attachment":[{"href":"https:\/\/musee-contrefacon.com\/en\/wp-json\/wp\/v2\/media?parent=6942"}],"curies":[{"name":"wp","href":"https:\/\/api.w.org\/{rel}","templated":true}]}}