{"id":6952,"date":"2023-03-19T13:56:40","date_gmt":"2023-03-19T12:56:40","guid":{"rendered":"https:\/\/musee-contrefacon.com\/contact\/"},"modified":"2024-10-30T16:36:04","modified_gmt":"2024-10-30T15:36:04","slug":"contact-en","status":"publish","type":"page","link":"https:\/\/musee-contrefacon.com\/en\/contact-en\/","title":{"rendered":"Museum"},"content":{"rendered":"\r\n\r\n<section class=\"b-hero-sm bg-c2\" id='0704e315a32b72fd155fbe5f0ec7a488'>\r\n\t<div class=\"o-ctn\">\r\n\t\t<div class=\"b-hero-sm_wrp u-py5\">\r\n\t\t\t<header class=\"b-hero-sm_head\">\r\n\t\t\t\t<h1 class=\"b-hero-sm_ttl\" data-scroll data-scroll-repeat data-scroll-class=\"u-fade-up-1\" class=\"b-hero-sm_ttl\" data-scroll data-scroll-repeat data-scroll-class=\"u-fade-up-1\" id=\"museum\">Museum<\/h1>\r\n\t\t\t\t<p class=\"b-hero-sm_subttl\" data-scroll data-scroll-repeat data-scroll-class=\"u-fade-up-2\">Mus\u00e9e de la contrefa\u00e7on<\/p>\t\t\t<\/header>\r\n\t\t<\/div>\r\n\t<\/div>\r\n\t<\/section>\r\n<section class=\"b-breadcrumb\" data-scroll data-scroll-repeat data-scroll-class=\"u-fade\">\r\n\t<div class=\"o-ctn\"><ul class=\"g-crumb\"><\/span><li class='g-crumb_item'><a class=\"g-crumb_link\" href=\"https:\/\/musee-contrefacon.com\/en\/accueil\/\" >Accueil<\/a><\/li><\/span><\/ul><\/div>\r\n<\/section>\r\n\r\n\n\n\t\r\n\r\n\r\n<section class=\"b-form u-py4 bg-cw\" id='e13d76bd38ff2b84b7cbb0b650392fba'>\r\n\t<div class='o-ctn'>\r\n\t\t<div class=\"row gx-0\">\r\n\t\t\t<div class=\"col-lg-7 bg-cw\">\r\n\t\t\t\t<div class=\"b-form_ctn editor u-p3\" data-scroll data-scroll-repeat data-scroll-class=\"u-fade-right\">\r\n\t\t\t\t\t<h2 id=\"a-question-contact-us\">A question? contact us<\/h2>\n\t\t\t\t\t\n<div class=\"wpcf7 no-js\" id=\"wpcf7-f7817-o1\" lang=\"en-US\" dir=\"ltr\" data-wpcf7-id=\"7817\">\n<div class=\"screen-reader-response\"><p role=\"status\" aria-live=\"polite\" aria-atomic=\"true\"><\/p> <ul><\/ul><\/div>\n<form action=\"\/en\/wp-json\/wp\/v2\/pages\/6952#wpcf7-f7817-o1\" method=\"post\" class=\"wpcf7-form init\" aria-label=\"Contact form\" novalidate=\"novalidate\" data-status=\"init\">\n<fieldset class=\"hidden-fields-container\"><input type=\"hidden\" name=\"_wpcf7\" value=\"7817\" \/><input type=\"hidden\" name=\"_wpcf7_version\" value=\"6.1.5\" \/><input type=\"hidden\" name=\"_wpcf7_locale\" value=\"en_US\" \/><input type=\"hidden\" name=\"_wpcf7_unit_tag\" value=\"wpcf7-f7817-o1\" \/><input type=\"hidden\" name=\"_wpcf7_container_post\" value=\"0\" \/><input type=\"hidden\" name=\"_wpcf7_posted_data_hash\" value=\"\" \/>\n<\/fieldset>\n<style type=\"text\/css\">.deebabf { position: absolute !important; left: -9999vw !important; }<\/style><div id=\"\" class=\"deebabf\"><label for=\"website-deebabf\">Website<\/label><input type=\"url\" name=\"website\" value=\"\" autocomplete=\"disable\" tabindex=\"-1\" id=\"website-deebabf\"  \/><label for=\"firstname-deebabf\">First Name<\/label><input type=\"text\" name=\"firstname\" value=\"\" autocomplete=\"disable\" tabindex=\"-1\" id=\"firstname-deebabf\"  \/><label for=\"lastname-deebabf\">Last Name<\/label><input type=\"text\" name=\"lastname\" value=\"\" autocomplete=\"disable\" tabindex=\"-1\" id=\"lastname-deebabf\"  \/><label for=\"email-deebabf\">Email<\/label><input type=\"email\" name=\"email\" value=\"\" autocomplete=\"disable\" tabindex=\"-1\" id=\"email-deebabf\"  \/><label for=\"511de434908eb7a82113615148b65f-deebabf\">Mus\u00e9e de la contrefa\u00e7on<\/label><input type=\"text\" name=\"511de434908eb7a82113615148b65f\" value=\"\" autocomplete=\"disable\" tabindex=\"-1\" id=\"511de434908eb7a82113615148b65f-deebabf\"  \/><\/div><span class=\"wpcf7-form-control-wrap\" data-name=\"your-name\"><input size=\"40\" maxlength=\"400\" class=\"wpcf7-form-control wpcf7-text\" autocomplete=\"name\" aria-invalid=\"false\" placeholder=\"First name\" value=\"\" type=\"text\" name=\"your-name\" \/><\/span>\n<span class=\"wpcf7-form-control-wrap\" data-name=\"your-subname\"><input size=\"40\" maxlength=\"400\" class=\"wpcf7-form-control wpcf7-text wpcf7-validates-as-required\" autocomplete=\"subname\" aria-required=\"true\" aria-invalid=\"false\" placeholder=\"Name*\" value=\"\" type=\"text\" name=\"your-subname\" \/><\/span>\n<span class=\"wpcf7-form-control-wrap\" data-name=\"your-email\"><input size=\"40\" maxlength=\"400\" class=\"wpcf7-form-control wpcf7-email wpcf7-validates-as-required wpcf7-text wpcf7-validates-as-email\" autocomplete=\"email\" aria-required=\"true\" aria-invalid=\"false\" placeholder=\"Email*\" value=\"\" type=\"email\" name=\"your-email\" \/><\/span>\n<span class=\"wpcf7-form-control-wrap\" data-name=\"your-phone\"><input size=\"40\" maxlength=\"400\" class=\"wpcf7-form-control wpcf7-tel wpcf7-validates-as-required wpcf7-text wpcf7-validates-as-tel\" aria-required=\"true\" aria-invalid=\"false\" placeholder=\"Phone*\" value=\"\" type=\"tel\" name=\"your-phone\" \/><\/span>\n<span class=\"wpcf7-form-control-wrap\" data-name=\"your-message\"><textarea cols=\"40\" rows=\"10\" maxlength=\"2000\" class=\"wpcf7-form-control wpcf7-textarea\" aria-invalid=\"false\" placeholder=\"Your message\" name=\"your-message\"><\/textarea><\/span>\n<span class=\"wpcf7-form-control-wrap\" data-name=\"acceptance-313\"><span class=\"wpcf7-form-control wpcf7-acceptance\"><span class=\"wpcf7-list-item\"><label><input type=\"checkbox\" name=\"acceptance-313\" value=\"1\" aria-invalid=\"false\" \/><span class=\"wpcf7-list-item-label\">I have read and accept the terms and conditions of <a href='https:\/\/musee-contrefacon.com\/en\/cookies-en\/' target='_blank'>privacy policy<\/a>.<\/span><\/label><\/span><\/span><\/span>\n<button type='submit' class='btn'>Send<\/button><input type='hidden' class='wpcf7-pum' value='{\"closepopup\":false,\"closedelay\":0,\"openpopup\":false,\"openpopup_id\":0}' \/><div class=\"wpcf7-response-output\" aria-hidden=\"true\"><\/div>\n<\/form>\n<\/div>\n\t\t\t\t<\/div>\r\n\t\t\t<\/div>\r\n\t\t\t<div class=\"col-lg-5 bg-cb\">\r\n\t\t\t\t<div class=\"b-form_infos u-p3\">\r\n\t\t\t\t\t<p class=\"b-form_adress\">Open Monday to Friday from 2pm to 5.30pm.<br \/>\r\n16 Rue de la Faisanderie<br \/>\r\n75116 Paris<\/p>\r\n\t\t\t\t\t<p class=\"b-form_phone\">01 56 26 14 00<\/p>\r\n\t\t\t\t\t<a class=\"b-form_btn btn-tr\" href=\"https:\/\/goo.gl\/maps\/JdeXEStCVPdqgPa38\" target='_blank'>Google Map<\/a>\r\n\t\t\t\t<\/div>\r\n\t\t\t\t<figure class=\"b-form_med flt-cb u-flt3 o-bg\">\r\n\t\t\t\t\t<img   decoding=\"async\" width=\"1024\" height=\"768\" src=\"https:\/\/musee-contrefacon.com\/wp-content\/uploads\/2024\/05\/facade-musee.jpg\" class=\"b-form_med\" alt=\"\" data-scroll data-scroll-repeat data-scroll-class=\"u-slide-right\" srcset=\"https:\/\/musee-contrefacon.com\/wp-content\/uploads\/2024\/05\/facade-musee.jpg 1024w, https:\/\/musee-contrefacon.com\/wp-content\/uploads\/2024\/05\/facade-musee-768x576.jpg 768w, https:\/\/musee-contrefacon.com\/wp-content\/uploads\/2024\/05\/facade-musee-600x450.jpg 600w\" sizes=\"auto, (max-width: 1024px) 100vw, 1024px\" \/>\t\t\t\t<\/figure>\r\n\t\t\t<\/div>\r\n\t\t<\/div>\r\n\t\t\r\n\t<\/div>\r\n<\/section>\r\n\r\n","protected":false},"excerpt":{"rendered":"","protected":false},"author":8,"featured_media":0,"parent":0,"menu_order":0,"comment_status":"closed","ping_status":"closed","template":"","meta":{"_acf_changed":false,"inline_featured_image":false,"footnotes":""},"class_list":["post-6952","page","type-page","status-publish","hentry"],"acf":[],"yoast_head":"<!-- This site is optimized with the Yoast SEO plugin v27.4 - https:\/\/yoast.com\/product\/yoast-seo-wordpress\/ -->\n<title>Mus\u00e9e de la contrefa\u00e7on<\/title>\n<meta name=\"description\" content=\"%%excerpt%% Vous avez besoin de renseignements compl\u00e9mentaires sur le Mus\u00e9e de la Contrefa\u00e7on, contactez-nous, nous r\u00e9pondrons \u00e0 vos questions.\" \/>\n<meta name=\"robots\" content=\"index, follow, max-snippet:-1, max-image-preview:large, max-video-preview:-1\" \/>\n<link rel=\"canonical\" href=\"https:\/\/musee-contrefacon.com\/en\/contact-en\/\" \/>\n<meta property=\"og:locale\" content=\"en_US\" \/>\n<meta property=\"og:type\" content=\"article\" \/>\n<meta property=\"og:title\" content=\"Museum - Mus\u00e9e de la contrefa\u00e7on\" \/>\n<meta property=\"og:description\" content=\"Vous avez besoin de renseignements compl\u00e9mentaires sur le Mus\u00e9e de la Contrefa\u00e7on, contactez-nous, nous r\u00e9pondrons \u00e0 vos questions.\" \/>\n<meta property=\"og:url\" content=\"https:\/\/musee-contrefacon.com\/en\/contact-en\/\" \/>\n<meta property=\"og:site_name\" content=\"Mus\u00e9e de la contrefa\u00e7on\" \/>\n<meta property=\"article:modified_time\" content=\"2024-10-30T15:36:04+00:00\" \/>\n<meta name=\"twitter:card\" content=\"summary_large_image\" \/>\n<script type=\"application\/ld+json\" class=\"yoast-schema-graph\">{\"@context\":\"https:\\\/\\\/schema.org\",\"@graph\":[{\"@type\":\"WebPage\",\"@id\":\"https:\\\/\\\/musee-contrefacon.com\\\/en\\\/contact-en\\\/\",\"url\":\"https:\\\/\\\/musee-contrefacon.com\\\/en\\\/contact-en\\\/\",\"name\":\"Museum - Mus\u00e9e de la contrefa\u00e7on\",\"isPartOf\":{\"@id\":\"https:\\\/\\\/musee-contrefacon.com\\\/en\\\/#website\"},\"datePublished\":\"2023-03-19T12:56:40+00:00\",\"dateModified\":\"2024-10-30T15:36:04+00:00\",\"description\":\"Vous avez besoin de renseignements compl\u00e9mentaires sur le Mus\u00e9e de la Contrefa\u00e7on, contactez-nous, nous r\u00e9pondrons \u00e0 vos questions.\",\"breadcrumb\":{\"@id\":\"https:\\\/\\\/musee-contrefacon.com\\\/en\\\/contact-en\\\/#breadcrumb\"},\"inLanguage\":\"en-US\",\"potentialAction\":[{\"@type\":\"ReadAction\",\"target\":[\"https:\\\/\\\/musee-contrefacon.com\\\/en\\\/contact-en\\\/\"]}]},{\"@type\":\"BreadcrumbList\",\"@id\":\"https:\\\/\\\/musee-contrefacon.com\\\/en\\\/contact-en\\\/#breadcrumb\",\"itemListElement\":[{\"@type\":\"ListItem\",\"position\":1,\"name\":\"Accueil\",\"item\":\"https:\\\/\\\/musee-contrefacon.com\\\/en\\\/accueil\\\/\"},{\"@type\":\"ListItem\",\"position\":2,\"name\":\"Museum\"}]},{\"@type\":\"WebSite\",\"@id\":\"https:\\\/\\\/musee-contrefacon.com\\\/en\\\/#website\",\"url\":\"https:\\\/\\\/musee-contrefacon.com\\\/en\\\/\",\"name\":\"Mus\u00e9e de la contrefa\u00e7on\",\"description\":\"Le mus\u00e9e de l&#039;Union des Fabricants\",\"publisher\":{\"@id\":\"https:\\\/\\\/musee-contrefacon.com\\\/en\\\/#organization\"},\"potentialAction\":[{\"@type\":\"SearchAction\",\"target\":{\"@type\":\"EntryPoint\",\"urlTemplate\":\"https:\\\/\\\/musee-contrefacon.com\\\/en\\\/?s={search_term_string}\"},\"query-input\":{\"@type\":\"PropertyValueSpecification\",\"valueRequired\":true,\"valueName\":\"search_term_string\"}}],\"inLanguage\":\"en-US\"},{\"@type\":\"Organization\",\"@id\":\"https:\\\/\\\/musee-contrefacon.com\\\/en\\\/#organization\",\"name\":\"Mus\u00e9e de la contrefa\u00e7on\",\"url\":\"https:\\\/\\\/musee-contrefacon.com\\\/en\\\/\",\"logo\":{\"@type\":\"ImageObject\",\"inLanguage\":\"en-US\",\"@id\":\"https:\\\/\\\/musee-contrefacon.com\\\/en\\\/#\\\/schema\\\/logo\\\/image\\\/\",\"url\":\"https:\\\/\\\/musee-contrefacon.com\\\/wp-content\\\/uploads\\\/2023\\\/05\\\/fk_logo_full_rvb.svg\",\"contentUrl\":\"https:\\\/\\\/musee-contrefacon.com\\\/wp-content\\\/uploads\\\/2023\\\/05\\\/fk_logo_full_rvb.svg\",\"caption\":\"Mus\u00e9e de la contrefa\u00e7on\"},\"image\":{\"@id\":\"https:\\\/\\\/musee-contrefacon.com\\\/en\\\/#\\\/schema\\\/logo\\\/image\\\/\"}}]}<\/script>\n<!-- \/ Yoast SEO plugin. -->","yoast_head_json":{"title":"Mus\u00e9e de la contrefa\u00e7on","description":"%%excerpt%% Vous avez besoin de renseignements compl\u00e9mentaires sur le Mus\u00e9e de la Contrefa\u00e7on, contactez-nous, nous r\u00e9pondrons \u00e0 vos questions.","robots":{"index":"index","follow":"follow","max-snippet":"max-snippet:-1","max-image-preview":"max-image-preview:large","max-video-preview":"max-video-preview:-1"},"canonical":"https:\/\/musee-contrefacon.com\/en\/contact-en\/","og_locale":"en_US","og_type":"article","og_title":"Museum - Mus\u00e9e de la contrefa\u00e7on","og_description":"Vous avez besoin de renseignements compl\u00e9mentaires sur le Mus\u00e9e de la Contrefa\u00e7on, contactez-nous, nous r\u00e9pondrons \u00e0 vos questions.","og_url":"https:\/\/musee-contrefacon.com\/en\/contact-en\/","og_site_name":"Mus\u00e9e de la contrefa\u00e7on","article_modified_time":"2024-10-30T15:36:04+00:00","twitter_card":"summary_large_image","schema":{"@context":"https:\/\/schema.org","@graph":[{"@type":"WebPage","@id":"https:\/\/musee-contrefacon.com\/en\/contact-en\/","url":"https:\/\/musee-contrefacon.com\/en\/contact-en\/","name":"Museum - Mus\u00e9e de la contrefa\u00e7on","isPartOf":{"@id":"https:\/\/musee-contrefacon.com\/en\/#website"},"datePublished":"2023-03-19T12:56:40+00:00","dateModified":"2024-10-30T15:36:04+00:00","description":"Vous avez besoin de renseignements compl\u00e9mentaires sur le Mus\u00e9e de la Contrefa\u00e7on, contactez-nous, nous r\u00e9pondrons \u00e0 vos questions.","breadcrumb":{"@id":"https:\/\/musee-contrefacon.com\/en\/contact-en\/#breadcrumb"},"inLanguage":"en-US","potentialAction":[{"@type":"ReadAction","target":["https:\/\/musee-contrefacon.com\/en\/contact-en\/"]}]},{"@type":"BreadcrumbList","@id":"https:\/\/musee-contrefacon.com\/en\/contact-en\/#breadcrumb","itemListElement":[{"@type":"ListItem","position":1,"name":"Accueil","item":"https:\/\/musee-contrefacon.com\/en\/accueil\/"},{"@type":"ListItem","position":2,"name":"Museum"}]},{"@type":"WebSite","@id":"https:\/\/musee-contrefacon.com\/en\/#website","url":"https:\/\/musee-contrefacon.com\/en\/","name":"Mus\u00e9e de la contrefa\u00e7on","description":"Le mus\u00e9e de l&#039;Union des Fabricants","publisher":{"@id":"https:\/\/musee-contrefacon.com\/en\/#organization"},"potentialAction":[{"@type":"SearchAction","target":{"@type":"EntryPoint","urlTemplate":"https:\/\/musee-contrefacon.com\/en\/?s={search_term_string}"},"query-input":{"@type":"PropertyValueSpecification","valueRequired":true,"valueName":"search_term_string"}}],"inLanguage":"en-US"},{"@type":"Organization","@id":"https:\/\/musee-contrefacon.com\/en\/#organization","name":"Mus\u00e9e de la contrefa\u00e7on","url":"https:\/\/musee-contrefacon.com\/en\/","logo":{"@type":"ImageObject","inLanguage":"en-US","@id":"https:\/\/musee-contrefacon.com\/en\/#\/schema\/logo\/image\/","url":"https:\/\/musee-contrefacon.com\/wp-content\/uploads\/2023\/05\/fk_logo_full_rvb.svg","contentUrl":"https:\/\/musee-contrefacon.com\/wp-content\/uploads\/2023\/05\/fk_logo_full_rvb.svg","caption":"Mus\u00e9e de la contrefa\u00e7on"},"image":{"@id":"https:\/\/musee-contrefacon.com\/en\/#\/schema\/logo\/image\/"}}]}},"_links":{"self":[{"href":"https:\/\/musee-contrefacon.com\/en\/wp-json\/wp\/v2\/pages\/6952","targetHints":{"allow":["GET"]}}],"collection":[{"href":"https:\/\/musee-contrefacon.com\/en\/wp-json\/wp\/v2\/pages"}],"about":[{"href":"https:\/\/musee-contrefacon.com\/en\/wp-json\/wp\/v2\/types\/page"}],"author":[{"embeddable":true,"href":"https:\/\/musee-contrefacon.com\/en\/wp-json\/wp\/v2\/users\/8"}],"replies":[{"embeddable":true,"href":"https:\/\/musee-contrefacon.com\/en\/wp-json\/wp\/v2\/comments?post=6952"}],"version-history":[{"count":2,"href":"https:\/\/musee-contrefacon.com\/en\/wp-json\/wp\/v2\/pages\/6952\/revisions"}],"predecessor-version":[{"id":7819,"href":"https:\/\/musee-contrefacon.com\/en\/wp-json\/wp\/v2\/pages\/6952\/revisions\/7819"}],"wp:attachment":[{"href":"https:\/\/musee-contrefacon.com\/en\/wp-json\/wp\/v2\/media?parent=6952"}],"curies":[{"name":"wp","href":"https:\/\/api.w.org\/{rel}","templated":true}]}}