{"id":7023,"date":"2023-03-07T12:23:28","date_gmt":"2023-03-07T11:23:28","guid":{"rendered":"https:\/\/musee-contrefacon.com\/mentions-legales\/"},"modified":"2024-06-17T17:19:39","modified_gmt":"2024-06-17T15:19:39","slug":"legal-notice","status":"publish","type":"page","link":"https:\/\/musee-contrefacon.com\/en\/legal-notice\/","title":{"rendered":"Legal notice"},"content":{"rendered":"\r\n\r\n<section class=\"b-hero-sm bg-cb\" id='d7b9b55e9a5258c03fd3b80f6815ee16'>\r\n\t<div class=\"o-ctn\">\r\n\t\t<div class=\"b-hero-sm_wrp u-py5\">\r\n\t\t\t<header class=\"b-hero-sm_head\">\r\n\t\t\t\t<h1 class=\"b-hero-sm_ttl\" data-scroll data-scroll-repeat data-scroll-class=\"u-fade-up-1\" class=\"b-hero-sm_ttl\" data-scroll data-scroll-repeat data-scroll-class=\"u-fade-up-1\" id=\"legal-notice\">Legal notice<\/h1>\r\n\t\t\t\t<p class=\"b-hero-sm_subttl\" data-scroll data-scroll-repeat data-scroll-class=\"u-fade-up-2\">Mus\u00e9e de la contrefa\u00e7on<\/p>\t\t\t<\/header>\r\n\t\t<\/div>\r\n\t<\/div>\r\n\t<\/section>\r\n<section class=\"b-breadcrumb\" data-scroll data-scroll-repeat data-scroll-class=\"u-fade\">\r\n\t<div class=\"o-ctn\"><ul class=\"g-crumb\"><\/span><li class='g-crumb_item'><a class=\"g-crumb_link\" href=\"https:\/\/musee-contrefacon.com\/en\/accueil\/\" >Accueil<\/a><\/li><\/span><\/ul><\/div>\r\n<\/section>\r\n\r\n\n\n\r\n\r\n<section class=\"b-tinymce u-py4 bg-cw column1\" id='428a70bad041fc669749fc9506ae9d8f'>\r\n\t<div class=\"o-ctn\" data-scroll data-scroll-repeat data-scroll-class=\"u-fade-up\">\r\n\t\t\r\n\t\t\t\r\n\t\t\t<div class=\"row g-2\">\r\n\t\t\t\t<div class=\"col-lg-9\">\r\n\t\t\t\t\t<div class=\"b-tinymce_txt editor\"><div id=\":51f\" class=\"Ar Au Ao\">\n<div id=\":4zh\" class=\"Am aiL Al editable LW-avf tS-tW tS-tY\" tabindex=\"1\" role=\"textbox\" contenteditable=\"true\" spellcheck=\"false\" aria-label=\"Corps du message\" aria-multiline=\"true\" aria-owns=\":ou1\" aria-controls=\":ou1\" aria-expanded=\"false\">\n<header class=\"gmail-page-header\"><\/header>\n<div>\n<p>In compliance with the provisions of Articles 6-III and 19 of Law No. 2004-575 of June 21<sup>st<\/sup> 2004 for Confidence in the Digital Economy, known as L.C.E.N., these legal notices are brought to the attention of the users of the website <a href=\"https:\/\/museecontrefacon.wordpress.com\">https:\/\/museecontrefacon.wordpress.com<\/a>. Connection and navigation on the website <a href=\"https:\/\/museecontrefacon.wordpress.com\">https:\/\/museecontrefacon.wordpress.com<\/a> by the user imply full acceptance of these legal notices. These are accessible on the website under the \u201cLegal notice\u201d section.<\/p>\n<p>&nbsp;<\/p>\n<h2 id=\"article-1-identification\">Article 1&nbsp;: Identification<\/h2>\n<p>Mus\u00e9e de la Contrefa\u00e7on<\/p>\n<p>UNIFAB \u2013 The Union des Fabricants for the International Protection of Intellectual Property<\/p>\n<p>16 rue de la Faisanderie, 75016, Paris, FRANCE<\/p>\n<p>+33 (0) 1 56 26 14 03 \u2013 +33 (0) 1 56 26 14 03<\/p>\n<p>Non-profit association according to the law of 1901, recognized as being of public utility by Decree of May 28, 1977.<\/p>\n<h2 id=\"article-2-the-publisher\">Article 2 : THE PUBLISHER<\/h2>\n<p>The editing and direction of the publication of the website <a href=\"https:\/\/museecontrefacon.wordpress.com\">https:\/\/museecontrefacon.wordpress.com<\/a> is ensured by:<\/p>\n<p>Publication directors:<\/p>\n<p>\u2013Sophie Yin<\/p>\n<p>Director of the Museum of Counterfeiting<\/p>\n<h2 id=\"article-3-the-host\">Article 3 : THE HOST<\/h2>\n<p>This website is hosted by Automatic<\/p>\n<p>Automattic, Inc.<\/p>\n<p>60 29th Street #343<\/p>\n<p>San Francisco, CA 94110<\/p>\n<p>United States of America<\/p>\n<p>To contact this host, go to <a href=\"http:\/\/www.wordpress.com\">http:\/\/www.wordpress.com<\/a><\/p>\n<h2 id=\"article-4-access-to-the-site\">Article 4 : ACCESS TO THE SITE<\/h2>\n<p>The site is accessible from any location, 7d\/7, 24h\/24, except in cases of force majeure, scheduled or unscheduled interruptions resulting from the need for maintenance.<\/p>\n<p>In the event of modification, interruption or suspension of the services, the website <a href=\"https:\/\/museecontrefacon.wordpress.com\">https:\/\/museecontrefacon.wordpress.com<\/a> cannot be held responsible.<\/p>\n<h2 id=\"article-5-data-collection\">Article 5 : DATA COLLECTION<\/h2>\n<p>The site ensures to the user a data collection and process in respect of its privacy in accordance with Law No. 78-17 of January 6, 1978 relating to data processing, files and freedoms. Under the Data Protection Act, dated January 6, 1978, the user has the right to access, rectify, delete and oppose their personal data. The user exercises this right by sending a request using the <span style=\"color: #1cb6f7;\">contact form<\/span>.<\/p>\n<h2 id=\"article-6-cookies\">Article 6&nbsp;: Cookies<\/h2>\n<p>The user is informed that during his visits to the website, a cookie may be automatically installed on his browser software. By browsing the site, he accepts them. A cookie is an element which does not identify the user but is used to record information relating to their navigation on the website. The user can deactivate this cookie using the settings in their browser software. <span style=\"font-size: 16.1455px; color: var(--c_body);\">To find out more about managing cookies on our site, go to the explanatory page on the&nbsp;<a href=\"https:\/\/musee-contrefacon.com\/en\/cookies-en\/\">cookie policy<\/a>.<\/span><\/p>\n<p>&nbsp;<\/p>\n<\/div>\n<div>\n<h2 id=\"article-7-intellectual-property\">Article 7 : INTELLECTUAL PROPERTY<\/h2>\n<p>Any use, reproduction, distribution, commercialization, modification of all or part of the website <a href=\"https:\/\/museecontrefacon.wordpress.com\">https:\/\/museecontrefacon.wordpress.com<\/a>, without authorization from the Publisher is prohibited and may result in legal actions and proceedings as provided for in the Code of intellectual property and the Civil Code.<\/p>\n<\/div>\n<\/div>\n<\/div>\n<\/div>\r\n\t\t\t\t<\/div>\r\n\t\t\t\t\t\t\t<\/div>\r\n\r\n\t<\/div>\r\n<\/section>\r\n\r\n","protected":false},"excerpt":{"rendered":"Curabitur non nulla sit amet nisl tempus convallis quis ac lectus. Curabitur arcu erat, accumsan id imperdiet et, porttitor at sem.","protected":false},"author":8,"featured_media":0,"parent":0,"menu_order":0,"comment_status":"closed","ping_status":"closed","template":"","meta":{"_acf_changed":false,"inline_featured_image":false,"footnotes":""},"class_list":["post-7023","page","type-page","status-publish","hentry"],"acf":[],"yoast_head":"<!-- This site is optimized with the Yoast SEO plugin v27.4 - https:\/\/yoast.com\/product\/yoast-seo-wordpress\/ -->\n<title>Mus\u00e9e de la contrefa\u00e7on<\/title>\n<meta name=\"robots\" content=\"index, follow, max-snippet:-1, max-image-preview:large, max-video-preview:-1\" \/>\n<link rel=\"canonical\" href=\"https:\/\/musee-contrefacon.com\/en\/legal-notice\/\" \/>\n<meta property=\"og:locale\" content=\"en_US\" \/>\n<meta property=\"og:type\" content=\"article\" \/>\n<meta property=\"og:title\" content=\"Legal notice - Mus\u00e9e de la contrefa\u00e7on\" \/>\n<meta property=\"og:description\" content=\"Curabitur non nulla sit amet nisl tempus convallis quis ac lectus. Curabitur arcu erat, accumsan id imperdiet et, porttitor at sem.\" \/>\n<meta property=\"og:url\" content=\"https:\/\/musee-contrefacon.com\/en\/legal-notice\/\" \/>\n<meta property=\"og:site_name\" content=\"Mus\u00e9e de la contrefa\u00e7on\" \/>\n<meta property=\"article:modified_time\" content=\"2024-06-17T15:19:39+00:00\" \/>\n<meta name=\"twitter:card\" content=\"summary_large_image\" \/>\n<script type=\"application\/ld+json\" class=\"yoast-schema-graph\">{\"@context\":\"https:\\\/\\\/schema.org\",\"@graph\":[{\"@type\":\"WebPage\",\"@id\":\"https:\\\/\\\/musee-contrefacon.com\\\/en\\\/legal-notice\\\/\",\"url\":\"https:\\\/\\\/musee-contrefacon.com\\\/en\\\/legal-notice\\\/\",\"name\":\"Legal notice - Mus\u00e9e de la contrefa\u00e7on\",\"isPartOf\":{\"@id\":\"https:\\\/\\\/musee-contrefacon.com\\\/en\\\/#website\"},\"datePublished\":\"2023-03-07T11:23:28+00:00\",\"dateModified\":\"2024-06-17T15:19:39+00:00\",\"description\":\"Curabitur non nulla sit amet nisl tempus convallis quis ac lectus. Curabitur arcu erat, accumsan id imperdiet et, porttitor at sem.\",\"breadcrumb\":{\"@id\":\"https:\\\/\\\/musee-contrefacon.com\\\/en\\\/legal-notice\\\/#breadcrumb\"},\"inLanguage\":\"en-US\",\"potentialAction\":[{\"@type\":\"ReadAction\",\"target\":[\"https:\\\/\\\/musee-contrefacon.com\\\/en\\\/legal-notice\\\/\"]}]},{\"@type\":\"BreadcrumbList\",\"@id\":\"https:\\\/\\\/musee-contrefacon.com\\\/en\\\/legal-notice\\\/#breadcrumb\",\"itemListElement\":[{\"@type\":\"ListItem\",\"position\":1,\"name\":\"Accueil\",\"item\":\"https:\\\/\\\/musee-contrefacon.com\\\/en\\\/accueil\\\/\"},{\"@type\":\"ListItem\",\"position\":2,\"name\":\"Legal notice\"}]},{\"@type\":\"WebSite\",\"@id\":\"https:\\\/\\\/musee-contrefacon.com\\\/en\\\/#website\",\"url\":\"https:\\\/\\\/musee-contrefacon.com\\\/en\\\/\",\"name\":\"Mus\u00e9e de la contrefa\u00e7on\",\"description\":\"Le mus\u00e9e de l&#039;Union des Fabricants\",\"publisher\":{\"@id\":\"https:\\\/\\\/musee-contrefacon.com\\\/en\\\/#organization\"},\"potentialAction\":[{\"@type\":\"SearchAction\",\"target\":{\"@type\":\"EntryPoint\",\"urlTemplate\":\"https:\\\/\\\/musee-contrefacon.com\\\/en\\\/?s={search_term_string}\"},\"query-input\":{\"@type\":\"PropertyValueSpecification\",\"valueRequired\":true,\"valueName\":\"search_term_string\"}}],\"inLanguage\":\"en-US\"},{\"@type\":\"Organization\",\"@id\":\"https:\\\/\\\/musee-contrefacon.com\\\/en\\\/#organization\",\"name\":\"Mus\u00e9e de la contrefa\u00e7on\",\"url\":\"https:\\\/\\\/musee-contrefacon.com\\\/en\\\/\",\"logo\":{\"@type\":\"ImageObject\",\"inLanguage\":\"en-US\",\"@id\":\"https:\\\/\\\/musee-contrefacon.com\\\/en\\\/#\\\/schema\\\/logo\\\/image\\\/\",\"url\":\"https:\\\/\\\/musee-contrefacon.com\\\/wp-content\\\/uploads\\\/2023\\\/05\\\/fk_logo_full_rvb.svg\",\"contentUrl\":\"https:\\\/\\\/musee-contrefacon.com\\\/wp-content\\\/uploads\\\/2023\\\/05\\\/fk_logo_full_rvb.svg\",\"caption\":\"Mus\u00e9e de la contrefa\u00e7on\"},\"image\":{\"@id\":\"https:\\\/\\\/musee-contrefacon.com\\\/en\\\/#\\\/schema\\\/logo\\\/image\\\/\"}}]}<\/script>\n<!-- \/ Yoast SEO plugin. -->","yoast_head_json":{"title":"Mus\u00e9e de la contrefa\u00e7on","robots":{"index":"index","follow":"follow","max-snippet":"max-snippet:-1","max-image-preview":"max-image-preview:large","max-video-preview":"max-video-preview:-1"},"canonical":"https:\/\/musee-contrefacon.com\/en\/legal-notice\/","og_locale":"en_US","og_type":"article","og_title":"Legal notice - Mus\u00e9e de la contrefa\u00e7on","og_description":"Curabitur non nulla sit amet nisl tempus convallis quis ac lectus. Curabitur arcu erat, accumsan id imperdiet et, porttitor at sem.","og_url":"https:\/\/musee-contrefacon.com\/en\/legal-notice\/","og_site_name":"Mus\u00e9e de la contrefa\u00e7on","article_modified_time":"2024-06-17T15:19:39+00:00","twitter_card":"summary_large_image","schema":{"@context":"https:\/\/schema.org","@graph":[{"@type":"WebPage","@id":"https:\/\/musee-contrefacon.com\/en\/legal-notice\/","url":"https:\/\/musee-contrefacon.com\/en\/legal-notice\/","name":"Legal notice - Mus\u00e9e de la contrefa\u00e7on","isPartOf":{"@id":"https:\/\/musee-contrefacon.com\/en\/#website"},"datePublished":"2023-03-07T11:23:28+00:00","dateModified":"2024-06-17T15:19:39+00:00","description":"Curabitur non nulla sit amet nisl tempus convallis quis ac lectus. Curabitur arcu erat, accumsan id imperdiet et, porttitor at sem.","breadcrumb":{"@id":"https:\/\/musee-contrefacon.com\/en\/legal-notice\/#breadcrumb"},"inLanguage":"en-US","potentialAction":[{"@type":"ReadAction","target":["https:\/\/musee-contrefacon.com\/en\/legal-notice\/"]}]},{"@type":"BreadcrumbList","@id":"https:\/\/musee-contrefacon.com\/en\/legal-notice\/#breadcrumb","itemListElement":[{"@type":"ListItem","position":1,"name":"Accueil","item":"https:\/\/musee-contrefacon.com\/en\/accueil\/"},{"@type":"ListItem","position":2,"name":"Legal notice"}]},{"@type":"WebSite","@id":"https:\/\/musee-contrefacon.com\/en\/#website","url":"https:\/\/musee-contrefacon.com\/en\/","name":"Mus\u00e9e de la contrefa\u00e7on","description":"Le mus\u00e9e de l&#039;Union des Fabricants","publisher":{"@id":"https:\/\/musee-contrefacon.com\/en\/#organization"},"potentialAction":[{"@type":"SearchAction","target":{"@type":"EntryPoint","urlTemplate":"https:\/\/musee-contrefacon.com\/en\/?s={search_term_string}"},"query-input":{"@type":"PropertyValueSpecification","valueRequired":true,"valueName":"search_term_string"}}],"inLanguage":"en-US"},{"@type":"Organization","@id":"https:\/\/musee-contrefacon.com\/en\/#organization","name":"Mus\u00e9e de la contrefa\u00e7on","url":"https:\/\/musee-contrefacon.com\/en\/","logo":{"@type":"ImageObject","inLanguage":"en-US","@id":"https:\/\/musee-contrefacon.com\/en\/#\/schema\/logo\/image\/","url":"https:\/\/musee-contrefacon.com\/wp-content\/uploads\/2023\/05\/fk_logo_full_rvb.svg","contentUrl":"https:\/\/musee-contrefacon.com\/wp-content\/uploads\/2023\/05\/fk_logo_full_rvb.svg","caption":"Mus\u00e9e de la contrefa\u00e7on"},"image":{"@id":"https:\/\/musee-contrefacon.com\/en\/#\/schema\/logo\/image\/"}}]}},"_links":{"self":[{"href":"https:\/\/musee-contrefacon.com\/en\/wp-json\/wp\/v2\/pages\/7023","targetHints":{"allow":["GET"]}}],"collection":[{"href":"https:\/\/musee-contrefacon.com\/en\/wp-json\/wp\/v2\/pages"}],"about":[{"href":"https:\/\/musee-contrefacon.com\/en\/wp-json\/wp\/v2\/types\/page"}],"author":[{"embeddable":true,"href":"https:\/\/musee-contrefacon.com\/en\/wp-json\/wp\/v2\/users\/8"}],"replies":[{"embeddable":true,"href":"https:\/\/musee-contrefacon.com\/en\/wp-json\/wp\/v2\/comments?post=7023"}],"version-history":[{"count":3,"href":"https:\/\/musee-contrefacon.com\/en\/wp-json\/wp\/v2\/pages\/7023\/revisions"}],"predecessor-version":[{"id":7046,"href":"https:\/\/musee-contrefacon.com\/en\/wp-json\/wp\/v2\/pages\/7023\/revisions\/7046"}],"wp:attachment":[{"href":"https:\/\/musee-contrefacon.com\/en\/wp-json\/wp\/v2\/media?parent=7023"}],"curies":[{"name":"wp","href":"https:\/\/api.w.org\/{rel}","templated":true}]}}