{"id":7031,"date":"2023-03-07T16:09:13","date_gmt":"2023-03-07T15:09:13","guid":{"rendered":"https:\/\/musee-contrefacon.com\/politique-des-cookies\/"},"modified":"2024-06-17T17:18:53","modified_gmt":"2024-06-17T15:18:53","slug":"cookies-en","status":"publish","type":"page","link":"https:\/\/musee-contrefacon.com\/en\/cookies-en\/","title":{"rendered":"Cookies"},"content":{"rendered":"\r\n\r\n<section class=\"b-hero-sm bg-cb\" id='d7b9b55e9a5258c03fd3b80f6815ee16'>\r\n\t<div class=\"o-ctn\">\r\n\t\t<div class=\"b-hero-sm_wrp u-py5\">\r\n\t\t\t<header class=\"b-hero-sm_head\">\r\n\t\t\t\t<h1 class=\"b-hero-sm_ttl\" data-scroll data-scroll-repeat data-scroll-class=\"u-fade-up-1\" class=\"b-hero-sm_ttl\" data-scroll data-scroll-repeat data-scroll-class=\"u-fade-up-1\" id=\"cookies\">Cookies<\/h1>\r\n\t\t\t\t<p class=\"b-hero-sm_subttl\" data-scroll data-scroll-repeat data-scroll-class=\"u-fade-up-2\">Mus\u00e9e de la contrefa\u00e7on<\/p>\t\t\t<\/header>\r\n\t\t<\/div>\r\n\t<\/div>\r\n\t<\/section>\r\n<section class=\"b-breadcrumb\" data-scroll data-scroll-repeat data-scroll-class=\"u-fade\">\r\n\t<div class=\"o-ctn\"><ul class=\"g-crumb\"><\/span><li class='g-crumb_item'><a class=\"g-crumb_link\" href=\"https:\/\/musee-contrefacon.com\/en\/accueil\/\" >Accueil<\/a><\/li><\/span><\/ul><\/div>\r\n<\/section>\r\n\r\n\n\n\r\n\r\n<section class=\"b-tinymce u-py4 bg-cw column1\" id='ad0e9d407b2f680b40feb4f9d3bbf9e8'>\r\n\t<div class=\"o-ctn\" data-scroll data-scroll-repeat data-scroll-class=\"u-fade-up\">\r\n\t\t\r\n\t\t\t\r\n\t\t\t<div class=\"row g-2\">\r\n\t\t\t\t<div class=\"col-lg-9\">\r\n\t\t\t\t\t<div class=\"b-tinymce_txt editor\"><h2 id=\"definition\">DEfinition<\/h2>\n<p>A cookie is a small data file (text file) that a website, when visited by a user, asks your browser to store on your device in order to remember information about you, such as your language preferences or login information. We set these cookies called first-party cookies. We also use third-party cookies, which are cookies from a different domain than the website you are visiting, for our advertising and marketing efforts. More specifically, we use cookies and other tracking technologies.<\/p>\n<h3 id=\"cookies-for-targeted-advertising\">COOKIES FOR TARGETED ADVERTISING<\/h3>\n<p>These cookies may be set within our website by our advertising partners. They may be used by these companies to build a profile of your interests and provide you with relevant adverts on other websites. They do not directly store personal data, but are based on the unique identification of your browser and Internet device. If you do not allow these cookies, your advertising will be less targeted.<\/p>\n<h3 id=\"strictly-necessary-cookies\">STRICTLY NECESSARY COOKIES<\/h3>\n<p>These cookies are necessary for the website to function and cannot be disabled in our systems. They are generally established as a response to actions you have taken that constitute a request for services, such as setting your privacy preferences, logging in or filling out forms. You can configure your browser to block or notify you of the existence of these cookies, but some parts of the website may be affected. These cookies do not store any personally identifying information.<\/p>\n<h3 id=\"solutions-used\">SOLUTION(S) USED<\/h3>\n<p>We use <strong>Piwik PRO Analytics Suite<\/strong> as our website\/app analytics software and consent management tool. We collect data about website visitors using <a href=\"https:\/\/help.piwik.pro\/support\/getting-started\/cookies-created-by-piwik-pro\/\">cookies<\/a>. Information collected may include a visitor&#8217;s IP address, operating system, browser ID, browsing activity, and other information. <a href=\"https:\/\/help.piwik.pro\/support\/getting-started\/what-data-does-piwik-pro-collect\/\">See the extent of data collected by Piwik PRO.<\/a><\/p>\n<p>We calculate metrics like bounce rate, page views, sessions, etc., to understand how our website\/app is used. We may also create visitor profiles based on browsing history to analyze visitor behavior, display personalized content and run online campaigns.<\/p>\n<p>We host our solution on Microsoft Azure in Germany\/Netherlands\/US\/Hong Kong\/ElastX in Sweden, and data is stored for 14\/25 months.<\/p>\n<p>Purpose of data processing: analysis and tracking of conversions based on consent. Legal basis: Art. 6 (1)(a) GDPR.<\/p>\n<p>Piwik PRO does not transmit data concerning you to other subcontractors or third parties and does not use them for its own purposes. To learn more, <a href=\"https:\/\/piwik.pro\/privacy-policy\/?pk_vid=7a805ab187a44df11680180056bffbc1#product\">read the Piwik PRO privacy policy<\/a>.<\/p>\n<\/div>\r\n\t\t\t\t<\/div>\r\n\t\t\t\t\t\t\t<\/div>\r\n\r\n\t<\/div>\r\n<\/section>\r\n\r\n","protected":false},"excerpt":{"rendered":"Curabitur non nulla sit amet nisl tempus convallis quis ac lectus. Curabitur arcu erat, accumsan id imperdiet et, porttitor at sem.","protected":false},"author":8,"featured_media":5419,"parent":0,"menu_order":0,"comment_status":"closed","ping_status":"closed","template":"","meta":{"_acf_changed":false,"inline_featured_image":false,"footnotes":""},"class_list":["post-7031","page","type-page","status-publish","has-post-thumbnail","hentry"],"acf":[],"yoast_head":"<!-- This site is optimized with the Yoast SEO plugin v27.4 - https:\/\/yoast.com\/product\/yoast-seo-wordpress\/ -->\n<title>Mus\u00e9e de la contrefa\u00e7on<\/title>\n<meta name=\"robots\" content=\"index, follow, max-snippet:-1, max-image-preview:large, max-video-preview:-1\" \/>\n<link rel=\"canonical\" href=\"https:\/\/musee-contrefacon.com\/en\/cookies-en\/\" \/>\n<meta property=\"og:locale\" content=\"en_US\" \/>\n<meta property=\"og:type\" content=\"article\" \/>\n<meta property=\"og:title\" content=\"Cookies - Mus\u00e9e de la contrefa\u00e7on\" \/>\n<meta property=\"og:description\" content=\"Curabitur non nulla sit amet nisl tempus convallis quis ac lectus. Curabitur arcu erat, accumsan id imperdiet et, porttitor at sem.\" \/>\n<meta property=\"og:url\" content=\"https:\/\/musee-contrefacon.com\/en\/cookies-en\/\" \/>\n<meta property=\"og:site_name\" content=\"Mus\u00e9e de la contrefa\u00e7on\" \/>\n<meta property=\"article:modified_time\" content=\"2024-06-17T15:18:53+00:00\" \/>\n<meta property=\"og:image\" content=\"https:\/\/musee-contrefacon.com\/wp-content\/uploads\/2023\/03\/hero-02.jpg\" \/>\n\t<meta property=\"og:image:width\" content=\"1920\" \/>\n\t<meta property=\"og:image:height\" content=\"1080\" \/>\n\t<meta property=\"og:image:type\" content=\"image\/jpeg\" \/>\n<meta name=\"twitter:card\" content=\"summary_large_image\" \/>\n<script type=\"application\/ld+json\" class=\"yoast-schema-graph\">{\"@context\":\"https:\\\/\\\/schema.org\",\"@graph\":[{\"@type\":\"WebPage\",\"@id\":\"https:\\\/\\\/musee-contrefacon.com\\\/en\\\/cookies-en\\\/\",\"url\":\"https:\\\/\\\/musee-contrefacon.com\\\/en\\\/cookies-en\\\/\",\"name\":\"Cookies - Mus\u00e9e de la contrefa\u00e7on\",\"isPartOf\":{\"@id\":\"https:\\\/\\\/musee-contrefacon.com\\\/en\\\/#website\"},\"primaryImageOfPage\":{\"@id\":\"https:\\\/\\\/musee-contrefacon.com\\\/en\\\/cookies-en\\\/#primaryimage\"},\"image\":{\"@id\":\"https:\\\/\\\/musee-contrefacon.com\\\/en\\\/cookies-en\\\/#primaryimage\"},\"thumbnailUrl\":\"https:\\\/\\\/musee-contrefacon.com\\\/wp-content\\\/uploads\\\/2023\\\/03\\\/hero-02.jpg\",\"datePublished\":\"2023-03-07T15:09:13+00:00\",\"dateModified\":\"2024-06-17T15:18:53+00:00\",\"description\":\"Curabitur non nulla sit amet nisl tempus convallis quis ac lectus. Curabitur arcu erat, accumsan id imperdiet et, porttitor at sem.\",\"breadcrumb\":{\"@id\":\"https:\\\/\\\/musee-contrefacon.com\\\/en\\\/cookies-en\\\/#breadcrumb\"},\"inLanguage\":\"en-US\",\"potentialAction\":[{\"@type\":\"ReadAction\",\"target\":[\"https:\\\/\\\/musee-contrefacon.com\\\/en\\\/cookies-en\\\/\"]}]},{\"@type\":\"ImageObject\",\"inLanguage\":\"en-US\",\"@id\":\"https:\\\/\\\/musee-contrefacon.com\\\/en\\\/cookies-en\\\/#primaryimage\",\"url\":\"https:\\\/\\\/musee-contrefacon.com\\\/wp-content\\\/uploads\\\/2023\\\/03\\\/hero-02.jpg\",\"contentUrl\":\"https:\\\/\\\/musee-contrefacon.com\\\/wp-content\\\/uploads\\\/2023\\\/03\\\/hero-02.jpg\",\"width\":1920,\"height\":1080},{\"@type\":\"BreadcrumbList\",\"@id\":\"https:\\\/\\\/musee-contrefacon.com\\\/en\\\/cookies-en\\\/#breadcrumb\",\"itemListElement\":[{\"@type\":\"ListItem\",\"position\":1,\"name\":\"Accueil\",\"item\":\"https:\\\/\\\/musee-contrefacon.com\\\/en\\\/accueil\\\/\"},{\"@type\":\"ListItem\",\"position\":2,\"name\":\"Cookies\"}]},{\"@type\":\"WebSite\",\"@id\":\"https:\\\/\\\/musee-contrefacon.com\\\/en\\\/#website\",\"url\":\"https:\\\/\\\/musee-contrefacon.com\\\/en\\\/\",\"name\":\"Mus\u00e9e de la contrefa\u00e7on\",\"description\":\"Le mus\u00e9e de l&#039;Union des Fabricants\",\"publisher\":{\"@id\":\"https:\\\/\\\/musee-contrefacon.com\\\/en\\\/#organization\"},\"potentialAction\":[{\"@type\":\"SearchAction\",\"target\":{\"@type\":\"EntryPoint\",\"urlTemplate\":\"https:\\\/\\\/musee-contrefacon.com\\\/en\\\/?s={search_term_string}\"},\"query-input\":{\"@type\":\"PropertyValueSpecification\",\"valueRequired\":true,\"valueName\":\"search_term_string\"}}],\"inLanguage\":\"en-US\"},{\"@type\":\"Organization\",\"@id\":\"https:\\\/\\\/musee-contrefacon.com\\\/en\\\/#organization\",\"name\":\"Mus\u00e9e de la contrefa\u00e7on\",\"url\":\"https:\\\/\\\/musee-contrefacon.com\\\/en\\\/\",\"logo\":{\"@type\":\"ImageObject\",\"inLanguage\":\"en-US\",\"@id\":\"https:\\\/\\\/musee-contrefacon.com\\\/en\\\/#\\\/schema\\\/logo\\\/image\\\/\",\"url\":\"https:\\\/\\\/musee-contrefacon.com\\\/wp-content\\\/uploads\\\/2023\\\/05\\\/fk_logo_full_rvb.svg\",\"contentUrl\":\"https:\\\/\\\/musee-contrefacon.com\\\/wp-content\\\/uploads\\\/2023\\\/05\\\/fk_logo_full_rvb.svg\",\"caption\":\"Mus\u00e9e de la contrefa\u00e7on\"},\"image\":{\"@id\":\"https:\\\/\\\/musee-contrefacon.com\\\/en\\\/#\\\/schema\\\/logo\\\/image\\\/\"}}]}<\/script>\n<!-- \/ Yoast SEO plugin. -->","yoast_head_json":{"title":"Mus\u00e9e de la contrefa\u00e7on","robots":{"index":"index","follow":"follow","max-snippet":"max-snippet:-1","max-image-preview":"max-image-preview:large","max-video-preview":"max-video-preview:-1"},"canonical":"https:\/\/musee-contrefacon.com\/en\/cookies-en\/","og_locale":"en_US","og_type":"article","og_title":"Cookies - Mus\u00e9e de la contrefa\u00e7on","og_description":"Curabitur non nulla sit amet nisl tempus convallis quis ac lectus. Curabitur arcu erat, accumsan id imperdiet et, porttitor at sem.","og_url":"https:\/\/musee-contrefacon.com\/en\/cookies-en\/","og_site_name":"Mus\u00e9e de la contrefa\u00e7on","article_modified_time":"2024-06-17T15:18:53+00:00","og_image":[{"width":1920,"height":1080,"url":"https:\/\/musee-contrefacon.com\/wp-content\/uploads\/2023\/03\/hero-02.jpg","type":"image\/jpeg"}],"twitter_card":"summary_large_image","schema":{"@context":"https:\/\/schema.org","@graph":[{"@type":"WebPage","@id":"https:\/\/musee-contrefacon.com\/en\/cookies-en\/","url":"https:\/\/musee-contrefacon.com\/en\/cookies-en\/","name":"Cookies - Mus\u00e9e de la contrefa\u00e7on","isPartOf":{"@id":"https:\/\/musee-contrefacon.com\/en\/#website"},"primaryImageOfPage":{"@id":"https:\/\/musee-contrefacon.com\/en\/cookies-en\/#primaryimage"},"image":{"@id":"https:\/\/musee-contrefacon.com\/en\/cookies-en\/#primaryimage"},"thumbnailUrl":"https:\/\/musee-contrefacon.com\/wp-content\/uploads\/2023\/03\/hero-02.jpg","datePublished":"2023-03-07T15:09:13+00:00","dateModified":"2024-06-17T15:18:53+00:00","description":"Curabitur non nulla sit amet nisl tempus convallis quis ac lectus. Curabitur arcu erat, accumsan id imperdiet et, porttitor at sem.","breadcrumb":{"@id":"https:\/\/musee-contrefacon.com\/en\/cookies-en\/#breadcrumb"},"inLanguage":"en-US","potentialAction":[{"@type":"ReadAction","target":["https:\/\/musee-contrefacon.com\/en\/cookies-en\/"]}]},{"@type":"ImageObject","inLanguage":"en-US","@id":"https:\/\/musee-contrefacon.com\/en\/cookies-en\/#primaryimage","url":"https:\/\/musee-contrefacon.com\/wp-content\/uploads\/2023\/03\/hero-02.jpg","contentUrl":"https:\/\/musee-contrefacon.com\/wp-content\/uploads\/2023\/03\/hero-02.jpg","width":1920,"height":1080},{"@type":"BreadcrumbList","@id":"https:\/\/musee-contrefacon.com\/en\/cookies-en\/#breadcrumb","itemListElement":[{"@type":"ListItem","position":1,"name":"Accueil","item":"https:\/\/musee-contrefacon.com\/en\/accueil\/"},{"@type":"ListItem","position":2,"name":"Cookies"}]},{"@type":"WebSite","@id":"https:\/\/musee-contrefacon.com\/en\/#website","url":"https:\/\/musee-contrefacon.com\/en\/","name":"Mus\u00e9e de la contrefa\u00e7on","description":"Le mus\u00e9e de l&#039;Union des Fabricants","publisher":{"@id":"https:\/\/musee-contrefacon.com\/en\/#organization"},"potentialAction":[{"@type":"SearchAction","target":{"@type":"EntryPoint","urlTemplate":"https:\/\/musee-contrefacon.com\/en\/?s={search_term_string}"},"query-input":{"@type":"PropertyValueSpecification","valueRequired":true,"valueName":"search_term_string"}}],"inLanguage":"en-US"},{"@type":"Organization","@id":"https:\/\/musee-contrefacon.com\/en\/#organization","name":"Mus\u00e9e de la contrefa\u00e7on","url":"https:\/\/musee-contrefacon.com\/en\/","logo":{"@type":"ImageObject","inLanguage":"en-US","@id":"https:\/\/musee-contrefacon.com\/en\/#\/schema\/logo\/image\/","url":"https:\/\/musee-contrefacon.com\/wp-content\/uploads\/2023\/05\/fk_logo_full_rvb.svg","contentUrl":"https:\/\/musee-contrefacon.com\/wp-content\/uploads\/2023\/05\/fk_logo_full_rvb.svg","caption":"Mus\u00e9e de la contrefa\u00e7on"},"image":{"@id":"https:\/\/musee-contrefacon.com\/en\/#\/schema\/logo\/image\/"}}]}},"_links":{"self":[{"href":"https:\/\/musee-contrefacon.com\/en\/wp-json\/wp\/v2\/pages\/7031","targetHints":{"allow":["GET"]}}],"collection":[{"href":"https:\/\/musee-contrefacon.com\/en\/wp-json\/wp\/v2\/pages"}],"about":[{"href":"https:\/\/musee-contrefacon.com\/en\/wp-json\/wp\/v2\/types\/page"}],"author":[{"embeddable":true,"href":"https:\/\/musee-contrefacon.com\/en\/wp-json\/wp\/v2\/users\/8"}],"replies":[{"embeddable":true,"href":"https:\/\/musee-contrefacon.com\/en\/wp-json\/wp\/v2\/comments?post=7031"}],"version-history":[{"count":2,"href":"https:\/\/musee-contrefacon.com\/en\/wp-json\/wp\/v2\/pages\/7031\/revisions"}],"predecessor-version":[{"id":7044,"href":"https:\/\/musee-contrefacon.com\/en\/wp-json\/wp\/v2\/pages\/7031\/revisions\/7044"}],"wp:featuredmedia":[{"embeddable":true,"href":"https:\/\/musee-contrefacon.com\/en\/wp-json\/wp\/v2\/media\/5419"}],"wp:attachment":[{"href":"https:\/\/musee-contrefacon.com\/en\/wp-json\/wp\/v2\/media?parent=7031"}],"curies":[{"name":"wp","href":"https:\/\/api.w.org\/{rel}","templated":true}]}}