{"id":4150,"date":"2024-02-22T21:45:52","date_gmt":"2024-02-22T20:45:52","guid":{"rendered":"https:\/\/musee-contrefacon.com\/\/\/?post_type=product&#038;p=4150"},"modified":"2026-04-23T16:39:30","modified_gmt":"2026-04-23T14:39:30","slug":"visite-conference","status":"publish","type":"product","link":"https:\/\/musee-contrefacon.com\/en\/billetterie\/visite-conference\/","title":{"rendered":"Visite Conf\u00e9rence"},"content":{"rendered":"<p>Ce format de visite propose une pr\u00e9sentation g\u00e9n\u00e9rale du mus\u00e9e et des multiples facettes de la contrefa\u00e7on, incluant les aspects historiques et le faux en art. Sur simple demande pr\u00e9alable, le propos pourra \u00eatre approfondi sur divers sujets : luxe, art, g\u00e9opolitique, technologie, etc.<\/p>\n<p>Dur\u00e9e : 1h30 min<\/p>\n<h4 id=\"prix\">Prix<\/h4>\n<p>Forfait conf\u00e9rencier \u00e0 99 euros + 4,40 euros par participant.<\/p>\n<p>Pour l\u2019enseignement sup\u00e9rieur : 1 accompagnateur gratuit par groupe<\/p>\n","protected":false},"excerpt":{"rendered":"Ce format de visite propose une pr\u00e9sentation g\u00e9n\u00e9rale du mus\u00e9e et des multiples facettes de la contrefa\u00e7on, incluant les aspects historiques et le faux en art. Sur simple demande pr\u00e9alable, le propos pourra \u00eatre approfondi sur divers sujets : luxe, art, g\u00e9opolitique, technologie, etc.\r\n\r\nDur\u00e9e : 1h30 min\r\n<h4 id=\"prix\">Prix<\/h4>\r\nForfait conf\u00e9rencier \u00e0 99 euros + 4,40 euros par participant.\r\n\r\nPour l\u2019enseignement sup\u00e9rieur : 1 accompagnateur gratuit par groupe","protected":false},"featured_media":4137,"template":"","meta":{"_acf_changed":false,"inline_featured_image":false},"product_brand":[],"product_cat":[112],"product_tag":[],"class_list":{"0":"post-4150","1":"product","2":"type-product","3":"status-publish","4":"has-post-thumbnail","6":"product_cat-entreprise-association","8":"first","9":"instock","10":"virtual","11":"sold-individually","12":"taxable","13":"purchasable","14":"product-type-booking"},"acf":[],"yoast_head":"<!-- This site is optimized with the Yoast SEO plugin v27.4 - https:\/\/yoast.com\/product\/yoast-seo-wordpress\/ -->\n<title>Mus\u00e9e de la contrefa\u00e7on<\/title>\n<meta name=\"robots\" content=\"index, follow, max-snippet:-1, max-image-preview:large, max-video-preview:-1\" \/>\n<link rel=\"canonical\" href=\"https:\/\/musee-contrefacon.com\/en\/billetterie\/visite-conference\/\" \/>\n<meta property=\"og:locale\" content=\"en_US\" \/>\n<meta property=\"og:type\" content=\"article\" \/>\n<meta property=\"og:title\" content=\"Visite Conf\u00e9rence - Mus\u00e9e de la contrefa\u00e7on\" \/>\n<meta property=\"og:description\" content=\"Ce format de visite propose une pr\u00e9sentation g\u00e9n\u00e9rale du mus\u00e9e et des multiples facettes de la contrefa\u00e7on, incluant les aspects historiques et le faux en art. Sur simple demande pr\u00e9alable, le propos pourra \u00eatre approfondi sur divers sujets : luxe, art, g\u00e9opolitique, technologie, etc.  Dur\u00e9e : 1h30 min Prix Forfait conf\u00e9rencier \u00e0 99 euros + 4,40 euros par participant.  Pour l\u2019enseignement sup\u00e9rieur : 1 accompagnateur gratuit par groupe\" \/>\n<meta property=\"og:url\" content=\"https:\/\/musee-contrefacon.com\/en\/billetterie\/visite-conference\/\" \/>\n<meta property=\"og:site_name\" content=\"Mus\u00e9e de la contrefa\u00e7on\" \/>\n<meta property=\"article:modified_time\" content=\"2026-04-23T14:39:30+00:00\" \/>\n<meta property=\"og:image\" content=\"https:\/\/musee-contrefacon.com\/wp-content\/uploads\/2024\/02\/image00011.jpeg\" \/>\n\t<meta property=\"og:image:width\" content=\"1440\" \/>\n\t<meta property=\"og:image:height\" content=\"1920\" \/>\n\t<meta property=\"og:image:type\" content=\"image\/jpeg\" \/>\n<meta name=\"twitter:card\" content=\"summary_large_image\" \/>\n<script type=\"application\/ld+json\" class=\"yoast-schema-graph\">{\"@context\":\"https:\\\/\\\/schema.org\",\"@graph\":[{\"@type\":\"WebPage\",\"@id\":\"https:\\\/\\\/musee-contrefacon.com\\\/en\\\/billetterie\\\/visite-conference\\\/\",\"url\":\"https:\\\/\\\/musee-contrefacon.com\\\/en\\\/billetterie\\\/visite-conference\\\/\",\"name\":\"Visite Conf\u00e9rence - Mus\u00e9e de la contrefa\u00e7on\",\"isPartOf\":{\"@id\":\"https:\\\/\\\/musee-contrefacon.com\\\/en\\\/#website\"},\"primaryImageOfPage\":{\"@id\":\"https:\\\/\\\/musee-contrefacon.com\\\/en\\\/billetterie\\\/visite-conference\\\/#primaryimage\"},\"image\":{\"@id\":\"https:\\\/\\\/musee-contrefacon.com\\\/en\\\/billetterie\\\/visite-conference\\\/#primaryimage\"},\"thumbnailUrl\":\"https:\\\/\\\/musee-contrefacon.com\\\/wp-content\\\/uploads\\\/2024\\\/02\\\/image00011.jpeg\",\"datePublished\":\"2024-02-22T20:45:52+00:00\",\"dateModified\":\"2026-04-23T14:39:30+00:00\",\"breadcrumb\":{\"@id\":\"https:\\\/\\\/musee-contrefacon.com\\\/en\\\/billetterie\\\/visite-conference\\\/#breadcrumb\"},\"inLanguage\":\"en-US\",\"potentialAction\":[{\"@type\":\"ReadAction\",\"target\":[\"https:\\\/\\\/musee-contrefacon.com\\\/en\\\/billetterie\\\/visite-conference\\\/\"]}]},{\"@type\":\"ImageObject\",\"inLanguage\":\"en-US\",\"@id\":\"https:\\\/\\\/musee-contrefacon.com\\\/en\\\/billetterie\\\/visite-conference\\\/#primaryimage\",\"url\":\"https:\\\/\\\/musee-contrefacon.com\\\/wp-content\\\/uploads\\\/2024\\\/02\\\/image00011.jpeg\",\"contentUrl\":\"https:\\\/\\\/musee-contrefacon.com\\\/wp-content\\\/uploads\\\/2024\\\/02\\\/image00011.jpeg\",\"width\":1440,\"height\":1920},{\"@type\":\"BreadcrumbList\",\"@id\":\"https:\\\/\\\/musee-contrefacon.com\\\/en\\\/billetterie\\\/visite-conference\\\/#breadcrumb\",\"itemListElement\":[{\"@type\":\"ListItem\",\"position\":1,\"name\":\"Accueil\",\"item\":\"https:\\\/\\\/musee-contrefacon.com\\\/en\\\/accueil\\\/\"},{\"@type\":\"ListItem\",\"position\":2,\"name\":\"Visite Conf\u00e9rence\"}]},{\"@type\":\"WebSite\",\"@id\":\"https:\\\/\\\/musee-contrefacon.com\\\/en\\\/#website\",\"url\":\"https:\\\/\\\/musee-contrefacon.com\\\/en\\\/\",\"name\":\"Mus\u00e9e de la contrefa\u00e7on\",\"description\":\"Le mus\u00e9e de l&#039;Union des Fabricants\",\"publisher\":{\"@id\":\"https:\\\/\\\/musee-contrefacon.com\\\/en\\\/#organization\"},\"potentialAction\":[{\"@type\":\"SearchAction\",\"target\":{\"@type\":\"EntryPoint\",\"urlTemplate\":\"https:\\\/\\\/musee-contrefacon.com\\\/en\\\/?s={search_term_string}\"},\"query-input\":{\"@type\":\"PropertyValueSpecification\",\"valueRequired\":true,\"valueName\":\"search_term_string\"}}],\"inLanguage\":\"en-US\"},{\"@type\":\"Organization\",\"@id\":\"https:\\\/\\\/musee-contrefacon.com\\\/en\\\/#organization\",\"name\":\"Mus\u00e9e de la contrefa\u00e7on\",\"url\":\"https:\\\/\\\/musee-contrefacon.com\\\/en\\\/\",\"logo\":{\"@type\":\"ImageObject\",\"inLanguage\":\"en-US\",\"@id\":\"https:\\\/\\\/musee-contrefacon.com\\\/en\\\/#\\\/schema\\\/logo\\\/image\\\/\",\"url\":\"https:\\\/\\\/musee-contrefacon.com\\\/wp-content\\\/uploads\\\/2023\\\/05\\\/fk_logo_full_rvb.svg\",\"contentUrl\":\"https:\\\/\\\/musee-contrefacon.com\\\/wp-content\\\/uploads\\\/2023\\\/05\\\/fk_logo_full_rvb.svg\",\"caption\":\"Mus\u00e9e de la contrefa\u00e7on\"},\"image\":{\"@id\":\"https:\\\/\\\/musee-contrefacon.com\\\/en\\\/#\\\/schema\\\/logo\\\/image\\\/\"}}]}<\/script>\n<!-- \/ Yoast SEO plugin. -->","yoast_head_json":{"title":"Mus\u00e9e de la contrefa\u00e7on","robots":{"index":"index","follow":"follow","max-snippet":"max-snippet:-1","max-image-preview":"max-image-preview:large","max-video-preview":"max-video-preview:-1"},"canonical":"https:\/\/musee-contrefacon.com\/en\/billetterie\/visite-conference\/","og_locale":"en_US","og_type":"article","og_title":"Visite Conf\u00e9rence - Mus\u00e9e de la contrefa\u00e7on","og_description":"Ce format de visite propose une pr\u00e9sentation g\u00e9n\u00e9rale du mus\u00e9e et des multiples facettes de la contrefa\u00e7on, incluant les aspects historiques et le faux en art. Sur simple demande pr\u00e9alable, le propos pourra \u00eatre approfondi sur divers sujets : luxe, art, g\u00e9opolitique, technologie, etc.  Dur\u00e9e : 1h30 min Prix Forfait conf\u00e9rencier \u00e0 99 euros + 4,40 euros par participant.  Pour l\u2019enseignement sup\u00e9rieur : 1 accompagnateur gratuit par groupe","og_url":"https:\/\/musee-contrefacon.com\/en\/billetterie\/visite-conference\/","og_site_name":"Mus\u00e9e de la contrefa\u00e7on","article_modified_time":"2026-04-23T14:39:30+00:00","og_image":[{"width":1440,"height":1920,"url":"https:\/\/musee-contrefacon.com\/wp-content\/uploads\/2024\/02\/image00011.jpeg","type":"image\/jpeg"}],"twitter_card":"summary_large_image","schema":{"@context":"https:\/\/schema.org","@graph":[{"@type":"WebPage","@id":"https:\/\/musee-contrefacon.com\/en\/billetterie\/visite-conference\/","url":"https:\/\/musee-contrefacon.com\/en\/billetterie\/visite-conference\/","name":"Visite Conf\u00e9rence - Mus\u00e9e de la contrefa\u00e7on","isPartOf":{"@id":"https:\/\/musee-contrefacon.com\/en\/#website"},"primaryImageOfPage":{"@id":"https:\/\/musee-contrefacon.com\/en\/billetterie\/visite-conference\/#primaryimage"},"image":{"@id":"https:\/\/musee-contrefacon.com\/en\/billetterie\/visite-conference\/#primaryimage"},"thumbnailUrl":"https:\/\/musee-contrefacon.com\/wp-content\/uploads\/2024\/02\/image00011.jpeg","datePublished":"2024-02-22T20:45:52+00:00","dateModified":"2026-04-23T14:39:30+00:00","breadcrumb":{"@id":"https:\/\/musee-contrefacon.com\/en\/billetterie\/visite-conference\/#breadcrumb"},"inLanguage":"en-US","potentialAction":[{"@type":"ReadAction","target":["https:\/\/musee-contrefacon.com\/en\/billetterie\/visite-conference\/"]}]},{"@type":"ImageObject","inLanguage":"en-US","@id":"https:\/\/musee-contrefacon.com\/en\/billetterie\/visite-conference\/#primaryimage","url":"https:\/\/musee-contrefacon.com\/wp-content\/uploads\/2024\/02\/image00011.jpeg","contentUrl":"https:\/\/musee-contrefacon.com\/wp-content\/uploads\/2024\/02\/image00011.jpeg","width":1440,"height":1920},{"@type":"BreadcrumbList","@id":"https:\/\/musee-contrefacon.com\/en\/billetterie\/visite-conference\/#breadcrumb","itemListElement":[{"@type":"ListItem","position":1,"name":"Accueil","item":"https:\/\/musee-contrefacon.com\/en\/accueil\/"},{"@type":"ListItem","position":2,"name":"Visite Conf\u00e9rence"}]},{"@type":"WebSite","@id":"https:\/\/musee-contrefacon.com\/en\/#website","url":"https:\/\/musee-contrefacon.com\/en\/","name":"Mus\u00e9e de la contrefa\u00e7on","description":"Le mus\u00e9e de l&#039;Union des Fabricants","publisher":{"@id":"https:\/\/musee-contrefacon.com\/en\/#organization"},"potentialAction":[{"@type":"SearchAction","target":{"@type":"EntryPoint","urlTemplate":"https:\/\/musee-contrefacon.com\/en\/?s={search_term_string}"},"query-input":{"@type":"PropertyValueSpecification","valueRequired":true,"valueName":"search_term_string"}}],"inLanguage":"en-US"},{"@type":"Organization","@id":"https:\/\/musee-contrefacon.com\/en\/#organization","name":"Mus\u00e9e de la contrefa\u00e7on","url":"https:\/\/musee-contrefacon.com\/en\/","logo":{"@type":"ImageObject","inLanguage":"en-US","@id":"https:\/\/musee-contrefacon.com\/en\/#\/schema\/logo\/image\/","url":"https:\/\/musee-contrefacon.com\/wp-content\/uploads\/2023\/05\/fk_logo_full_rvb.svg","contentUrl":"https:\/\/musee-contrefacon.com\/wp-content\/uploads\/2023\/05\/fk_logo_full_rvb.svg","caption":"Mus\u00e9e de la contrefa\u00e7on"},"image":{"@id":"https:\/\/musee-contrefacon.com\/en\/#\/schema\/logo\/image\/"}}]}},"_links":{"self":[{"href":"https:\/\/musee-contrefacon.com\/en\/wp-json\/wp\/v2\/product\/4150","targetHints":{"allow":["GET"]}}],"collection":[{"href":"https:\/\/musee-contrefacon.com\/en\/wp-json\/wp\/v2\/product"}],"about":[{"href":"https:\/\/musee-contrefacon.com\/en\/wp-json\/wp\/v2\/types\/product"}],"wp:featuredmedia":[{"embeddable":true,"href":"https:\/\/musee-contrefacon.com\/en\/wp-json\/wp\/v2\/media\/4137"}],"wp:attachment":[{"href":"https:\/\/musee-contrefacon.com\/en\/wp-json\/wp\/v2\/media?parent=4150"}],"wp:term":[{"taxonomy":"product_brand","embeddable":true,"href":"https:\/\/musee-contrefacon.com\/en\/wp-json\/wp\/v2\/product_brand?post=4150"},{"taxonomy":"product_cat","embeddable":true,"href":"https:\/\/musee-contrefacon.com\/en\/wp-json\/wp\/v2\/product_cat?post=4150"},{"taxonomy":"product_tag","embeddable":true,"href":"https:\/\/musee-contrefacon.com\/en\/wp-json\/wp\/v2\/product_tag?post=4150"}],"curies":[{"name":"wp","href":"https:\/\/api.w.org\/{rel}","templated":true}]}}