{"id":4153,"date":"2024-02-22T21:56:47","date_gmt":"2024-02-22T20:56:47","guid":{"rendered":"https:\/\/musee-contrefacon.com\/\/\/?post_type=product&#038;p=4153"},"modified":"2026-04-23T16:40:44","modified_gmt":"2026-04-23T14:40:44","slug":"visite-guidee","status":"publish","type":"product","link":"https:\/\/musee-contrefacon.com\/en\/billetterie\/visite-guidee\/","title":{"rendered":"Visite Guid\u00e9e"},"content":{"rendered":"<p>Ce format de visite guid\u00e9e aborde tous les aspects de la contrefa\u00e7on industrielle, de la question juridique \u00e0 la question de son identification, en passant par ses dangers et les moyens de la combattre. Sur simple demande pr\u00e9alable, le propos pourra \u00eatre renforc\u00e9 sur un th\u00e8me sp\u00e9cifique.<\/p>\n<p>Dur\u00e9e : 60 min<\/p>\n<h4 id=\"prix\">Prix<\/h4>\n<p>Forfait conf\u00e9rencier \u00e0 82,50 euros + 4,40 euros par participant.<\/p>\n<p><em>Pour les classes de coll\u00e8ges\/lyc\u00e9es : 1 accompagnateur gratuit par tranche de 10 \u00e9l\u00e8ves<\/em><\/p>\n","protected":false},"excerpt":{"rendered":"Ce format de visite guid\u00e9e aborde tous les aspects de la contrefa\u00e7on industrielle, de la question juridique \u00e0 la question de son identification, en passant par ses dangers et les moyens de la combattre. Sur simple demande pr\u00e9alable, le propos pourra \u00eatre renforc\u00e9 sur un th\u00e8me sp\u00e9cifique.\r\n\r\nDur\u00e9e : 60 min\r\n<h4 id=\"prix\">Prix<\/h4>\r\nForfait conf\u00e9rencier \u00e0 82,50 euros + 4,40 euros par participant.\r\n\r\n<em>Pour les classes de coll\u00e8ges\/lyc\u00e9es : 1 accompagnateur gratuit par tranche de 10 \u00e9l\u00e8ves<\/em>","protected":false},"featured_media":4128,"template":"","meta":{"_acf_changed":false,"inline_featured_image":false},"product_brand":[],"product_cat":[112],"product_tag":[],"class_list":{"0":"post-4153","1":"product","2":"type-product","3":"status-publish","4":"has-post-thumbnail","6":"product_cat-entreprise-association","8":"first","9":"instock","10":"virtual","11":"sold-individually","12":"taxable","13":"purchasable","14":"product-type-booking"},"acf":[],"yoast_head":"<!-- This site is optimized with the Yoast SEO plugin v27.4 - https:\/\/yoast.com\/product\/yoast-seo-wordpress\/ -->\n<title>Mus\u00e9e de la contrefa\u00e7on<\/title>\n<meta name=\"robots\" content=\"index, follow, max-snippet:-1, max-image-preview:large, max-video-preview:-1\" \/>\n<link rel=\"canonical\" href=\"https:\/\/musee-contrefacon.com\/en\/billetterie\/visite-guidee\/\" \/>\n<meta property=\"og:locale\" content=\"en_US\" \/>\n<meta property=\"og:type\" content=\"article\" \/>\n<meta property=\"og:title\" content=\"Visite Guid\u00e9e - Mus\u00e9e de la contrefa\u00e7on\" \/>\n<meta property=\"og:description\" content=\"Ce format de visite guid\u00e9e aborde tous les aspects de la contrefa\u00e7on industrielle, de la question juridique \u00e0 la question de son identification, en passant par ses dangers et les moyens de la combattre. Sur simple demande pr\u00e9alable, le propos pourra \u00eatre renforc\u00e9 sur un th\u00e8me sp\u00e9cifique.  Dur\u00e9e : 60 min Prix Forfait conf\u00e9rencier \u00e0 82,50 euros + 4,40 euros par participant.  Pour les classes de coll\u00e8ges\/lyc\u00e9es : 1 accompagnateur gratuit par tranche de 10 \u00e9l\u00e8ves\" \/>\n<meta property=\"og:url\" content=\"https:\/\/musee-contrefacon.com\/en\/billetterie\/visite-guidee\/\" \/>\n<meta property=\"og:site_name\" content=\"Mus\u00e9e de la contrefa\u00e7on\" \/>\n<meta property=\"article:modified_time\" content=\"2026-04-23T14:40:44+00:00\" \/>\n<meta property=\"og:image\" content=\"https:\/\/musee-contrefacon.com\/wp-content\/uploads\/2024\/02\/musee_unifab_photo_visite_guidee2-min.jpg\" \/>\n\t<meta property=\"og:image:width\" content=\"1920\" \/>\n\t<meta property=\"og:image:height\" content=\"1440\" \/>\n\t<meta property=\"og:image:type\" content=\"image\/jpeg\" \/>\n<meta name=\"twitter:card\" content=\"summary_large_image\" \/>\n<script type=\"application\/ld+json\" class=\"yoast-schema-graph\">{\"@context\":\"https:\\\/\\\/schema.org\",\"@graph\":[{\"@type\":\"WebPage\",\"@id\":\"https:\\\/\\\/musee-contrefacon.com\\\/en\\\/billetterie\\\/visite-guidee\\\/\",\"url\":\"https:\\\/\\\/musee-contrefacon.com\\\/en\\\/billetterie\\\/visite-guidee\\\/\",\"name\":\"Visite Guid\u00e9e - Mus\u00e9e de la contrefa\u00e7on\",\"isPartOf\":{\"@id\":\"https:\\\/\\\/musee-contrefacon.com\\\/en\\\/#website\"},\"primaryImageOfPage\":{\"@id\":\"https:\\\/\\\/musee-contrefacon.com\\\/en\\\/billetterie\\\/visite-guidee\\\/#primaryimage\"},\"image\":{\"@id\":\"https:\\\/\\\/musee-contrefacon.com\\\/en\\\/billetterie\\\/visite-guidee\\\/#primaryimage\"},\"thumbnailUrl\":\"https:\\\/\\\/musee-contrefacon.com\\\/wp-content\\\/uploads\\\/2024\\\/02\\\/musee_unifab_photo_visite_guidee2-min.jpg\",\"datePublished\":\"2024-02-22T20:56:47+00:00\",\"dateModified\":\"2026-04-23T14:40:44+00:00\",\"breadcrumb\":{\"@id\":\"https:\\\/\\\/musee-contrefacon.com\\\/en\\\/billetterie\\\/visite-guidee\\\/#breadcrumb\"},\"inLanguage\":\"en-US\",\"potentialAction\":[{\"@type\":\"ReadAction\",\"target\":[\"https:\\\/\\\/musee-contrefacon.com\\\/en\\\/billetterie\\\/visite-guidee\\\/\"]}]},{\"@type\":\"ImageObject\",\"inLanguage\":\"en-US\",\"@id\":\"https:\\\/\\\/musee-contrefacon.com\\\/en\\\/billetterie\\\/visite-guidee\\\/#primaryimage\",\"url\":\"https:\\\/\\\/musee-contrefacon.com\\\/wp-content\\\/uploads\\\/2024\\\/02\\\/musee_unifab_photo_visite_guidee2-min.jpg\",\"contentUrl\":\"https:\\\/\\\/musee-contrefacon.com\\\/wp-content\\\/uploads\\\/2024\\\/02\\\/musee_unifab_photo_visite_guidee2-min.jpg\",\"width\":1920,\"height\":1440},{\"@type\":\"BreadcrumbList\",\"@id\":\"https:\\\/\\\/musee-contrefacon.com\\\/en\\\/billetterie\\\/visite-guidee\\\/#breadcrumb\",\"itemListElement\":[{\"@type\":\"ListItem\",\"position\":1,\"name\":\"Accueil\",\"item\":\"https:\\\/\\\/musee-contrefacon.com\\\/en\\\/accueil\\\/\"},{\"@type\":\"ListItem\",\"position\":2,\"name\":\"Visite Guid\u00e9e\"}]},{\"@type\":\"WebSite\",\"@id\":\"https:\\\/\\\/musee-contrefacon.com\\\/en\\\/#website\",\"url\":\"https:\\\/\\\/musee-contrefacon.com\\\/en\\\/\",\"name\":\"Mus\u00e9e de la contrefa\u00e7on\",\"description\":\"Le mus\u00e9e de l&#039;Union des Fabricants\",\"publisher\":{\"@id\":\"https:\\\/\\\/musee-contrefacon.com\\\/en\\\/#organization\"},\"potentialAction\":[{\"@type\":\"SearchAction\",\"target\":{\"@type\":\"EntryPoint\",\"urlTemplate\":\"https:\\\/\\\/musee-contrefacon.com\\\/en\\\/?s={search_term_string}\"},\"query-input\":{\"@type\":\"PropertyValueSpecification\",\"valueRequired\":true,\"valueName\":\"search_term_string\"}}],\"inLanguage\":\"en-US\"},{\"@type\":\"Organization\",\"@id\":\"https:\\\/\\\/musee-contrefacon.com\\\/en\\\/#organization\",\"name\":\"Mus\u00e9e de la contrefa\u00e7on\",\"url\":\"https:\\\/\\\/musee-contrefacon.com\\\/en\\\/\",\"logo\":{\"@type\":\"ImageObject\",\"inLanguage\":\"en-US\",\"@id\":\"https:\\\/\\\/musee-contrefacon.com\\\/en\\\/#\\\/schema\\\/logo\\\/image\\\/\",\"url\":\"https:\\\/\\\/musee-contrefacon.com\\\/wp-content\\\/uploads\\\/2023\\\/05\\\/fk_logo_full_rvb.svg\",\"contentUrl\":\"https:\\\/\\\/musee-contrefacon.com\\\/wp-content\\\/uploads\\\/2023\\\/05\\\/fk_logo_full_rvb.svg\",\"caption\":\"Mus\u00e9e de la contrefa\u00e7on\"},\"image\":{\"@id\":\"https:\\\/\\\/musee-contrefacon.com\\\/en\\\/#\\\/schema\\\/logo\\\/image\\\/\"}}]}<\/script>\n<!-- \/ Yoast SEO plugin. -->","yoast_head_json":{"title":"Mus\u00e9e de la contrefa\u00e7on","robots":{"index":"index","follow":"follow","max-snippet":"max-snippet:-1","max-image-preview":"max-image-preview:large","max-video-preview":"max-video-preview:-1"},"canonical":"https:\/\/musee-contrefacon.com\/en\/billetterie\/visite-guidee\/","og_locale":"en_US","og_type":"article","og_title":"Visite Guid\u00e9e - Mus\u00e9e de la contrefa\u00e7on","og_description":"Ce format de visite guid\u00e9e aborde tous les aspects de la contrefa\u00e7on industrielle, de la question juridique \u00e0 la question de son identification, en passant par ses dangers et les moyens de la combattre. Sur simple demande pr\u00e9alable, le propos pourra \u00eatre renforc\u00e9 sur un th\u00e8me sp\u00e9cifique.  Dur\u00e9e : 60 min Prix Forfait conf\u00e9rencier \u00e0 82,50 euros + 4,40 euros par participant.  Pour les classes de coll\u00e8ges\/lyc\u00e9es : 1 accompagnateur gratuit par tranche de 10 \u00e9l\u00e8ves","og_url":"https:\/\/musee-contrefacon.com\/en\/billetterie\/visite-guidee\/","og_site_name":"Mus\u00e9e de la contrefa\u00e7on","article_modified_time":"2026-04-23T14:40:44+00:00","og_image":[{"width":1920,"height":1440,"url":"https:\/\/musee-contrefacon.com\/wp-content\/uploads\/2024\/02\/musee_unifab_photo_visite_guidee2-min.jpg","type":"image\/jpeg"}],"twitter_card":"summary_large_image","schema":{"@context":"https:\/\/schema.org","@graph":[{"@type":"WebPage","@id":"https:\/\/musee-contrefacon.com\/en\/billetterie\/visite-guidee\/","url":"https:\/\/musee-contrefacon.com\/en\/billetterie\/visite-guidee\/","name":"Visite Guid\u00e9e - Mus\u00e9e de la contrefa\u00e7on","isPartOf":{"@id":"https:\/\/musee-contrefacon.com\/en\/#website"},"primaryImageOfPage":{"@id":"https:\/\/musee-contrefacon.com\/en\/billetterie\/visite-guidee\/#primaryimage"},"image":{"@id":"https:\/\/musee-contrefacon.com\/en\/billetterie\/visite-guidee\/#primaryimage"},"thumbnailUrl":"https:\/\/musee-contrefacon.com\/wp-content\/uploads\/2024\/02\/musee_unifab_photo_visite_guidee2-min.jpg","datePublished":"2024-02-22T20:56:47+00:00","dateModified":"2026-04-23T14:40:44+00:00","breadcrumb":{"@id":"https:\/\/musee-contrefacon.com\/en\/billetterie\/visite-guidee\/#breadcrumb"},"inLanguage":"en-US","potentialAction":[{"@type":"ReadAction","target":["https:\/\/musee-contrefacon.com\/en\/billetterie\/visite-guidee\/"]}]},{"@type":"ImageObject","inLanguage":"en-US","@id":"https:\/\/musee-contrefacon.com\/en\/billetterie\/visite-guidee\/#primaryimage","url":"https:\/\/musee-contrefacon.com\/wp-content\/uploads\/2024\/02\/musee_unifab_photo_visite_guidee2-min.jpg","contentUrl":"https:\/\/musee-contrefacon.com\/wp-content\/uploads\/2024\/02\/musee_unifab_photo_visite_guidee2-min.jpg","width":1920,"height":1440},{"@type":"BreadcrumbList","@id":"https:\/\/musee-contrefacon.com\/en\/billetterie\/visite-guidee\/#breadcrumb","itemListElement":[{"@type":"ListItem","position":1,"name":"Accueil","item":"https:\/\/musee-contrefacon.com\/en\/accueil\/"},{"@type":"ListItem","position":2,"name":"Visite Guid\u00e9e"}]},{"@type":"WebSite","@id":"https:\/\/musee-contrefacon.com\/en\/#website","url":"https:\/\/musee-contrefacon.com\/en\/","name":"Mus\u00e9e de la contrefa\u00e7on","description":"Le mus\u00e9e de l&#039;Union des Fabricants","publisher":{"@id":"https:\/\/musee-contrefacon.com\/en\/#organization"},"potentialAction":[{"@type":"SearchAction","target":{"@type":"EntryPoint","urlTemplate":"https:\/\/musee-contrefacon.com\/en\/?s={search_term_string}"},"query-input":{"@type":"PropertyValueSpecification","valueRequired":true,"valueName":"search_term_string"}}],"inLanguage":"en-US"},{"@type":"Organization","@id":"https:\/\/musee-contrefacon.com\/en\/#organization","name":"Mus\u00e9e de la contrefa\u00e7on","url":"https:\/\/musee-contrefacon.com\/en\/","logo":{"@type":"ImageObject","inLanguage":"en-US","@id":"https:\/\/musee-contrefacon.com\/en\/#\/schema\/logo\/image\/","url":"https:\/\/musee-contrefacon.com\/wp-content\/uploads\/2023\/05\/fk_logo_full_rvb.svg","contentUrl":"https:\/\/musee-contrefacon.com\/wp-content\/uploads\/2023\/05\/fk_logo_full_rvb.svg","caption":"Mus\u00e9e de la contrefa\u00e7on"},"image":{"@id":"https:\/\/musee-contrefacon.com\/en\/#\/schema\/logo\/image\/"}}]}},"_links":{"self":[{"href":"https:\/\/musee-contrefacon.com\/en\/wp-json\/wp\/v2\/product\/4153","targetHints":{"allow":["GET"]}}],"collection":[{"href":"https:\/\/musee-contrefacon.com\/en\/wp-json\/wp\/v2\/product"}],"about":[{"href":"https:\/\/musee-contrefacon.com\/en\/wp-json\/wp\/v2\/types\/product"}],"wp:featuredmedia":[{"embeddable":true,"href":"https:\/\/musee-contrefacon.com\/en\/wp-json\/wp\/v2\/media\/4128"}],"wp:attachment":[{"href":"https:\/\/musee-contrefacon.com\/en\/wp-json\/wp\/v2\/media?parent=4153"}],"wp:term":[{"taxonomy":"product_brand","embeddable":true,"href":"https:\/\/musee-contrefacon.com\/en\/wp-json\/wp\/v2\/product_brand?post=4153"},{"taxonomy":"product_cat","embeddable":true,"href":"https:\/\/musee-contrefacon.com\/en\/wp-json\/wp\/v2\/product_cat?post=4153"},{"taxonomy":"product_tag","embeddable":true,"href":"https:\/\/musee-contrefacon.com\/en\/wp-json\/wp\/v2\/product_tag?post=4153"}],"curies":[{"name":"wp","href":"https:\/\/api.w.org\/{rel}","templated":true}]}}